{"id":1586,"date":"2018-09-04T13:40:24","date_gmt":"2018-09-04T12:40:24","guid":{"rendered":"https:\/\/tienda.ismet.es\/index.php\/producto\/metodo-hinaishin-agujas-intradrmicas\/"},"modified":"2026-02-09T14:27:30","modified_gmt":"2026-02-09T13:27:30","slug":"metodo-hinaishin-agujas-intradrmicas","status":"publish","type":"product","link":"https:\/\/tienda.ismet.es\/index.php\/producto\/metodo-hinaishin-agujas-intradrmicas\/","title":{"rendered":"&#8211; M\u00e9todo Hinaishin, agujas intrad\u00e9rmicas contra el dolor y puntos gatillo acupuntura Trigger"},"content":{"rendered":"[vc_row][vc_column][vc_video link=&#8221;https:\/\/youtu.be\/KJM828q_SVw&#8221;][vc_column_text]\n<hr \/>\n<div class=\"woocommerce-product-details__short-description\">\n<h4>Objetivos<\/h4>\n<p>Capacitar al profesional o alumno de las terapias manuales, con el conocimiento y aplicaci\u00f3n de la estimulaci\u00f3n acupuntural y la localizaci\u00f3n de los puntos gatillo m\u00e1s habituales.<\/p>\n<hr \/>\n<h4>Programa del Curso<\/h4>\n<p><strong>HINAISHIN <\/strong><br \/>\nDefinici\u00f3n. Direcci\u00f3n, fijaci\u00f3n, inserci\u00f3n, inmovilizaci\u00f3n. Aplicaci\u00f3n y localizaci\u00f3n de los puntos Ashi. Tratamiento y su periodicidad. Cuidados generales. Casos pr\u00e1cticos. La aguja permanente en los puntos de acupuntura. Los puntos Shu y los puntos Mu (Yu-Mo). Los puntos Xi hendidura. Los puntos Hi- mar o de influencia. Los puntos de Shu- antiguo. Tratamiento de algunas enfermedades: Hernias discales, S\u00edndrome de Bi, Asma, anemia, Hepato y esplenomegalia, Apendicitis cr\u00f3nica, Cervicalgia, Secuelas del Herpes Zoster, Neuralgias, Cicatriz dolorosa postoperatoria, Epicondilitis, Epitrocleitis, Afecciones ginecol\u00f3gicas, Estre\u00f1imiento, Ulcus, Colitis.<\/p>\n<p><strong>PUNTOS GATILLO<\/strong><br \/>\nDescripci\u00f3n de los puntos gatillo. \u201cEl dolor referido\u201d. Estimulaci\u00f3n acupuntural superficial y profunda de los puntos gatillo miofasciales. T\u00e9cnica de Hong. T\u00e9cnica de Gunn. Tratamiento coadyuvante en dorsolumbalgias, cervicalgias, lesiones deportivas, tendinopatias, artrosis, lesiones de hombro y dolor de cabeza; cuando localizamos los puntos gatillo desencadenantes o perpetuados en estas dolencias.<\/p>\n<hr \/>\n[\/vc_column_text][\/vc_column][\/vc_row]\n<\/div>\n","protected":false},"excerpt":{"rendered":"<p>Modalidad presencial. <span style=\"color: #7f7dd1;\" data-darkreader-inline-color=\"\"><strong><br \/>\nMi\u00e9rcoles 4, 11, 18 y 25 de marzo 2026.<br \/>\nDe 15:30 a 19:30 horas. Total: 16 horas lectivas.<br \/>\nIncluye 6h. en Agujas Hinaishin + 10 h. en puntos Gatillo (Acupuntura Trigger).<\/strong><\/span><\/p>\n<p>&nbsp;<\/p>\n<hr \/>\n<p><strong>Precio Total: <\/strong> 195\u20ac. Modalidad de pago: Reserva de plaza (50\u20ac) + 145\u20ac, a abonar el primer d\u00eda de curso en efectivo o tarjeta, en Secretar\u00eda.<\/p>\n<hr \/>\n<p>Uso de agujas intrad\u00e9rmicas contra el dolor, llamadas permanentes o Akebane y puntos gatillo acupuntura Trigger. (<a href=\"#tab-description\">Ver m\u00e1s informaci\u00f3n<\/a>)<\/p>\n","protected":false},"featured_media":31712,"comment_status":"open","ping_status":"closed","template":"","meta":{"_joinchat":[]},"product_brand":[],"product_cat":[617,90,89,98,179,196],"product_tag":[320,625,626,624,774,334,825],"class_list":{"0":"post-1586","1":"product","2":"type-product","3":"status-publish","4":"has-post-thumbnail","6":"product_cat-imagenes-profesores","7":"product_cat-medicina-china-y-acupuntura","8":"product_cat-terapias-manuales","9":"product_cat-cursos","10":"product_cat-cursos-presenciales","11":"product_cat-presencial-marzo","12":"product_tag-acupuntura","13":"product_tag-acupuntura-trigger","14":"product_tag-agujas-intradermicas","15":"product_tag-hinaishin","16":"product_tag-metodo-hinaishin","17":"product_tag-mtc","18":"product_tag-puntos-gatillo","20":"first","21":"instock","22":"virtual","23":"purchasable","24":"product-type-simple"},"_links":{"self":[{"href":"https:\/\/tienda.ismet.es\/index.php\/wp-json\/wp\/v2\/product\/1586","targetHints":{"allow":["GET"]}}],"collection":[{"href":"https:\/\/tienda.ismet.es\/index.php\/wp-json\/wp\/v2\/product"}],"about":[{"href":"https:\/\/tienda.ismet.es\/index.php\/wp-json\/wp\/v2\/types\/product"}],"replies":[{"embeddable":true,"href":"https:\/\/tienda.ismet.es\/index.php\/wp-json\/wp\/v2\/comments?post=1586"}],"wp:featuredmedia":[{"embeddable":true,"href":"https:\/\/tienda.ismet.es\/index.php\/wp-json\/wp\/v2\/media\/31712"}],"wp:attachment":[{"href":"https:\/\/tienda.ismet.es\/index.php\/wp-json\/wp\/v2\/media?parent=1586"}],"wp:term":[{"taxonomy":"product_brand","embeddable":true,"href":"https:\/\/tienda.ismet.es\/index.php\/wp-json\/wp\/v2\/product_brand?post=1586"},{"taxonomy":"product_cat","embeddable":true,"href":"https:\/\/tienda.ismet.es\/index.php\/wp-json\/wp\/v2\/product_cat?post=1586"},{"taxonomy":"product_tag","embeddable":true,"href":"https:\/\/tienda.ismet.es\/index.php\/wp-json\/wp\/v2\/product_tag?post=1586"}],"curies":[{"name":"wp","href":"https:\/\/api.w.org\/{rel}","templated":true}]}}