{"id":1577,"date":"2018-09-04T13:40:22","date_gmt":"2018-09-04T12:40:22","guid":{"rendered":"https:\/\/tienda.ismet.es\/index.php\/producto\/moxibustin\/"},"modified":"2026-02-25T10:10:39","modified_gmt":"2026-02-25T09:10:39","slug":"moxibustin","status":"publish","type":"product","link":"https:\/\/tienda.ismet.es\/index.php\/producto\/moxibustin\/","title":{"rendered":"&#8211; Moxibusti\u00f3n para el tratamiento del dolor y enfermedades"},"content":{"rendered":"[vc_row][vc_column][vc_video link=&#8221;https:\/\/www.youtube.com\/embed\/MhFPO4yRdbQ&#8221;][vc_column_text]\n<div class=\"woocommerce-product-details__short-description\">\n<hr \/>\n<p>\u00bfQU\u00c9 ES LA MOXIBUSTI\u00d3N?<br \/>\nLa Moxibusti\u00f3n es una terapia cuya t\u00e9cnica consiste en utilizar cierta materia combustible como la Artemisa para calentar un punto elegido o el lugar afectado del cuerpo. La estimulaci\u00f3n del calor regula el equilibrio de las funciones del cuerpo humano llevando a la prevenci\u00f3n y tratamiento de las enfermedades. Esta disciplina es muy popular en China y Jap\u00f3n, para aliviar diversos tipos de dolor y combatir padecimientos cr\u00f3nicos como la artritis. Es una terapia simple y eficaz que se puede practicar por cualquier persona.<\/p>\n<p>VENTAJAS DE LA MOXIBUSTI\u00d3N<br \/>\nTiene efecto analg\u00e9sico (dolor articular y reuma)<br \/>\nAumentan el sistema inmunitario.<br \/>\nEliminaci\u00f3n sobre todo fr\u00edo y humedad.<br \/>\nMejora la circulaci\u00f3n de sangre.<br \/>\nEstimula la energ\u00eda corporal.<br \/>\nEstimula el metabolismo.<br \/>\nRegula el aparato digestivo.<br \/>\nEs desintoxicante.<br \/>\nPor estas acciones trata muchas enfermedades.<\/p>\n<hr \/>\n<p><!--\n\n\n<h4>Impartido por: Alfonso Delgado<\/h4>\n\n\nLicenciado en Medicina Tradicional China. Natur\u00f3pata y Home\u00f3pata. T\u00e9cnico Superior en Diet\u00e9tica--><\/p>\n[\/vc_column_text][\/vc_column][\/vc_row]\n<\/div>\n","protected":false},"excerpt":{"rendered":"<p>Modalidad presencial. <span style=\"color: #7f7dd1;\"><strong><br \/>\nMi\u00e9rcoles 15 de julio 2026.<br \/>\nDe 9:30 a 14h y de 15:30 a 19h.<\/strong><\/span><\/p>\n<hr \/>\n<p><strong>Precio Total: <\/strong> 165\u20ac. Reserva: 50\u20ac (a abonar en el momento de formalizar tu inscripci\u00f3n) + 115\u20ac, a abonar el d\u00eda del curso, en efectivo o tarjeta.<\/p>\n<hr \/>\n<p>La Moxibusti\u00f3n es una terapia que consiste en utilizar materia combustible para calentar un punto elegido o el lugar afectado del cuerpo. La estimulaci\u00f3n del calor regula el equilibrio de las funciones del cuerpo humano llevando a la prevenci\u00f3n y alivio de enfermedades. (<a href=\"#tab-description\">Ver m\u00e1s informaci\u00f3n<\/a>)<\/p>\n","protected":false},"featured_media":24004,"comment_status":"open","ping_status":"closed","template":"","meta":{"_joinchat":[]},"product_brand":[],"product_cat":[617,90,98,179,200],"product_tag":[321,734,475,439,334,864],"class_list":{"0":"post-1577","1":"product","2":"type-product","3":"status-publish","4":"has-post-thumbnail","6":"product_cat-imagenes-profesores","7":"product_cat-medicina-china-y-acupuntura","8":"product_cat-cursos","9":"product_cat-cursos-presenciales","10":"product_cat-presencial-julio","11":"product_tag-alfonso-delgado","12":"product_tag-enfermedades","13":"product_tag-moxa","14":"product_tag-moxibustion","15":"product_tag-mtc","16":"product_tag-tratamiento-del-dolor","17":"pa_ediciones-edicion-diciembre","18":"pa_ediciones-edicion-abril","20":"first","21":"instock","22":"purchasable","23":"product-type-simple"},"_links":{"self":[{"href":"https:\/\/tienda.ismet.es\/index.php\/wp-json\/wp\/v2\/product\/1577","targetHints":{"allow":["GET"]}}],"collection":[{"href":"https:\/\/tienda.ismet.es\/index.php\/wp-json\/wp\/v2\/product"}],"about":[{"href":"https:\/\/tienda.ismet.es\/index.php\/wp-json\/wp\/v2\/types\/product"}],"replies":[{"embeddable":true,"href":"https:\/\/tienda.ismet.es\/index.php\/wp-json\/wp\/v2\/comments?post=1577"}],"wp:featuredmedia":[{"embeddable":true,"href":"https:\/\/tienda.ismet.es\/index.php\/wp-json\/wp\/v2\/media\/24004"}],"wp:attachment":[{"href":"https:\/\/tienda.ismet.es\/index.php\/wp-json\/wp\/v2\/media?parent=1577"}],"wp:term":[{"taxonomy":"product_brand","embeddable":true,"href":"https:\/\/tienda.ismet.es\/index.php\/wp-json\/wp\/v2\/product_brand?post=1577"},{"taxonomy":"product_cat","embeddable":true,"href":"https:\/\/tienda.ismet.es\/index.php\/wp-json\/wp\/v2\/product_cat?post=1577"},{"taxonomy":"product_tag","embeddable":true,"href":"https:\/\/tienda.ismet.es\/index.php\/wp-json\/wp\/v2\/product_tag?post=1577"}],"curies":[{"name":"wp","href":"https:\/\/api.w.org\/{rel}","templated":true}]}}