{"id":1571,"date":"2018-09-04T13:40:21","date_gmt":"2018-09-04T12:40:21","guid":{"rendered":"https:\/\/tienda.ismet.es\/index.php\/producto\/termiterapia-japonesa\/"},"modified":"2025-05-07T13:44:30","modified_gmt":"2025-05-07T12:44:30","slug":"termiterapia-japonesa","status":"publish","type":"product","link":"https:\/\/tienda.ismet.es\/index.php\/producto\/termiterapia-japonesa\/","title":{"rendered":"&#8211; Termiterapia Japonesa: moxibusti\u00f3n, aromaterapia y shiatsu"},"content":{"rendered":"[vc_row][vc_column][vc_video link=&#8221;https:\/\/www.youtube.com\/embed\/6aZ3iTt-fJ4&#8243;][vc_column_text]\n<div class=\"woocommerce-product-details__short-description\">\n<p>&nbsp;<\/p>\n<hr \/>\n<p>BENEFICIOS DE LA TERMITERAPIA<br \/>\nEl Dr. Sumishige Hayashi, director del Colegio de M\u00e9dicos de Tokio, mencion\u00f3 la Termiterapia en un contexto relacionado con sus efectos en enfermedades psicosom\u00e1ticas, Hayashi destac\u00f3 que:<br \/>\n\u00abLa combinaci\u00f3n de los est\u00edmulos de fricci\u00f3n y calor de la Thermiterapia resulta muy efectiva en el tratamiento de enfermedades psicosom\u00e1ticas. El aroma que se desprende en la Thermiterapia mejora los sentimientos de irritabilidad\u00bb.<\/p>\n<p>\ud83c\udf3f Mejora la circulaci\u00f3n arterio-venosa.<br \/>\nActiva el metabolismo celular.<br \/>\n\ud83c\udf3f En las zonas doloridas tiene efecto analg\u00e9sico, efecto calor.<br \/>\n\ud83c\udf3f Una estimulaci\u00f3n fuerte va aumentando el ritmo card\u00edaco y acelera suavemente la respiraci\u00f3n, esto reduce la cantidad de CO2 en los alv\u00e9olos pulmonares.<br \/>\n\ud83c\udf3f Una estimulaci\u00f3n suave aumenta la vermiculaci\u00f3n intestinal \u201cperistaltismo\u201d.<br \/>\n\ud83c\udf3f Mejora la microcirculaci\u00f3n y el flujo linf\u00e1tico, debido a la mejora de la microcirculaci\u00f3n se neutraliza la acidosis del tejido, efectos analg\u00e9sicos.<br \/>\n\ud83c\udf3f La acci\u00f3n coordinada entre los nervios aut\u00f3nomos y la secreci\u00f3n hormonal se intensifica por el mantenimiento de la homeostasis.<br \/>\n\ud83c\udf3f Se incrementa la fagocitosis de los leucocitos.<br \/>\nTratamiento en profundidad de los puntos gatillo.<\/p>\n<div><\/div>\n<hr \/>\n<h4>Programa del curso<\/h4>\n<ul>\n<li>Elementos de la Thermiterapia y accesorios.<\/li>\n<li>Instrucciones de uso, conservaci\u00f3n y limpieza.<\/li>\n<li>Manejo del aparato.<\/li>\n<li>Aplicaciones y m\u00e9todo.<\/li>\n<li>Duraci\u00f3n del tratamiento.<\/li>\n<li>Tratamiento b\u00e1sico.<\/li>\n<li>Diferenciaci\u00f3n de t\u00e9cnicas de aplicaci\u00f3n.<\/li>\n<li>Puntos b\u00e1sicos del sistema SAWADA.<\/li>\n<li>Diferentes tratamientos para el vacio de Yang, hipertensi\u00f3n, problemas intestinales.<\/li>\n<li>Problemas de hombro, tratamiento sintom\u00e1tico articular-tendinoso.<\/li>\n<li>Puntos para ayudar en desordenes ginecol\u00f3gicos<\/li>\n<\/ul>\n<hr \/>\n<p><!--\n\n\n<h4>Impartido por: Miguel L\u00f3pez Alarc\u00f3n<\/h4>\n\n\nShiatsu terapeuta y en t\u00e9cnicas japonesas- Diplomado en MTCH (Acupuntura) y terapias tradicionales chinas. D.A.P de COFENAT.\n--><br \/>\n[\/vc_column_text][\/vc_column][\/vc_row]\n<\/div>\n","protected":false},"excerpt":{"rendered":"<p>Modalidad presencial. <span style=\"color: #7f7dd1;\" data-darkreader-inline-color=\"\"><strong><br \/>\nprogramando fechas&#8230;<br \/>\n<\/strong><\/span><\/p>\n<hr \/>\n<p><strong>Precio Total: <\/strong>184\u20ac. Se abonar\u00e1 de la siguiente manera: Reserva plaza: 50\u20ac, y 134\u20ac restantes se abonar\u00e1n el 1er d\u00eda del curso, antes de empezar, en efectivo o tarjeta. Plazas limitadas.<\/p>\n<hr \/>\n<p>Tratamiento de moxibusti\u00f3n seg\u00fan las ense\u00f1anzas del Dr. Ito. (<a href=\"#tab-description\">Ver m\u00e1s informaci\u00f3n<\/a>)<\/p>\n","protected":false},"featured_media":21215,"comment_status":"open","ping_status":"closed","template":"","meta":{"_joinchat":[]},"product_brand":[],"product_cat":[617,89,98,179],"product_tag":[908,475,439,440,437,438,441],"class_list":{"0":"post-1571","1":"product","2":"type-product","3":"status-publish","4":"has-post-thumbnail","6":"product_cat-imagenes-profesores","7":"product_cat-terapias-manuales","8":"product_cat-cursos","9":"product_cat-cursos-presenciales","10":"product_tag-masaje-japones","11":"product_tag-moxa","12":"product_tag-moxibustion","13":"product_tag-shiatsu","14":"product_tag-termi","15":"product_tag-termiterapia","16":"product_tag-termiterapia-japonesa","17":"pa_ediciones-edicion-febrero","18":"pa_ediciones-edicion-marzo","20":"first","21":"outofstock","22":"purchasable","23":"product-type-simple"},"_links":{"self":[{"href":"https:\/\/tienda.ismet.es\/index.php\/wp-json\/wp\/v2\/product\/1571","targetHints":{"allow":["GET"]}}],"collection":[{"href":"https:\/\/tienda.ismet.es\/index.php\/wp-json\/wp\/v2\/product"}],"about":[{"href":"https:\/\/tienda.ismet.es\/index.php\/wp-json\/wp\/v2\/types\/product"}],"replies":[{"embeddable":true,"href":"https:\/\/tienda.ismet.es\/index.php\/wp-json\/wp\/v2\/comments?post=1571"}],"wp:featuredmedia":[{"embeddable":true,"href":"https:\/\/tienda.ismet.es\/index.php\/wp-json\/wp\/v2\/media\/21215"}],"wp:attachment":[{"href":"https:\/\/tienda.ismet.es\/index.php\/wp-json\/wp\/v2\/media?parent=1571"}],"wp:term":[{"taxonomy":"product_brand","embeddable":true,"href":"https:\/\/tienda.ismet.es\/index.php\/wp-json\/wp\/v2\/product_brand?post=1571"},{"taxonomy":"product_cat","embeddable":true,"href":"https:\/\/tienda.ismet.es\/index.php\/wp-json\/wp\/v2\/product_cat?post=1571"},{"taxonomy":"product_tag","embeddable":true,"href":"https:\/\/tienda.ismet.es\/index.php\/wp-json\/wp\/v2\/product_tag?post=1571"}],"curies":[{"name":"wp","href":"https:\/\/api.w.org\/{rel}","templated":true}]}}