{"id":1566,"date":"2018-09-04T13:40:21","date_gmt":"2018-09-04T12:40:21","guid":{"rendered":"https:\/\/tienda.ismet.es\/index.php\/producto\/ortomolecular-en-sobrepeso-obesidad-y-sndrome-metablico\/"},"modified":"2026-03-11T13:05:58","modified_gmt":"2026-03-11T12:05:58","slug":"ortomolecular-en-sobrepeso-obesidad-y-sndrome-metablico","status":"publish","type":"product","link":"https:\/\/tienda.ismet.es\/index.php\/producto\/ortomolecular-en-sobrepeso-obesidad-y-sndrome-metablico\/","title":{"rendered":"&#8211; Nutrici\u00f3n y suplementaci\u00f3n en sobrepeso, obesidad y s\u00edndrome metab\u00f3lico"},"content":{"rendered":"[vc_row][vc_column][vc_video link=&#8221;https:\/\/youtu.be\/tBA9ChZQAB8&#8243;][vc_column_text]\n<hr \/>\n<div class=\"woocommerce-product-details__short-description\">\n<p>Actualmente en Espa\u00f1a se puede afirmar que existen un 13,4% de obesos y hay una tasa de 19,3% de sobrepeso. La obesidad es prevalente en mujeres mientras que el sobrepeso es prevalente en hombres. En este curso se trabajar\u00e1n los conocimientos que nos permiten de una manera definitiva dar con las claves que permiten la p\u00e9rdida de peso y el mantenimiento de una masa muscular adecuada para cada tipolog\u00eda de persona, ya que la individualizaci\u00f3n es otra de las condiciones del \u00e9xito en estos tratamientos. En lo que respecta al S\u00edndrome Metab\u00f3lico, la Revista Espa\u00f1ola de Cardiolog\u00eda ya indicaba en 2012 que afectaba al 32% de mujeres y al 31% de hombres adultos. A dicho s\u00edndrome se a\u00f1aden importantes alteraciones cardiovasculares, raz\u00f3n por la que hay que que tener en cuenta un abordaje de la hipertensi\u00f3n, los triglic\u00e9ridos, el colesterol y la resistencia a la insulina.<\/p>\n<hr \/>\n<h4>Objetivos<\/h4>\n<p class=\"curso\">El objetivo principal del curso es el de conocer a fondo estas patolog\u00edas y sus principales entresijos para llevar a cabo tratamientos exitosos desde un enfoque con criterio naturista.<\/p>\n<ul>\n<li class=\"curso\">A trav\u00e9s del curso los participantes se capacitar\u00e1n para:Saber utilizar de manera pr\u00e1ctica las mediciones m\u00e1s efectivas para una valoraci\u00f3n de las mencionadas patolog\u00edas: c\u00e1lculo del IMC (\u00cdndice de Masa Corporal), Porcentaje de Grasa Corporal, Cociente Cintura-Cadera, F\u00f3rmula de Lorentz, Ecuaci\u00f3n de Deurenberg, T\u00e9cnica del pliegue cut\u00e1neo, etc.)<\/li>\n<li class=\"curso\">Conocer los valores de las principales anal\u00edticas sangu\u00edneas en relaci\u00f3n a estos casos.<\/li>\n<li class=\"curso\">Desvelar \u201cLos secretos de la p\u00e9rdida de peso\u201d. Ahora sabemos por ejemplo que \u00a1la grasa quema m\u00fasculo!\u2026 o que nuestro peso depende directamente de la flora intestinal\u2026<\/li>\n<li class=\"curso\">Abordar estas patolog\u00edas desde las Terapias Naturales: Nutrici\u00f3n, Suplementaci\u00f3n, Fitoterapia, Homeopat\u00eda, Oligoterapia, Biosales, Ejercicio f\u00edsico, Control del estr\u00e9s, etc. Para este abordaje se proceder\u00e1 a discernir entre los diversos tratamientos desde las diferentes tipolog\u00edas de sobrepeso\/obesidad que se presentan habitualmente en consulta (obesidades lipog\u00e9nicas y obesidades endocrinas). Se presentar\u00e1n los preparados comerciales m\u00e1s actualizados y efectivos.<br \/>\nTambi\u00e9n se explicar\u00e1n los tratamientos que realiza la medicina convencional valorando el binomio riesgo\/beneficio.<\/li>\n<li class=\"curso\">Aplicar dietoterapia efectiva en los diversos casos con variadas dietas semanales espec\u00edficas.<\/li>\n<li class=\"curso\">Acceder a una nutrida y detallada Bibliograf\u00eda y Webgraf\u00eda que le permitir\u00e1 profundizar a\u00fan m\u00e1s en esta tem\u00e1tica para alcanzar la excelencia en sus tratamientos.<\/li>\n<\/ul>\n<\/div>\n<hr \/>\n<h4>Programa del Curso<\/h4>\n<p>Obesidad como puerta de entrada a la enfermedad (alteraciones cardiovasculares, hep\u00e1ticas, oncol\u00f3gicas, digestivas, osteoarticulares, respiratorias, etc.).<br \/>\nEpidemiolog\u00eda de Sobrepeso y Obesidad Conceptos y precisiones (sobrepeso, obesidad, s\u00edndrome metab\u00f3lico, celulitis,\u2026).<br \/>\nMedidas de sobrepeso y obesidad (IMC, Grasa Corporal, Cintura-Cadera, F\u00f3rmula de Lorentz, Ecuaci\u00f3n de Deurenberg, T\u00e9cnica del pliegue cut\u00e1neo,\u2026).<br \/>\nMecanismos neuroendocrinos (hormonas, neurotransmisores, estr\u00e9s, etc.).<br \/>\nAnal\u00edticas Convencionales (glucemia, tiroides, cortisol, colesterol, triglic\u00e9ridos, etc.).<br \/>\nTratamientos Convencionales (f\u00e1rmacos anorex\u00edgenos, inhibidores de las grasas, termog\u00e9nicos, cirug\u00eda de est\u00f3mago,\u2026).<br \/>\nTratamiento de Criterio Naturista (dieta, ejercicio f\u00edsico, suplementos, actitud mental,\u2026)<br \/>\nLos secretos de la p\u00e9rdida de peso (\u00a1La grasa quema m\u00fasculo!, el papel de la flora intestinal, depresi\u00f3n y problemas sexuales, el sue\u00f1o, disruptores endocrinos, la carne y el az\u00facar, Zn, Mg, Cr, L-carnitina, \u00e1cidos grasos, la fibra, los multinutrientes, los antioxidantes, la actividad f\u00edsica, la actitud mental, etc.).<br \/>\nTipolog\u00edas de Obesidad:<br \/>\n\u2022 Suplementaci\u00f3n en Obesidad Lipog\u00e9nica, tratamientos espec\u00edficos: Obesidad lipog\u00e9nica por apetito, ansiedad y bulimia. Obesidad lipog\u00e9nica por acci\u00f3n del estr\u00e9s. Obesidad lipog\u00e9nica por deficiencia pancre\u00e1tica.<br \/>\n\u2022 Suplementaci\u00f3n en Obesidad Endocrina, tratamientos espec\u00edficos: Obesidad endocrina de origen hormonal.<br \/>\nObesidad endocrina por problemas circulatorios.<br \/>\nObesidad endocrina por baja actividad metab\u00f3lica.<br \/>\nRecomendaciones homeop\u00e1ticas.<br \/>\nS\u00edndrome Metab\u00f3lico y Tratamiento<br \/>\n\u2022 Prevalencia y etiolog\u00eda.<br \/>\n\u2022 An\u00e1lisis y diagn\u00f3stico.<br \/>\n\u2022 Signos y s\u00edntomas.<br \/>\n\u2022 Tratamiento Convencional.<br \/>\n\u2022 Tratamiento de Criterio Naturista.<br \/>\nDietas de Tratamiento (Mixta, Disociada, Cetog\u00e9nica\u2026)<br \/>\nAnexos.<br \/>\nBibliograf\u00eda y accesos telem\u00e1ticos recomendados.<\/p>\n<hr \/>\n<p><!--\n\n\n<h4>Impartido por: Enric Ser<\/h4>\n\n\nDiplomado en Terapias Naturales (Universidad Aut\u00f3noma de Barcelona y por el Real centro Universitario Reina M\u00aa Cristina de Madrid) Dr. in Naturopathy por la American University of Natural Medic (Florida\/EUA). T\u00e9cnica Higienista por Nature et Vie (Lorient-France). Profesor titular del \u00e1rea de Terapia Ortomolecular en ISMET. Profesor colaborador en diversos cursos Posgrado de la Escuela Universitaria de Ciencias de la Salud de Vic (Barcelona) y de la Escuela de Enfermer\u00eda Gimbernat (Sant Cugat-Barcelona) Autor de diversos libros ya publicados de Terapia Biol\u00f3gica e Historia de la Medicina y ex-colaborador de distintas publicaciones del sector (Cuerpomente, Vital, Vivir con salud, Diet\u00e9tica y salud) Premio Nacional de Investigaci\u00f3n Educativa del Ministerio de Educaci\u00f3n y Ciencia.-->[\/vc_column_text][\/vc_column][\/vc_row]\n","protected":false},"excerpt":{"rendered":"<p>Modalidad online.<span style=\"color: #7f7dd1;\" data-darkreader-inline-color=\"\"><strong><br \/>\n\u2022 Del 2 al 31 de marzo 2026.<br \/>\n\u2022 Del 1 al 30 de abril 2026.<br \/>\n\u2022 Del 4 al 31 de mayo 2026.<br \/>\n\u2022 Del 1 al 30 de junio 2026.<br \/>\n\u2022 Del 1 al 30 de julio 2026.<br \/>\n<\/strong><\/span><\/p>\n<hr \/>\n<p>En este curso se trabajar\u00e1n los conocimientos que nos permiten de una manera definitiva dar con las claves que permiten de manera efectiva la p\u00e9rdida de peso&#8230; (<a href=\"#tab-description\">Ver m\u00e1s informaci\u00f3n<\/a>)<\/p>\n","protected":false},"featured_media":12280,"comment_status":"open","ping_status":"closed","template":"","meta":{"_joinchat":[]},"product_brand":[],"product_cat":[223,617,82,184,98,180,201,205,202,203,204],"product_tag":[565,219,328,876,332,847,740],"class_list":{"0":"post-1566","1":"product","2":"type-product","3":"status-publish","4":"has-post-thumbnail","6":"product_cat-black-friday","7":"product_cat-imagenes-profesores","8":"product_cat-naturopatia","9":"product_cat-alimentacion-saludable","10":"product_cat-cursos","11":"product_cat-online","12":"product_cat-online-marzo","13":"product_cat-online-abril","14":"product_cat-online-mayo","15":"product_cat-online-junio","16":"product_cat-online-julio","17":"product_tag-complementacion-nutricional","18":"product_tag-enric-ser","19":"product_tag-nutricion","20":"product_tag-nutricion-suplementacion","21":"product_tag-obesidad","22":"product_tag-sindrome-metabolico","23":"product_tag-sobrepeso","24":"pa_ediciones-edicion-diciembre","25":"pa_ediciones-edicion-enero","26":"pa_ediciones-edicion-febrero","27":"pa_ediciones-edicion-marzo","28":"pa_ediciones-edicion-abril","29":"pa_ediciones-edicion-mayo","30":"pa_ediciones-edicion-junio","31":"pa_ediciones-edicion-julio","33":"first","34":"instock","35":"purchasable","36":"product-type-variable"},"_links":{"self":[{"href":"https:\/\/tienda.ismet.es\/index.php\/wp-json\/wp\/v2\/product\/1566","targetHints":{"allow":["GET"]}}],"collection":[{"href":"https:\/\/tienda.ismet.es\/index.php\/wp-json\/wp\/v2\/product"}],"about":[{"href":"https:\/\/tienda.ismet.es\/index.php\/wp-json\/wp\/v2\/types\/product"}],"replies":[{"embeddable":true,"href":"https:\/\/tienda.ismet.es\/index.php\/wp-json\/wp\/v2\/comments?post=1566"}],"wp:featuredmedia":[{"embeddable":true,"href":"https:\/\/tienda.ismet.es\/index.php\/wp-json\/wp\/v2\/media\/12280"}],"wp:attachment":[{"href":"https:\/\/tienda.ismet.es\/index.php\/wp-json\/wp\/v2\/media?parent=1566"}],"wp:term":[{"taxonomy":"product_brand","embeddable":true,"href":"https:\/\/tienda.ismet.es\/index.php\/wp-json\/wp\/v2\/product_brand?post=1566"},{"taxonomy":"product_cat","embeddable":true,"href":"https:\/\/tienda.ismet.es\/index.php\/wp-json\/wp\/v2\/product_cat?post=1566"},{"taxonomy":"product_tag","embeddable":true,"href":"https:\/\/tienda.ismet.es\/index.php\/wp-json\/wp\/v2\/product_tag?post=1566"}],"curies":[{"name":"wp","href":"https:\/\/api.w.org\/{rel}","templated":true}]}}