{"id":1564,"date":"2018-09-04T13:40:20","date_gmt":"2018-09-04T12:40:20","guid":{"rendered":"https:\/\/tienda.ismet.es\/index.php\/producto\/ventosas-para-el-dolor-y-la-esttica\/"},"modified":"2026-04-10T09:25:30","modified_gmt":"2026-04-10T08:25:30","slug":"ventosas-para-el-dolor-y-la-esttica","status":"publish","type":"product","link":"https:\/\/tienda.ismet.es\/index.php\/producto\/ventosas-para-el-dolor-y-la-esttica\/","title":{"rendered":"&#8211; Ventosas para el dolor y la est\u00e9tica"},"content":{"rendered":"[vc_row][vc_column][vc_video link=&#8221;https:\/\/youtu.be\/5-NskwRdD50&#8243;][vc_column_text]\n<div class=\"woocommerce-product-details__short-description\">\n<hr \/>\n<p>\u00bfQu\u00e9 es la terapia con ventosas? La Terapia con Ventosas es un m\u00e9todo terap\u00e9utico que consiste en utilizar ventosas haciendo que se peguen al cuerpo con el prop\u00f3sito de tratar pr\u00e1cticamente todo tipo de enfermedades, ya que se consigue regular nuestro cuerpo y restablecer la salud. Es una terapia simple y eficaz que se puede practicar por cualquier persona. Tienen efecto analg\u00e9sico y antiinflamatorio (calmar el dolor),Aumentan las defensas corporales, Efecto reflexol\u00f3gico (produce inflamaci\u00f3n externa para quitar un problema interno), Eliminaci\u00f3n sobre todo fr\u00edo y humedad (trata el reuma), Mejora y activa la circulaci\u00f3n de Sangre, Estimula el metabolismo (y elimina toxinas), Efecto relajante muscular, Regulan el sistema nervioso<\/p>\n<hr \/>\n<h4>Objetivos<\/h4>\n<p>\u2022 Efecto Analg\u00e9sico y Antiinflamatorio:<br \/>\n\u2022 Ideal para calmar dolores musculares y articulares.<br \/>\n\u2022 Refuerza las Defensas Corporales: Potencia tu sistema inmunol\u00f3gico.<br \/>\n\u2022 Efecto Reflexol\u00f3gico: Act\u00faa sobre problemas internos mediante la estimulaci\u00f3n externa.<br \/>\n\u2022 Eliminaci\u00f3n de Fr\u00edo y Humedad: Trata afecciones como el reuma.<br \/>\n\u2022 Mejora la Circulaci\u00f3n Sangu\u00ednea: Activa la circulaci\u00f3n y mejora la oxigenaci\u00f3n de los tejidos.<br \/>\n\u2022 Estimula el Metabolismo: Ayuda a eliminar toxinas y promueve una mejor digesti\u00f3n.<br \/>\n\u2022 Relajaci\u00f3n Muscular: Combate tensiones y dolores musculares.<br \/>\n\u2022 Regulaci\u00f3n del Sistema Nervioso: Equilibra las funciones del cuerpo y la mente<\/p>\n<hr \/>\n<h4>Programa del Curso<\/h4>\n<ol>\n<li>INTRODUCCI\u00d3N<\/li>\n<li>HISTORIA DE LAS VENTOSAS<\/li>\n<li>TIPOS DE VENTOSAS<br \/>\n\u2022 Ventosas de vidrio<br \/>\n\u2022 Ventosas de bamb\u00fa<br \/>\n\u2022 Ventosas de arcilla<\/li>\n<li>T\u00c9CNICAS DE APLICACI\u00d3N<br \/>\n\u2022 Ventosa al calor del fuego: 5 t\u00e9cnicas diferentes<br \/>\n\u2022 Ventosa a vapor<br \/>\n\u2022 Ventosa sacando el aire con bomba de aspiraci\u00f3n<br \/>\n\u2022 Ventosa con sangr\u00eda<br \/>\n\u2022 Ventosa con acupuntura<br \/>\n\u2022 Ventosa r\u00e1pida<br \/>\n\u2022 Ventosa movible<br \/>\n\u2022 T\u00e9cnica para sacar la ventosa<\/li>\n<li>INDICACIONES y PRECAUCIONES<\/li>\n<li>CONTRAINDICACIONES<\/li>\n<li>TRATAMIENTO DE PATOLOGIAS<\/li>\n<li>TRATAMIENTO DE LA CELULITIS Y LA GRASA ABDOMINAL<\/li>\n<li>TRATAMIENTO DE LAS ARRUGAS DE LA CARA<\/li>\n<\/ol>\n<hr \/>\n<p><!--\n\n\n<h4>Impartido por: Alfonso Delgado<\/h4>\n\n\nLicenciado en Medicina Tradicional China. Natur\u00f3pata y Home\u00f3pata. T\u00e9cnico Superior en Diet\u00e9tica--><\/p>\n[\/vc_column_text][\/vc_column][\/vc_row]\n<\/div>\n","protected":false},"excerpt":{"rendered":"<p>Modalidad presencial. <span style=\"color: #7f7dd1;\"><strong><br \/>\nDomingo 12 de abril 2026. De 8:30 a 15:30 horas.<\/strong><\/span><\/p>\n<hr \/>\n<p><strong>Precio Total: <\/strong> 165\u20ac.<\/p>\n<hr \/>\n<p>\u00bfQu\u00e9 es la terapia con ventosas? La Terapia con Ventosas es un m\u00e9todo terap\u00e9utico que consiste en utilizar ventosas haciendo que se peguen al cuerpo con el prop\u00f3sito de tratar pr\u00e1cticamente todo tipo de enfermedades, ya que se consigue regular nuestro cuerpo y restablecer la salud. Es una terapia simple y eficaz que se puede practicar por cualquier persona. (<a href=\"#tab-description\">Ver m\u00e1s informaci\u00f3n<\/a>)<\/p>\n","protected":false},"featured_media":32218,"comment_status":"open","ping_status":"closed","template":"","meta":{"_joinchat":[]},"product_brand":[],"product_cat":[617,90,98,179,197],"product_tag":[436,344,334,435,886],"class_list":{"0":"post-1564","1":"product","2":"type-product","3":"status-publish","4":"has-post-thumbnail","6":"product_cat-imagenes-profesores","7":"product_cat-medicina-china-y-acupuntura","8":"product_cat-cursos","9":"product_cat-cursos-presenciales","10":"product_cat-presencial-abril","11":"product_tag-dolor","12":"product_tag-estetica","13":"product_tag-mtc","14":"product_tag-ventosas","15":"product_tag-ventosas-para-el-dolor","16":"pa_ediciones-edicion-marzo","17":"pa_ediciones-edicion-abril","18":"pa_ediciones-edicion-noviembre","20":"first","21":"instock","22":"purchasable","23":"product-type-simple"},"_links":{"self":[{"href":"https:\/\/tienda.ismet.es\/index.php\/wp-json\/wp\/v2\/product\/1564","targetHints":{"allow":["GET"]}}],"collection":[{"href":"https:\/\/tienda.ismet.es\/index.php\/wp-json\/wp\/v2\/product"}],"about":[{"href":"https:\/\/tienda.ismet.es\/index.php\/wp-json\/wp\/v2\/types\/product"}],"replies":[{"embeddable":true,"href":"https:\/\/tienda.ismet.es\/index.php\/wp-json\/wp\/v2\/comments?post=1564"}],"wp:featuredmedia":[{"embeddable":true,"href":"https:\/\/tienda.ismet.es\/index.php\/wp-json\/wp\/v2\/media\/32218"}],"wp:attachment":[{"href":"https:\/\/tienda.ismet.es\/index.php\/wp-json\/wp\/v2\/media?parent=1564"}],"wp:term":[{"taxonomy":"product_brand","embeddable":true,"href":"https:\/\/tienda.ismet.es\/index.php\/wp-json\/wp\/v2\/product_brand?post=1564"},{"taxonomy":"product_cat","embeddable":true,"href":"https:\/\/tienda.ismet.es\/index.php\/wp-json\/wp\/v2\/product_cat?post=1564"},{"taxonomy":"product_tag","embeddable":true,"href":"https:\/\/tienda.ismet.es\/index.php\/wp-json\/wp\/v2\/product_tag?post=1564"}],"curies":[{"name":"wp","href":"https:\/\/api.w.org\/{rel}","templated":true}]}}