{"id":1562,"date":"2018-09-04T13:40:20","date_gmt":"2018-09-04T12:40:20","guid":{"rendered":"https:\/\/tienda.ismet.es\/index.php\/producto\/reflexologa-podal-oriental\/"},"modified":"2025-06-30T11:18:10","modified_gmt":"2025-06-30T10:18:10","slug":"reflexologa-podal-oriental","status":"publish","type":"product","link":"https:\/\/tienda.ismet.es\/index.php\/producto\/reflexologa-podal-oriental\/","title":{"rendered":"&#8211; Reflexolog\u00eda podal oriental Sokushin\u2013do"},"content":{"rendered":"[vc_row][vc_column][vc_video link=&#8221;&#8221;][vc_column_text]\n<hr \/>\n<div class=\"woocommerce-product-details__short-description\">\n<h4 class=\"titular\">Beneficios de la Reflexolog\u00eda Podal Oriental<\/h4>\n<p><a id=\"presentacion\" name=\"presentacion\"><\/a><br \/>\n.Alivia el estr\u00e9s y la ansiedad.<br \/>\n.Mejora la circulaci\u00f3n sangu\u00ednea y de Qi en los pies y en el cuerpo.<br \/>\n.Ayuda a lograr la homeostasis energ\u00e9tica, a trav\u00e9s del equilibrio Yin-Yang de los \u00f3rganos y entra\u00f1as de la MTC.<br \/>\n.Mejor\u00eda en el estado de \u00e1nimo y la vitalidad.<br \/>\n.Alivio de dolores musculares y tensiones.<br \/>\n.Promueve la relajaci\u00f3n profunda.<\/p>\n<hr \/>\n<p><u><strong>Presentaci\u00f3n<\/strong><\/u><br \/>\nSokushindo, que significa \u00abEl Camino de la Presi\u00f3n en el Pie\u00bb, es una pr\u00e1ctica de reflexolog\u00eda japonesa con ra\u00edces tanto en la medicina tradicional oriental como en t\u00e9cnicas terap\u00e9uticas modernas.<\/p>\n<p>Si bien la reflexolog\u00eda tiene or\u00edgenes antiguos en Egipto, China e India, el Sokushindo surgi\u00f3 en Jap\u00f3n, combinando elementos del *Anma* (masaje tradicional japon\u00e9s), el *Shiatsu* (terapia de presi\u00f3n digital) y el *Kampo* (adaptaci\u00f3n japonesa de la medicina china).<\/p>\n<p>Cobr\u00f3 relevancia en el siglo XX como parte del movimiento de salud hol\u00edstica japon\u00e9s, integrando los conceptos de la reflexolog\u00eda<br \/>\noccidental con el trabajo energ\u00e9tico japon\u00e9s centrado en el flujo del *Ki* (energ\u00eda vital).<\/p>\n<p>A diferencia de la reflexolog\u00eda china, el Sokushindo enfatiza la fuerza m\u00ednima y la intenci\u00f3n meditativa, lo que refleja la preferencia cultural japonesa por la sutileza y la precisi\u00f3n<\/p>\n<\/div>\n<hr \/>\n<p><!--\n\n\n<h4>Impartido por:<\/h4>\n\n\nMiguel L\u00f3pez Alarc\u00f3n\nShiatsu terapeuta y en t\u00e9cnicas japonesas-Diplomado en MTCH (Acupuntura) y terapias tradicionales chinas. D.A.P de COFENAT.--><\/p>\n[\/vc_column_text][\/vc_column][\/vc_row]\n","protected":false},"excerpt":{"rendered":"<p>Modalidad presencial.<span style=\"color: #7f7dd1;\"><strong><br \/>\nProgramando fechas.<br \/>\n<\/strong><\/span><\/p>\n<hr \/>\n<p><strong>Precio Total: <\/strong>184\u20ac. Reserva plaza: 60\u20ac, y 124\u20ac restantes se abonar\u00e1n el 1er d\u00eda del curso, antes de empezar, en efectivo o tarjeta. Plazas limitadas. Es necesario reservar con antelaci\u00f3n<\/p>\n<hr \/>\n<p>SOKUSHIN-DO es un sistema de tratamiento de determinadas enfermedades comunes y cr\u00f3nicas, mediante est\u00edmulos en la zona de la planta del pie&#8230;(<a href=\"#tab-description\">Ver m\u00e1s informaci\u00f3n<\/a>)<\/p>\n","protected":false},"featured_media":25802,"comment_status":"open","ping_status":"closed","template":"","meta":{"_joinchat":[]},"product_brand":[],"product_cat":[617,90,89,98,179],"product_tag":[239,444,385,443,445,442],"class_list":{"0":"post-1562","1":"product","2":"type-product","3":"status-publish","4":"has-post-thumbnail","6":"product_cat-imagenes-profesores","7":"product_cat-medicina-china-y-acupuntura","8":"product_cat-terapias-manuales","9":"product_cat-cursos","10":"product_cat-cursos-presenciales","11":"product_tag-miguel-lopez","12":"product_tag-podal-oriental","13":"product_tag-reflexo","14":"product_tag-reflexologia-podal-oriental","15":"product_tag-soku","16":"product_tag-sokushindo","18":"first","19":"instock","20":"virtual","21":"purchasable","22":"product-type-simple"},"_links":{"self":[{"href":"https:\/\/tienda.ismet.es\/index.php\/wp-json\/wp\/v2\/product\/1562","targetHints":{"allow":["GET"]}}],"collection":[{"href":"https:\/\/tienda.ismet.es\/index.php\/wp-json\/wp\/v2\/product"}],"about":[{"href":"https:\/\/tienda.ismet.es\/index.php\/wp-json\/wp\/v2\/types\/product"}],"replies":[{"embeddable":true,"href":"https:\/\/tienda.ismet.es\/index.php\/wp-json\/wp\/v2\/comments?post=1562"}],"wp:featuredmedia":[{"embeddable":true,"href":"https:\/\/tienda.ismet.es\/index.php\/wp-json\/wp\/v2\/media\/25802"}],"wp:attachment":[{"href":"https:\/\/tienda.ismet.es\/index.php\/wp-json\/wp\/v2\/media?parent=1562"}],"wp:term":[{"taxonomy":"product_brand","embeddable":true,"href":"https:\/\/tienda.ismet.es\/index.php\/wp-json\/wp\/v2\/product_brand?post=1562"},{"taxonomy":"product_cat","embeddable":true,"href":"https:\/\/tienda.ismet.es\/index.php\/wp-json\/wp\/v2\/product_cat?post=1562"},{"taxonomy":"product_tag","embeddable":true,"href":"https:\/\/tienda.ismet.es\/index.php\/wp-json\/wp\/v2\/product_tag?post=1562"}],"curies":[{"name":"wp","href":"https:\/\/api.w.org\/{rel}","templated":true}]}}