{"id":1556,"date":"2018-09-04T13:40:19","date_gmt":"2018-09-04T12:40:19","guid":{"rendered":"https:\/\/tienda.ismet.es\/index.php\/producto\/radiologa-osteoptica\/"},"modified":"2025-04-23T10:07:06","modified_gmt":"2025-04-23T09:07:06","slug":"radiologa-osteoptica","status":"publish","type":"product","link":"https:\/\/tienda.ismet.es\/index.php\/producto\/radiologa-osteoptica\/","title":{"rendered":"&#8211; Radiolog\u00eda osteop\u00e1tica"},"content":{"rendered":"[vc_row][vc_column][vc_video link=&#8221;https:\/\/www.youtube.com\/watch?v=5G1110APwoI&#8221;][vc_column_text]\n<hr \/>\n<div class=\"woocommerce-product-details__short-description\">\n<h4>Presentaci\u00f3n<\/h4>\n<p>Este curso se basa en la lectura del diagn\u00f3stico por imagen en RX, RNM, TAC, ECO, ECOdoppler, gammagraf\u00eda con el objetivo de conocer y comprender las proyecciones, su funci\u00f3n, los signos radiol\u00f3gicos, as\u00ed como saber en qu\u00e9 tipo de patolog\u00eda tiene m\u00e1s inter\u00e9s usar uno u otro tipo de prueba diagn\u00f3stica. Se incidir\u00e1 especialmente en RX, RNM y TAC, como objetivo principal de la asignatura, hacer un an\u00e1lisis osteop\u00e1tico sobre que se puede hallar m\u00e1s all\u00e1 de los signos cl\u00ednicos que previamente se ense\u00f1ar\u00e1n. Se realizar\u00e1n pr\u00e1cticas en clase sobre el an\u00e1lisis osteop\u00e1tico de diferentes im\u00e1genes que se presentar\u00e1n, con el objetivo de aumentar la visi\u00f3n hol\u00edstica.<\/p>\n<hr \/>\n<h4>Programa<\/h4>\n<ol>\n<li>Los RX: introducci\u00f3n e historia de los RX. F\u00edsica de los RX. Uso y lectura. Signos radiol\u00f3gicos.<\/li>\n<li>La RNM. F\u00edsica de la RNM. Uso y lectura.<\/li>\n<li>TAC. Uso y lectura.<\/li>\n<li>Tipos de im\u00e1genes de diagn\u00f3stico y uso Repaso r\u00e1pido de RX, RNM, TAC, ECO, ECO-DOPPLER GAMMAGRAF\u00cdA, SPECT.<\/li>\n<li>Hallazgos cl\u00ednicos RX. Generalidades. columna cervical. columna dorsal. columna lumbar. hombro, codo y mano. cr\u00e1neo y cervicales altas. Cadera. rodilla y pie. Artritis o Artrosis. Signos. Radiol\u00f3gicos (compendio).<br \/>\nPr\u00e1ctica: identificar la normalidad y los hallazgos radiol\u00f3gicos en diferentes RX en grupos, relaciones osteop\u00e1ticas.<\/li>\n<li>Hallazgos cl\u00ednicos RNM.<\/li>\n<li>Generalidades. columna cervical. columna dorsal. columna lumbar. hombro, codo y mano. cr\u00e1neo y cervicales altas. Cadera. rodilla y pie. tronco y abdomen.<br \/>\nPr\u00e1ctica: identificar la normalidad y los hallazgos cl\u00ednicos en diferentes RNM en grupos, relaciones osteop\u00e1ticas.<\/li>\n<li>Hallazgos cl\u00ednicos TAC<br \/>\nGeneralidades. columna cervical. columna dorsal. columna lumbar. hombro, codo y mano. cr\u00e1neo y cervicales altas. Cadera. rodilla y pie.<br \/>\nPr\u00e1ctica: identificar la normalidad y los hallazgos cl\u00ednicos en diferentes RNM en grupos, relaciones osteop\u00e1ticas<\/li>\n<li>Telemetr\u00edas RX. an\u00e1lisis de telemetr\u00edas. \u00e1ngulos anat\u00f3micos. relaciones osteop\u00e1ticas y RX. Pr\u00e1ctica: An\u00e1lisis osteop\u00e1ticos de im\u00e1genes de diagn\u00f3stico en grupos.<\/li>\n<\/ol>\n<hr \/>\n<p><!--\n\n\n<h4>Impartido por: Victor Arguelles:<\/h4>\n\n-->\n<\/div>\n<p><!--\n\n<div class=\"woocommerce-product-details__short-description\">Diplomado en Fisioterapia. M\u00e1ster en Osteopat\u00eda.<\/div>\n\n--><\/p>\n<div class=\"woocommerce-product-details__short-description\">\n<p>&nbsp;<\/p>\n[\/vc_column_text][\/vc_column][\/vc_row]\n<\/div>\n","protected":false},"excerpt":{"rendered":"<p>Modalidad presencial<br \/>\n<span style=\"color: #7f7dd1;\" data-darkreader-inline-color=\"\"><strong>Pr\u00f3ximamente.<\/strong><br \/>\n<\/span><\/p>\n<hr \/>\n<p><strong>Precio total: <\/strong>550\u20ac \/ se abonar\u00e1 de la siguiente forma: 50\u20ac reserva de plaza + <span id=\"page3R_mcid9\" class=\"markedContent\"><span dir=\"ltr\" role=\"presentation\">4<\/span> <span dir=\"ltr\" role=\"presentation\">pagos de <\/span><span dir=\"ltr\" role=\"presentation\">125\u20ac\/mes<\/span><\/span><\/p>\n<hr \/>\n<p>Este curso se basa en la lectura del diagn\u00f3stico por imagen en RX, RNM, TAC, ECO, ECOdoppler, gammagraf\u00eda con el objetivo de conocer y comprender las proyecciones, su funci\u00f3n, los signos radiol\u00f3gicos,&#8230;(<a href=\"#tab-description\">Ver m\u00e1s informaci\u00f3n<\/a>)<\/p>\n","protected":false},"featured_media":9588,"comment_status":"open","ping_status":"closed","template":"","meta":{"_joinchat":[]},"product_brand":[],"product_cat":[617,191,89,98],"product_tag":[260],"class_list":{"0":"post-1556","1":"product","2":"type-product","3":"status-publish","4":"has-post-thumbnail","6":"product_cat-imagenes-profesores","7":"product_cat-osteopatia","8":"product_cat-terapias-manuales","9":"product_cat-cursos","10":"product_tag-osteopatia","12":"first","13":"instock","14":"virtual","15":"purchasable","16":"product-type-simple"},"_links":{"self":[{"href":"https:\/\/tienda.ismet.es\/index.php\/wp-json\/wp\/v2\/product\/1556","targetHints":{"allow":["GET"]}}],"collection":[{"href":"https:\/\/tienda.ismet.es\/index.php\/wp-json\/wp\/v2\/product"}],"about":[{"href":"https:\/\/tienda.ismet.es\/index.php\/wp-json\/wp\/v2\/types\/product"}],"replies":[{"embeddable":true,"href":"https:\/\/tienda.ismet.es\/index.php\/wp-json\/wp\/v2\/comments?post=1556"}],"wp:featuredmedia":[{"embeddable":true,"href":"https:\/\/tienda.ismet.es\/index.php\/wp-json\/wp\/v2\/media\/9588"}],"wp:attachment":[{"href":"https:\/\/tienda.ismet.es\/index.php\/wp-json\/wp\/v2\/media?parent=1556"}],"wp:term":[{"taxonomy":"product_brand","embeddable":true,"href":"https:\/\/tienda.ismet.es\/index.php\/wp-json\/wp\/v2\/product_brand?post=1556"},{"taxonomy":"product_cat","embeddable":true,"href":"https:\/\/tienda.ismet.es\/index.php\/wp-json\/wp\/v2\/product_cat?post=1556"},{"taxonomy":"product_tag","embeddable":true,"href":"https:\/\/tienda.ismet.es\/index.php\/wp-json\/wp\/v2\/product_tag?post=1556"}],"curies":[{"name":"wp","href":"https:\/\/api.w.org\/{rel}","templated":true}]}}