{"id":1545,"date":"2018-09-04T13:40:17","date_gmt":"2018-09-04T12:40:17","guid":{"rendered":"https:\/\/tienda.ismet.es\/index.php\/producto\/curso-superior-de-tcnicas-de-masaje\/"},"modified":"2026-03-03T11:13:08","modified_gmt":"2026-03-03T10:13:08","slug":"curso-superior-de-tcnicas-de-masaje","status":"publish","type":"product","link":"https:\/\/tienda.ismet.es\/index.php\/producto\/curso-superior-de-tcnicas-de-masaje\/","title":{"rendered":"&#8211; Curso superior de t\u00e9cnicas de masaje"},"content":{"rendered":"[vc_row][vc_column][vc_video link=&#8221;https:\/\/youtu.be\/6gNWF5zP-C8&#8243;][vc_column_text]\n<hr \/>\n<div class=\"woocommerce-product-details__short-description\">\n<p>En este curso superior de t\u00e9cnicas de masaje aprender\u00e1s diferentes terapias que pueden combinarse entre s\u00ed para realizar una sesi\u00f3n personalizada o hacerlas de forma individual para mejorar el estado de nuestro cliente tanto si su problema es estructural como nervioso. Estas t\u00e9cnicas son aplicables a cualquier persona que por su trabajo o por sus h\u00e1bitos deportivos presentan alg\u00fan tipo de alteraci\u00f3n que afecta a su estado f\u00edsico.<\/p>\n<p>El curso est\u00e1 dirigido a todos aquellos masajistas que deseen ampliar o complementar sus terapias manuales con otras t\u00e9cnicas de perfeccionamiento y precisi\u00f3n con las que podemos mejorar nuestros tratamientos ya que dispondremos de nuevas t\u00e9cnicas o herramientas de trabajo, que son tanto aplicables a atletas como a personas no deportistas pero que se lesionan igual que un profesional del deporte.<\/p>\n<hr \/>\n<h4>Objetivos<\/h4>\n<p class=\"curso\">Los objetivos del curso de t\u00e9cnicas masaje son conocer las indicaciones, contraindicaciones y manipulaciones b\u00e1sicas del quiromasaje deportivo, aprender la importancia del masaje en el deporte, ver como act\u00faa el masaje deportivo ante las lesiones t\u00edpicas del deportista. Tambi\u00e9n descubriremos nuevas t\u00e9cnicas de masaje como Cyriax y Vogler, aprenderemos a localizar correctamente los puntos lesionados, a estirar la musculatura aplicando diferentes t\u00e9cnicas de estiramientos con el objetivo de relajar, estimular o potenciar.<\/p>\n<p class=\"curso\">Al mismo tiempo conoceremos la t\u00e9cnica de masaje en estiramiento para mejorar la capacidad de elasticidad muscular y actuar en problemas de sobrecarga muscular, aprender a realizar de forma correcta la Fricci\u00f3n Transversa Profunda para evitar la formaci\u00f3n de tejido cicatrizal anormal en tendones, m\u00fasculos y ligamentos.. Comprenderemos la l\u00f3gica del vendaje funcional, su valor terap\u00e9utico y preventivo. Sin dejar de lado aprender a colocar un Tapping de forma correcta tanto en deportistas como en pacientes no deportistas e incluso a los mismos terapeutas y conocer la t\u00e9cnica del masaje neurosedante para relajar el sistema nervioso y muscular, proporcionando a nuestro usuario una sensaci\u00f3n de calma y bienestar.<\/p>\n<hr \/>\n<h4>Programa del Curso<\/h4>\n<ol>\n<li>T\u00e9cnica masaje deportivo:<br \/>\nTeor\u00eda de la lesi\u00f3n. Tipos de masaje. Clasificaci\u00f3n del masaje deportivo: preparaci\u00f3n, entrenamiento, en competici\u00f3n. El masaje aplicado a los deportes. Pruebas biomec\u00e1nicas. Arquetipos humanos<\/li>\n<li>Therapeutic Stretch:<br \/>\nIndicaciones, contraindicaciones, objetivos del estiramiento, Stretching o estiramientos pasivos, estiramientos activos bal\u00edsticos, est\u00e1ticos, Facilitaci\u00f3n neuromuscular.<\/li>\n<li>Masaje en estiramiento pasivo-activo:<br \/>\nIndicaciones, contraindicaciones, masaje en estiramientos en fascia plantar, gastrocnemio, isquiotibiales, gl\u00fateos, cuadrado lumbar, paravertebrales, dorsal ancho, radiales, tibiales, cu\u00e1driceps, aductores, abdominales, pectorales, deltoides, b\u00edceps, palmares.<\/li>\n<li>T\u00e9cnica Cyriax (MTP):<br \/>\nIndicaciones, contraindicaciones, aplicaciones en: Alteraciones de ligamento, distensi\u00f3n, rotura parcial y total. Alteraciones de tend\u00f3n, distensi\u00f3n, rotura, sinovitis, epitrocleitis, epicondilitis, tendinitis subescapular, b\u00edceps, rotuliana. Alteraciones del m\u00fasculo, distensi\u00f3n, rotura fibrilar, talalgia, metatarsalgia, fascitis plantar\u2026<\/li>\n<li>Tapping o vendaje funcional:<a id=\"impartido\" name=\"impartido\"><\/a><br \/>\nIndicaciones, contraindicaciones, aplicaciones en: alteraciones metatarsofal\u00e1ngicas, fascitis plantar, esguinces de tobillo, roturas fibrilares de gemelos, cu\u00e1driceps, isquiotibiales, esguince intercostal, alteraciones del carpo\u2026<\/li>\n<li>Masaje neurosedante:<br \/>\nIndicaciones, contraindicaciones, aplicaciones con pases suaves y de larga ejecuci\u00f3n. Aplicaciones por zonas corporales: extremidades inferiores, extremidades superiores, tronco y cr\u00e1neo.<\/li>\n<\/ol>\n<h4>Impartido por: Montse Garc\u00eda<\/h4>\n<p>T\u00e9cnico Especialista en Radiodiagn\u00f3stico, Natur\u00f3pata, Facioterapeuta, Formadora certificada en Facioterapia \u2013 Dien Chan por el Profesor Dr. B\u00f9i Qu\u00f4c Ch\u00e2u (Saig\u00f3n 2006-2009), profesora de la EiMDC, Quiromasajista, Experta en reflexoterapia podal y masaje deportivo. Auxiliar de Cl\u00ednica y de Rehabilitaci\u00f3n, Coordinadora de masajistas deportivos en competiciones de \u00e1mbito nacional e internacional. Formador de Formadores, expedido por la Escuela de Servicios Sanitarios de Canarias, adscrita a la consejer\u00eda de Sanidad, ente p\u00fablico del Gobierno de Canarias. Reconocimiento de Oficialidad por la Administraci\u00f3n P\u00fablica (ESSSCAN)<\/p>\n[\/vc_column_text][\/vc_column][\/vc_row]\n<\/div>\n","protected":false},"excerpt":{"rendered":"<p>Curso modalidad presencial. (a escoger horario de tarde o de ma\u00f1ana)<\/p>\n<p><strong>T\u00e9cnica Cyriax (MTP).<\/strong><br \/>\nProgramando pr\u00f3ximas fechas\u2026<\/p>\n<p><strong>Masaje neurosedante, m\u00e9todo RAT.<\/strong><br \/>\nProgramando fechas<\/p>\n<p><strong>Therapeutic Stretch, t\u00e9cnicas de estiramiento pasivo, fnp, miofascial para terapeutas.<\/strong><br \/>\nMartes, del 10-17-24 de febrero y 3 marzo 2026.<\/p>\n<p><strong>Tapping o vendaje funcional.<\/strong><br \/>\nProgramando pr\u00f3ximas fechas\u2026<\/p>\n<p><strong>Masaje en estiramiento pasivo-activo.<\/strong><br \/>\nMartes 14-21-28 abril 2026.<\/p>\n<p><strong>T\u00e9cnica del masaje deportivo.<\/strong><br \/>\nOpci\u00f3n 1. Martes, del 5 mayo al 14 julio, de 15:30h a 19:30 h.<br \/>\nOpci\u00f3n 2. S\u00e1bados 9-10* mayo, 6-7* junio, 4* julio (masaje deportivo). El horario es de 9 a 19 h, excepto d\u00edas con *que ser\u00e1 de 9 a 15 h.<\/p>\n<hr \/>\n<p>Horarios disponibles (a elegir):<br \/>\nGrupo ma\u00f1ana: de 9.30 a 13:30h.<br \/>\nGrupo tardes: de 16 a 20h.<\/p>\n<hr \/>\n<p><strong>Precio Total: <\/strong>1280\u20ac. Forma de pago: 160\u20ac a modo de reserva de plaza (el importe de la reserva no se devolver\u00e1 en caso de anulaci\u00f3n por parte del alumno) + 7 mensualidades de 160 IVA Incluido (de octubre a abril)<br \/>\n*En el importe del curso se incluye dosier por cada m\u00f3dulo. Para la realizaci\u00f3n de los m\u00f3dulos es necesario grupo m\u00edn. de 6 alumnos*<\/p>\n<hr \/>\n<p>Conocer las indicaciones, contraindicaciones y manipulaciones b\u00e1sicas del quiromasaje deportivo. Aprender la importancia del masaje en el deporte&#8230;(<a href=\"#tab-description\">Ver m\u00e1s informaci\u00f3n<\/a>)<\/p>\n","protected":false},"featured_media":26132,"comment_status":"open","ping_status":"closed","template":"","meta":{"_joinchat":[]},"product_brand":[],"product_cat":[98,196,197,198],"product_tag":[773,772,368],"class_list":{"0":"post-1545","1":"product","2":"type-product","3":"status-publish","4":"has-post-thumbnail","6":"product_cat-cursos","7":"product_cat-presencial-marzo","8":"product_cat-presencial-abril","9":"product_cat-presencial-mayo","10":"product_tag-curso-superior","11":"product_tag-tecnicas-de-masaje","12":"product_tag-terapias-manuales","13":"pa_grupo-gr-manana","14":"pa_grupo-gr-presencial","16":"first","17":"instock","18":"purchasable","19":"product-type-variable"},"_links":{"self":[{"href":"https:\/\/tienda.ismet.es\/index.php\/wp-json\/wp\/v2\/product\/1545","targetHints":{"allow":["GET"]}}],"collection":[{"href":"https:\/\/tienda.ismet.es\/index.php\/wp-json\/wp\/v2\/product"}],"about":[{"href":"https:\/\/tienda.ismet.es\/index.php\/wp-json\/wp\/v2\/types\/product"}],"replies":[{"embeddable":true,"href":"https:\/\/tienda.ismet.es\/index.php\/wp-json\/wp\/v2\/comments?post=1545"}],"wp:featuredmedia":[{"embeddable":true,"href":"https:\/\/tienda.ismet.es\/index.php\/wp-json\/wp\/v2\/media\/26132"}],"wp:attachment":[{"href":"https:\/\/tienda.ismet.es\/index.php\/wp-json\/wp\/v2\/media?parent=1545"}],"wp:term":[{"taxonomy":"product_brand","embeddable":true,"href":"https:\/\/tienda.ismet.es\/index.php\/wp-json\/wp\/v2\/product_brand?post=1545"},{"taxonomy":"product_cat","embeddable":true,"href":"https:\/\/tienda.ismet.es\/index.php\/wp-json\/wp\/v2\/product_cat?post=1545"},{"taxonomy":"product_tag","embeddable":true,"href":"https:\/\/tienda.ismet.es\/index.php\/wp-json\/wp\/v2\/product_tag?post=1545"}],"curies":[{"name":"wp","href":"https:\/\/api.w.org\/{rel}","templated":true}]}}