{"id":1541,"date":"2018-09-04T13:40:17","date_gmt":"2018-09-04T12:40:17","guid":{"rendered":"https:\/\/tienda.ismet.es\/index.php\/producto\/radiestesia\/"},"modified":"2026-03-11T13:07:34","modified_gmt":"2026-03-11T12:07:34","slug":"radiestesia","status":"publish","type":"product","link":"https:\/\/tienda.ismet.es\/index.php\/producto\/radiestesia\/","title":{"rendered":"&#8211; Radiestesia"},"content":{"rendered":"[vc_row][vc_column][vc_video link=&#8221;&#8221;][vc_column_text]\n<div class=\"woocommerce-product-details__short-description\">\n<p class=\"curso\">La radiestesia es una ciencia que ya se utilizaba en civilizaciones muy antiguas entre otras cosas para captar agua subterr\u00e1nea. En la actualidad la radiestesia se utiliza para captar desequilibrios energ\u00e9ticos en el ser humano y detectar otras causas externas, que alteran este equilibrio, como por ejemplo la exposici\u00f3n a una geopat\u00eda.<\/p>\n<p class=\"curso\">La Radi\u00f3nica, nos permite la emisi\u00f3n de frecuencias (ondas de forma) a la distancia, que informan de nuevo al organismo, y corrige la informaci\u00f3n distorsionada. Tener conocimientos de radiestesia y radi\u00f3nica permite tener m\u00e1s recursos terap\u00e9uticos para reforzar otras terapias y encontrar causas que normalmente no tenemos en cuenta.<\/p>\n<hr \/>\n<h4>Programa<\/h4>\n<ol>\n<li>Historia de la radiestesia, glosario radiest\u00e9sico.<\/li>\n<li>Elecci\u00f3n del p\u00e9ndulo, forma correcta de su manejo, y lenguaje de codificaci\u00f3n. Tipos de movimiento, errores m\u00e1s comunes en su uso.<\/li>\n<li>Las impregnaciones, remanencias, tipos de interferencias.<\/li>\n<li>\u00c9tica del radiestesista, la predisposici\u00f3n mental, la relajaci\u00f3n, la neutralidad, mantras y decretos. El modo correcto de hacer las preguntas.<\/li>\n<li>Tipos de p\u00e9ndulos, p\u00e9ndulos terap\u00e9uticos, p\u00e9ndulos emisores de onda de forma, neutros, formas y materiales.<\/li>\n<li>Rese\u00f1a de otras herramientas radiest\u00e9sicas profesionales: las varillas y el biosensor. Rese\u00f1a de p\u00e9ndulos usados por grandes radiestesistas.<\/li>\n<li>Otros m\u00e9todos eficaces de testar. El p\u00e9ndulo usado a la distancia y con paciente presencial.<\/li>\n<li>Protocolo de trabajo: Elaboraci\u00f3n de tablas radiest\u00e9sicas propias, el uso de biometr\u00eda, la regla bovis, el reloj radiest\u00e9sico, tipos de gr\u00e1ficos.<\/li>\n<li>Nociones b\u00e1sicas de geobiolog\u00eda como causa de desequilibrios en el cuerpo humano.<\/li>\n<li>Nociones de chakras, cuerpos sutiles, los miasmas.<\/li>\n<li>Pr\u00e1cticas<\/li>\n<\/ol>\n<\/div>\n<hr \/>\n<p><!--\n\n\n<h4>Impartido por: Carmen Sos<\/h4>\n\n\nBuscando soluciones a su Geopat\u00eda ha acabado cursando el M\u00e1ster en Energ\u00edas Vibracionales, Formaci\u00f3n en Radi\u00f3nica y estudio de Ondas de Forma. Se ha especializado adem\u00e1s en flores de Bach y extractos minerales, cristaloterapia - gemoterapia, reiki, y Par biomagn\u00e9tico. Se considera especialmente una investigadora sobre radi\u00f3nica, radiestesia, extractos minerales y esencias florales.-->[\/vc_column_text][\/vc_column][\/vc_row]\n","protected":false},"excerpt":{"rendered":"<p>Modalidad online.<span style=\"color: #7f7dd1;\" data-darkreader-inline-color=\"\"><strong><br \/>\n\u2022 Del 2 de marzo al 30 de abril de 2026.<br \/>\n\u2022 Del 1 de abril al 31 de mayo de 2026.<br \/>\n\u2022 Del 4 de mayo al 30 de junio de 2026.<br \/>\n\u2022 Del 1 de junio al 30 de julio de 2026<\/strong><\/span><\/p>\n<hr \/>\n<p>Ciencia que ya se utilizaba en civilizaciones muy antiguas entre otras cosas para captar agua subterr\u00e1nea&#8230;(<a href=\"#tab-description\">Ver m\u00e1s informaci\u00f3n<\/a>)<\/p>\n","protected":false},"featured_media":13182,"comment_status":"open","ping_status":"closed","template":"","meta":{"_joinchat":[]},"product_brand":[],"product_cat":[617,183,98,180,201,205,202,203],"product_tag":[632,631,552],"class_list":{"0":"post-1541","1":"product","2":"type-product","3":"status-publish","4":"has-post-thumbnail","6":"product_cat-imagenes-profesores","7":"product_cat-terapias-energeticas","8":"product_cat-cursos","9":"product_cat-online","10":"product_cat-online-marzo","11":"product_cat-online-abril","12":"product_cat-online-mayo","13":"product_cat-online-junio","14":"product_tag-pendulo","15":"product_tag-radiestesia","16":"product_tag-tecnicas-energeticas","17":"pa_ediciones-edicion-diciembre","18":"pa_ediciones-edicion-enero","19":"pa_ediciones-edicion-febrero","20":"pa_ediciones-edicion-marzo","21":"pa_ediciones-edicion-abril","22":"pa_ediciones-edicion-mayo","23":"pa_ediciones-edicion-junio","25":"first","26":"instock","27":"purchasable","28":"product-type-variable"},"_links":{"self":[{"href":"https:\/\/tienda.ismet.es\/index.php\/wp-json\/wp\/v2\/product\/1541","targetHints":{"allow":["GET"]}}],"collection":[{"href":"https:\/\/tienda.ismet.es\/index.php\/wp-json\/wp\/v2\/product"}],"about":[{"href":"https:\/\/tienda.ismet.es\/index.php\/wp-json\/wp\/v2\/types\/product"}],"replies":[{"embeddable":true,"href":"https:\/\/tienda.ismet.es\/index.php\/wp-json\/wp\/v2\/comments?post=1541"}],"wp:featuredmedia":[{"embeddable":true,"href":"https:\/\/tienda.ismet.es\/index.php\/wp-json\/wp\/v2\/media\/13182"}],"wp:attachment":[{"href":"https:\/\/tienda.ismet.es\/index.php\/wp-json\/wp\/v2\/media?parent=1541"}],"wp:term":[{"taxonomy":"product_brand","embeddable":true,"href":"https:\/\/tienda.ismet.es\/index.php\/wp-json\/wp\/v2\/product_brand?post=1541"},{"taxonomy":"product_cat","embeddable":true,"href":"https:\/\/tienda.ismet.es\/index.php\/wp-json\/wp\/v2\/product_cat?post=1541"},{"taxonomy":"product_tag","embeddable":true,"href":"https:\/\/tienda.ismet.es\/index.php\/wp-json\/wp\/v2\/product_tag?post=1541"}],"curies":[{"name":"wp","href":"https:\/\/api.w.org\/{rel}","templated":true}]}}