{"id":1537,"date":"2018-09-04T13:40:16","date_gmt":"2018-09-04T11:40:16","guid":{"rendered":"https:\/\/tienda.ismet.es\/index.php\/producto\/terapia-sacro-craneal\/"},"modified":"2026-02-17T12:18:32","modified_gmt":"2026-02-17T11:18:32","slug":"terapia-sacro-craneal","status":"publish","type":"product","link":"https:\/\/tienda.ismet.es\/index.php\/producto\/terapia-sacro-craneal\/","title":{"rendered":"&#8211; Terapia sacro craneal y liberaci\u00f3n emocional y miofascial"},"content":{"rendered":"[vc_row][vc_column][vc_video link=&#8221;&#8221;][vc_column_text]\n<hr \/>\n<div class=\"woocommerce-product-details__short-description\">\n<h4>Presentaci\u00f3n<\/h4>\n<p>La Terapia Sacro Craneal es una especializaci\u00f3n de la Osteopat\u00eda. A diferencia de otras t\u00e9cnicas, la TSC nos proporciona otro nivel de trabajo, donde la presencia del terapeuta forma una parte indispensable actuando como un espejo en el que el paciente reconoce sus bloqueos y disfunciones f\u00edsicas.<br \/>\n\u00abEl Dr. William Garner Sutherland (1872-1954),<br \/>\nun oste\u00f3pata estadounidense y disc\u00edpulo del<br \/>\nDr. Andrew Taylor Still, fue el pionero de la Terapia Sacro Craneal. Sutherland estudi\u00f3 la forma y las estructuras de las suturas craneales, lo que lo llev\u00f3 a desarrollar esta innovadora terapia.<\/p>\n<p>La Terapia Sacro Craneal se fundamenta en la existencia de una pulsaci\u00f3n r\u00edtmica, originada por la fluctuaci\u00f3n del L\u00edquido C\u00e9falo Raqu\u00eddeo. Este ritmo, conocido como Impulso R\u00edtmico Craneal (ICR) o Movimiento Respiratorio Primario (MRP). Sutherland cre\u00eda que la fuerza y la calidad con la que este impulso se genera y se transmite por todo el cuerpo determinan el estado de salud y vitalidad de las personas.<br \/>\nEn la pr\u00e1ctica de esta t\u00e9cnica manual, el terapeuta utiliza sus manos para percibir los patrones de movimiento intr\u00ednsecos del cuerpo, sus ritmos y pulsaciones. De esta manera, identifica las \u00e1reas de bloqueo o resistencia. El objetivo es facilitar la liberaci\u00f3n de estas tensiones en los tejidos, huesos y l\u00edquidos, promoviendo as\u00ed una revitalizaci\u00f3n integral del organismo.<\/p>\n<hr \/>\n<h4>Objetivos<\/h4>\n<ul>\n<li>Proporcionar los conocimientos te\u00f3ricos y pr\u00e1cticos de cada una de las t\u00e9cnicas.<\/li>\n<li>Habilitar para un buen procedimiento pr\u00e1ctico.<\/li>\n<li>Proporcionar las claves para trabajar con una buena palpaci\u00f3n.<\/li>\n<li>Reconocer y tratar las tensiones superficiales y profundas.<\/li>\n<li>Conocer las t\u00e9cnicas de escucha y liberaci\u00f3n del tejido blando y articular.<\/li>\n<li>Habilitar al profesional de unos buenos criterios de actuaci\u00f3n dentro de su \u00e1mbito de Trabajo.<\/li>\n<\/ul>\n<hr \/>\n<p><strong>Programa del Curso<\/strong><\/p>\n<ol>\n<li><u>_Bloque 1<\/u><br \/>\n&gt; Caracter\u00edsticas de la TSC.<br \/>\n&gt; Elementos del sistema sacro craneal (SSC). Huesos y puntos de referencia.<br \/>\n&gt; Masaje sobre suturas.<br \/>\n&gt; MRP como expresi\u00f3n del SNC.<br \/>\n&gt; Expansi\u00f3n-Retracci\u00f3n presa global. Respiraci\u00f3n craneal sobre Asterion con presa de cuna. Discriminaci\u00f3n de tacto (en el d\u00f3nde y en el c\u00f3mo)<br \/>\n&gt; Tacto superficial y profundo.<br \/>\n&gt; Escucha. Fulcro<br \/>\n&gt; Anatom\u00eda, fisiolog\u00eda y funci\u00f3n del LCR.<br \/>\n&gt; Presas, caracter\u00edsticas y funciones<br \/>\n&gt; Medio l\u00edquido y tensi\u00f3n (diferencia)<\/li>\n<li><u>_Bloque 2<\/u><br \/>\n&gt; Membranas intracraneales y extracraneales.<br \/>\n&gt; Tubo dural y su tratamiento (estiramiento y mecer)<br \/>\n&gt; Lumbares- sacro.<br \/>\n&gt; Proyecci\u00f3n tensional.<br \/>\n&gt; Proyecci\u00f3n y puntos de escucha.<\/li>\n<li><u>_Bloque 3<\/u><br \/>\n&gt; S.E.B. Flexi\u00f3n y Extensi\u00f3n<br \/>\n&gt; Toma fronto-occipital<br \/>\n&gt; Valoraci\u00f3n e inducci\u00f3n. T\u00e9cnicas<br \/>\n&gt;MRP \u2013 Frecuencia-Ritmo-Amplitud-Simetr\u00eda.<br \/>\n&gt; Punto Parado \u2013 Detector significativo.<br \/>\n&gt; Huesos de la cara. Tratamiento intrabucal.<br \/>\n&gt; Descompresi\u00f3n ATM.<\/li>\n<li><u>_Bloque 4<\/u><br \/>\n&gt; Sistema de Diafragmas.<br \/>\n&gt; Fascias. Anatom\u00eda y funci\u00f3n.<br \/>\n&gt; T\u00e9cnicas de valoraci\u00f3n y tratamiento.<br \/>\n&gt; Protocolo de valoraci\u00f3n y reducci\u00f3n de tensiones.<\/li>\n<li><u>_Bloque 5<\/u><br \/>\n&gt; Introducci\u00f3n a la disfunci\u00f3n psicosom\u00e1tica<br \/>\n&gt; Diferencias entre \u201cm\u00e9todo te\u00f3rico y m\u00e9todo experiencial\u201d<br \/>\n&gt; Sensaci\u00f3n y conciencia corporal.<br \/>\n&gt; Cuerpo y emoci\u00f3n. Actitud del terapeuta.<br \/>\n&gt; Bloqueo y emoci\u00f3n.<br \/>\n&gt; Dialogo favorecedorNota: Se entregar\u00e1 material did\u00e1ctico para facilitar el seguimiento del curso.<!--\n\n\n<h4>Impartido por: Juli Salvat<\/h4>\n\n\nFisioterapeuta. Terapeuta Sacro Craneal. Oste\u00f3pata. Psicoterapeuta. Profesor de la EUI Sant Joan de D\u00e9u de Barcelona. Acupuntor de la Unidad de Acupuntura del Hospital Sant Joan de D\u00e9u.--><\/li>\n<\/ol>\n[\/vc_column_text][\/vc_column][\/vc_row]\n<\/div>\n","protected":false},"excerpt":{"rendered":"<p><strong>Modalidad presencial<\/strong><span style=\"color: #7f7dd1;\"><br \/>\nprogramando fechas<\/span><\/p>\n<hr \/>\n<p><b>Precio total:<\/b>740\u20ac. Reserva plaza: 70\u20ac, y 670\u20ac restantes se abonar\u00e1n en 5 pagos de 134\u20ac, por domiciliaci\u00f3n bancaria. Plazas limitadas. Es necesario reservar con antelaci\u00f3n<\/p>\n<p>(<a href=\"#tab-description\">Ver m\u00e1s informaci\u00f3n<\/a>)<\/p>\n","protected":false},"featured_media":24303,"comment_status":"open","ping_status":"closed","template":"","meta":{"_joinchat":[]},"product_brand":[],"product_cat":[617,191,98,179],"product_tag":[310,500,311,260,248,499,498],"class_list":{"0":"post-1537","1":"product","2":"type-product","3":"status-publish","4":"has-post-thumbnail","6":"product_cat-imagenes-profesores","7":"product_cat-osteopatia","8":"product_cat-cursos","9":"product_cat-cursos-presenciales","10":"product_tag-craneal","11":"product_tag-juli-salvat","12":"product_tag-osteo","13":"product_tag-osteopatia","14":"product_tag-osteopatia-craneal","15":"product_tag-sacro","16":"product_tag-terapia-sacro-craneal","18":"first","19":"outofstock","20":"virtual","21":"purchasable","22":"product-type-simple"},"_links":{"self":[{"href":"https:\/\/tienda.ismet.es\/index.php\/wp-json\/wp\/v2\/product\/1537","targetHints":{"allow":["GET"]}}],"collection":[{"href":"https:\/\/tienda.ismet.es\/index.php\/wp-json\/wp\/v2\/product"}],"about":[{"href":"https:\/\/tienda.ismet.es\/index.php\/wp-json\/wp\/v2\/types\/product"}],"replies":[{"embeddable":true,"href":"https:\/\/tienda.ismet.es\/index.php\/wp-json\/wp\/v2\/comments?post=1537"}],"wp:featuredmedia":[{"embeddable":true,"href":"https:\/\/tienda.ismet.es\/index.php\/wp-json\/wp\/v2\/media\/24303"}],"wp:attachment":[{"href":"https:\/\/tienda.ismet.es\/index.php\/wp-json\/wp\/v2\/media?parent=1537"}],"wp:term":[{"taxonomy":"product_brand","embeddable":true,"href":"https:\/\/tienda.ismet.es\/index.php\/wp-json\/wp\/v2\/product_brand?post=1537"},{"taxonomy":"product_cat","embeddable":true,"href":"https:\/\/tienda.ismet.es\/index.php\/wp-json\/wp\/v2\/product_cat?post=1537"},{"taxonomy":"product_tag","embeddable":true,"href":"https:\/\/tienda.ismet.es\/index.php\/wp-json\/wp\/v2\/product_tag?post=1537"}],"curies":[{"name":"wp","href":"https:\/\/api.w.org\/{rel}","templated":true}]}}