{"id":1536,"date":"2018-09-04T13:40:16","date_gmt":"2018-09-04T12:40:16","guid":{"rendered":"https:\/\/tienda.ismet.es\/index.php\/producto\/tecnicas-de-estiramientos\/"},"modified":"2026-03-11T13:50:25","modified_gmt":"2026-03-11T12:50:25","slug":"tecnicas-de-estiramientos","status":"publish","type":"product","link":"https:\/\/tienda.ismet.es\/index.php\/producto\/tecnicas-de-estiramientos\/","title":{"rendered":"&#8211; Therapeutic Stretch, t\u00e9cnicas de estiramiento pasivo, fnp, miofascial para terapeutas"},"content":{"rendered":"[vc_row][vc_column][vc_video link=&#8221;https:\/\/youtu.be\/rtZUPBnMK7M&#8221;][vc_column_text]\n<hr \/>\n<div class=\"woocommerce-product-details__short-description\">\n<p class=\"curso\">En este curso aprenderemos a realizar estiramientos de los grandes grupos musculares en diferentes posiciones y formas. Es importante aprender a usarlos de palanca para no lesionarnos nosotros al realizar el estiramiento sobre la persona que est\u00e1 en la camilla.<\/p>\n<p class=\"curso\">Las t\u00e9cnicas de estiramientos musculares est\u00e1n indicadas tanto para realizar en consulta, despu\u00e9s de realizar una descarga muscular, como en el \u00e1mbito deportivo, es decir, son aplicables tanto a atletas como a personas no deportistas. Este curso de estiramientos musculares lo pod\u00e9is realizar solo como m\u00f3dulo o bien, dentro del curso superior de t\u00e9cnicas de masaje.<\/p>\n<hr \/>\n<h4>Objetivos<\/h4>\n<p>Los principales objetivos y competencias del curso de estiramientos musculares son conocer las indicaciones y contraindicaciones de las t\u00e9cnicas de estiramientos, aprender los mecanismos defensivos del cuerpo ante un estiramiento, saber estirar la musculatura aplicando diferentes t\u00e9cnicas de estiramientos musculares con el objetivo de relajar, estimular o potenciar un m\u00fasculo.<\/p>\n<hr \/>\n<h4>Programa del Curso<\/h4>\n<ol>\n<li>Conceptos de estiramientos: Elasticidad, Movilidad articular, Flexibilidad<\/li>\n<li>Tipos de estiramientos:<\/li>\n<li>Indicaciones<\/li>\n<li>El estiramiento en el masaje<\/li>\n<li>Contraindicaciones<\/li>\n<li>Mecanismos de defensa de los tejidos blandos ante un estiramiento<\/li>\n<li>Estiramientos musculares<\/li>\n<\/ol>\n<hr \/>\n<p><!--\n\n\n<h4>Impartido por: Montse Garc\u00eda<\/h4>\n\n\nT\u00e9cnico Especialista en Radiodiagn\u00f3stico, Natur\u00f3pata, Facioterapeuta, Formadora certificada en Facioterapia \u2013 Dien Chan por el Profesor Dr. B\u00f9i Qu\u00f4c Ch\u00e2u (Saig\u00f3n 2006-2009), profesora de la EiMDC, Quiromasajista, Experta en reflexoterapia podal y masaje deportivo. Auxiliar de Cl\u00ednica y de Rehabilitaci\u00f3n, Coordinadora de masajistas deportivos en competiciones de \u00e1mbito nacional e internacional. Formador de Formadores, expedido por la Escuela de Servicios Sanitarios de Canarias, adscrita a la consejer\u00eda de Sanidad, ente p\u00fablico del Gobierno de Canarias. Reconocimiento de Oficialidad por la Administraci\u00f3n P\u00fablica (ESSSCAN)--><\/p>\n[\/vc_column_text][\/vc_column][\/vc_row]\n<\/div>\n","protected":false},"excerpt":{"rendered":"<p>Modalidad presencial. <strong><span style=\"color: #7f7dd1;\"><br \/>\nprogramando fechas<\/strong><\/p>\n<p><\/span><\/p>\n<hr \/>\n<p><strong>Precio Total: <\/strong> 198\u20ac (reserva 80\u20ac + 118\u20ac) (El importe no se devolver\u00e1 en caso de anulaci\u00f3n por parte del alumno). El importe restante (118\u20ac) se abonar\u00e1 el 1er d\u00eda del curso, en efectivo o tarjeta.<\/p>\n<hr \/>\n<p>En este curso aprenderemos a realizar estiramientos de los grandes grupos musculares en diferentes posiciones y formas&#8230; (<a href=\"#tab-description\">Ver m\u00e1s informaci\u00f3n<\/a>)<\/p>\n","protected":false},"featured_media":23911,"comment_status":"open","ping_status":"closed","template":"","meta":{"_joinchat":[]},"product_brand":[],"product_cat":[617,89,98,179],"product_tag":[799,220,798,797],"class_list":{"0":"post-1536","1":"product","2":"type-product","3":"status-publish","4":"has-post-thumbnail","6":"product_cat-imagenes-profesores","7":"product_cat-terapias-manuales","8":"product_cat-cursos","9":"product_cat-cursos-presenciales","10":"product_tag-miofascial","11":"product_tag-montse-garcia","12":"product_tag-tecnicas-de-estiramiento","13":"product_tag-therapeutic-stretch","15":"first","16":"instock","17":"purchasable","18":"product-type-variable"},"_links":{"self":[{"href":"https:\/\/tienda.ismet.es\/index.php\/wp-json\/wp\/v2\/product\/1536","targetHints":{"allow":["GET"]}}],"collection":[{"href":"https:\/\/tienda.ismet.es\/index.php\/wp-json\/wp\/v2\/product"}],"about":[{"href":"https:\/\/tienda.ismet.es\/index.php\/wp-json\/wp\/v2\/types\/product"}],"replies":[{"embeddable":true,"href":"https:\/\/tienda.ismet.es\/index.php\/wp-json\/wp\/v2\/comments?post=1536"}],"wp:featuredmedia":[{"embeddable":true,"href":"https:\/\/tienda.ismet.es\/index.php\/wp-json\/wp\/v2\/media\/23911"}],"wp:attachment":[{"href":"https:\/\/tienda.ismet.es\/index.php\/wp-json\/wp\/v2\/media?parent=1536"}],"wp:term":[{"taxonomy":"product_brand","embeddable":true,"href":"https:\/\/tienda.ismet.es\/index.php\/wp-json\/wp\/v2\/product_brand?post=1536"},{"taxonomy":"product_cat","embeddable":true,"href":"https:\/\/tienda.ismet.es\/index.php\/wp-json\/wp\/v2\/product_cat?post=1536"},{"taxonomy":"product_tag","embeddable":true,"href":"https:\/\/tienda.ismet.es\/index.php\/wp-json\/wp\/v2\/product_tag?post=1536"}],"curies":[{"name":"wp","href":"https:\/\/api.w.org\/{rel}","templated":true}]}}