{"id":1529,"date":"2018-09-04T13:40:15","date_gmt":"2018-09-04T12:40:15","guid":{"rendered":"https:\/\/tienda.ismet.es\/index.php\/producto\/reflexologa-podal-holstica\/"},"modified":"2026-02-27T08:55:51","modified_gmt":"2026-02-27T07:55:51","slug":"reflexologa-podal-holstica","status":"publish","type":"product","link":"https:\/\/tienda.ismet.es\/index.php\/producto\/reflexologa-podal-holstica\/","title":{"rendered":"&#8211; Reflexolog\u00eda podal hol\u00edstica de la energ\u00eda chakra"},"content":{"rendered":"[vc_row][vc_column][vc_video link=&#8221;https:\/\/youtu.be\/J1hLZDNMjck?si=aLsHZeAVjdbxaJT7&#8243;][vc_column_text]\n<hr \/>\n<div class=\"woocommerce-product-details__short-description\">\n<p>La Reflexolog\u00eda es una t\u00e9cnica sencilla, con un gran efecto de relajaci\u00f3n sobre el sistema nervioso y de reequilibrio energ\u00e9tico. Se utiliza en t\u00e9cnicas como en kinesiolog\u00eda, gemoterapia, cromoterapia, aromaterapia para llegar al reequilibrio de la energ\u00eda Chakra. Tambi\u00e9n aprenderemos a interpretar la forma y estructura de los pies y de los dedos para saber la tendencia emocional de la persona, por ejemplo: si son muy mentales, emocionales, si se han sentido limitados en sus deseos o sue\u00f1os, etc.<\/p>\n<hr \/>\n<h4>Objetivos<\/h4>\n<ul>\n<li>Aprender las localizaciones de los puntos reflejos de los chakras.<\/li>\n<li>C\u00f3mo equilibrar los chakras a trav\u00e9s de la reflexolog\u00eda.<\/li>\n<li>Conocer el protocolo de la t\u00e9cnica.<\/li>\n<li>Conocer la simbolog\u00eda de los dedos y de los pies y qu\u00e9 alteraci\u00f3n emocional representa cada uno de ellos.<\/li>\n<\/ul>\n<hr \/>\n<h4>Programa del curso<\/h4>\n<ol>\n<li>Introducci\u00f3n<\/li>\n<li>Simbolog\u00eda de los pies<\/li>\n<li>Simbolog\u00eda de los dedos<\/li>\n<li>Protocolo de reflexolog\u00eda hol\u00edstica del pie<\/li>\n<li>Introducci\u00f3n a la Simbolog\u00eda emocional de las enfermedades.<\/li>\n<\/ol>\n<hr \/>\n[\/vc_column_text][\/vc_column][\/vc_row]\n<\/div>\n","protected":false},"excerpt":{"rendered":"<p><strong>Modalidad presencial.<\/strong> <span style=\"color: #7f7dd1;\" data-darkreader-inline-color=\"\"><br \/>\n<\/span><span style=\"color: #7f7dd1;\" data-darkreader-inline-color=\"\">S\u00e1bado 11 de abril 2026. (de 16 a 19 horas). y domingo 12 de abril 2026 (de 9 a 15 h.).<\/span><\/p>\n<hr \/>\n<p><strong>Precio Total: <\/strong> 154\u20ac. Se abonar\u00e1 de la siguiente manera: Reserva plaza: 50\u20ac + 104\u20ac, que se abonar\u00e1n el primer d\u00eda de clase, en efectivo o tarjeta, antes de empezar. (IVA incluido).<\/p>\n<hr \/>\n<p>Se utilizan t\u00e9cnicas de kinesiolog\u00eda, gemoterapia, cromoterapia, aromaterapia para llegar al reequilibrio de la energ\u00eda Chakra. (<a href=\"#tab-description\">Ver m\u00e1s informaci\u00f3n<\/a>)<\/p>\n","protected":false},"featured_media":23747,"comment_status":"closed","ping_status":"closed","template":"","meta":{"_joinchat":[]},"product_brand":[],"product_cat":[617,89,182,98,179,197],"product_tag":[550,551,220,385,443],"class_list":{"0":"post-1529","1":"product","2":"type-product","3":"status-publish","4":"has-post-thumbnail","6":"product_cat-imagenes-profesores","7":"product_cat-terapias-manuales","8":"product_cat-wellness-y-estetica","9":"product_cat-cursos","10":"product_cat-cursos-presenciales","11":"product_cat-presencial-abril","12":"product_tag-energia-chakra","13":"product_tag-holistica","14":"product_tag-montse-garcia","15":"product_tag-reflexo","16":"product_tag-reflexologia-podal-oriental","17":"pa_ediciones-edicion-febrero","18":"pa_ediciones-edicion-abril","20":"first","21":"instock","22":"purchasable","23":"product-type-simple"},"_links":{"self":[{"href":"https:\/\/tienda.ismet.es\/index.php\/wp-json\/wp\/v2\/product\/1529","targetHints":{"allow":["GET"]}}],"collection":[{"href":"https:\/\/tienda.ismet.es\/index.php\/wp-json\/wp\/v2\/product"}],"about":[{"href":"https:\/\/tienda.ismet.es\/index.php\/wp-json\/wp\/v2\/types\/product"}],"replies":[{"embeddable":true,"href":"https:\/\/tienda.ismet.es\/index.php\/wp-json\/wp\/v2\/comments?post=1529"}],"wp:featuredmedia":[{"embeddable":true,"href":"https:\/\/tienda.ismet.es\/index.php\/wp-json\/wp\/v2\/media\/23747"}],"wp:attachment":[{"href":"https:\/\/tienda.ismet.es\/index.php\/wp-json\/wp\/v2\/media?parent=1529"}],"wp:term":[{"taxonomy":"product_brand","embeddable":true,"href":"https:\/\/tienda.ismet.es\/index.php\/wp-json\/wp\/v2\/product_brand?post=1529"},{"taxonomy":"product_cat","embeddable":true,"href":"https:\/\/tienda.ismet.es\/index.php\/wp-json\/wp\/v2\/product_cat?post=1529"},{"taxonomy":"product_tag","embeddable":true,"href":"https:\/\/tienda.ismet.es\/index.php\/wp-json\/wp\/v2\/product_tag?post=1529"}],"curies":[{"name":"wp","href":"https:\/\/api.w.org\/{rel}","templated":true}]}}