{"id":1523,"date":"2018-09-04T13:40:13","date_gmt":"2018-09-04T12:40:13","guid":{"rendered":"https:\/\/tienda.ismet.es\/index.php\/producto\/masaje-neurosedante-mtodo-rat\/"},"modified":"2026-03-06T10:10:45","modified_gmt":"2026-03-06T09:10:45","slug":"masaje-neurosedante-mtodo-rat","status":"publish","type":"product","link":"https:\/\/tienda.ismet.es\/index.php\/producto\/masaje-neurosedante-mtodo-rat\/","title":{"rendered":"&#8211; Masaje neurosedante, m\u00e9todo RAT"},"content":{"rendered":"[vc_row][vc_column][vc_video link=&#8221;https:\/\/www.youtube.com\/watch?v=xgNnD_27yzE&#8221;][vc_column_text]\n<div class=\"woocommerce-product-details__short-description\">\n<hr \/>\n<h4>Objetivos<\/h4>\n<p>Este m\u00e9todo puede ofrecer numerosos beneficios tanto para el cuerpo como para la mente. Aqu\u00ed te menciono algunos de los m\u00e1s destacados:<br \/>\n\u2705 Reducci\u00f3n del estr\u00e9s y la ansiedad:<br \/>\nAyuda a liberar serotonina, una hormona que mejora el estado de \u00e1nimo y promueve la relajaci\u00f3n.<br \/>\n\u2705 Alivio del dolor muscular: Relaja los m\u00fasculos, mejora la flexibilidad y reduce las contracturas y tensiones acumuladas.<br \/>\n\u2705 Mejora de la circulaci\u00f3n sangu\u00ednea: Favorece el retorno venoso y aumenta el aporte de ox\u00edgeno a los tejidos, lo que tambi\u00e9n mejora el aspecto de la piel.<br \/>\n\u2705 Eliminaci\u00f3n de toxinas: Al mejorar la circulaci\u00f3n, facilita la eliminaci\u00f3n de toxinas a trav\u00e9s del sistema linf\u00e1tico.<br \/>\n\u2705 Mejora del sistema nervioso: Promueve un estado de bienestar general y puede ayudar a reducir dolores de cabeza y migra\u00f1as.<br \/>\n\u2705 Beneficios para la piel: La mejora en la circulaci\u00f3n y la eliminaci\u00f3n de toxinas contribuyen a una piel m\u00e1s sana y bonita.<br \/>\n\u2705 Reducci\u00f3n de los s\u00edntomas premenstruales: En las mujeres, puede ayudar a reducir la inflamaci\u00f3n y el dolor asociados con el ciclo menstrual.<\/p>\n<hr \/>\n<h4>Programa del Curso<\/h4>\n<ol>\n<li>Introducci\u00f3n<\/li>\n<li>Indicaciones<\/li>\n<li>Recordatorio anat\u00f3mico del sistema nervioso<\/li>\n<li>T\u00e9cnica de sincron\u00eda<\/li>\n<li>T\u00e9cnica de AR<\/li>\n<li>T\u00e9cnica de respiraci\u00f3n chacra<\/li>\n<li>T\u00e9cnica del balanceo neurosedante<\/li>\n<li>Maniobras del masaje neurosedante:<br \/>\n. Masaje neurosedante en Extremidades inferiores<br \/>\n. Masaje neurosedante en espalda<br \/>\n. Masaje neurosedante en Cervicales<br \/>\n. Masaje neurosedante en el cr\u00e1neo<br \/>\n. Rastrillado sedativo Dien Chan<\/li>\n<li>Complementos en el masaje neurosedante: m\u00fasica, cromoterapia, gemoterapia, aromaterapia.<\/li>\n<\/ol>\n<hr \/>\n[\/vc_column_text][\/vc_column][\/vc_row]\n<\/div>\n","protected":false},"excerpt":{"rendered":"<p>Modalidad presencial. (Fechas a escoger)<span style=\"color: #7f7dd1;\" data-darkreader-inline-color=\"\"><strong><br \/>\nMi\u00e9rcoles 6, 13, 20 y 27 de mayo 2026.<br \/>\nHorario: de 9.30 a 13:30 horas.<br \/>\n<\/strong><\/span><\/p>\n<hr \/>\n<p>Precio total: 198\u20ac. Las plazas son limitadas. Es necesario reservar con antelaci\u00f3n y abonar 80\u20ac del importe. (El importe no se devolver\u00e1 en caso de anulaci\u00f3n por parte del alumno). El importe restante (118\u20ac) se abonar\u00e1 el 1er d\u00eda del curso, en efectivo o tarjeta.<\/p>\n<hr \/>\n<p>El masaje neurosedante est\u00e1 orientado a \u201csedar\u201d el sistema nervioso&#8230; (<a href=\"#tab-description\">Ver m\u00e1s informaci\u00f3n<\/a>)<\/p>\n","protected":false},"featured_media":23923,"comment_status":"open","ping_status":"closed","template":"","meta":{"_joinchat":[]},"product_brand":[],"product_cat":[617,89,98,179,198],"product_tag":[357,395,396,220,387],"class_list":{"0":"post-1523","1":"product","2":"type-product","3":"status-publish","4":"has-post-thumbnail","6":"product_cat-imagenes-profesores","7":"product_cat-terapias-manuales","8":"product_cat-cursos","9":"product_cat-cursos-presenciales","10":"product_cat-presencial-mayo","11":"product_tag-masaje","12":"product_tag-masaje-neurosedante","13":"product_tag-metodo-rat","14":"product_tag-montse-garcia","15":"product_tag-tecnicas-manuales","16":"pa_ediciones-edicion-enero","17":"pa_ediciones-edicion-julio","18":"pa_ediciones-edicion-octubre","20":"first","21":"instock","22":"purchasable","23":"product-type-simple"},"_links":{"self":[{"href":"https:\/\/tienda.ismet.es\/index.php\/wp-json\/wp\/v2\/product\/1523","targetHints":{"allow":["GET"]}}],"collection":[{"href":"https:\/\/tienda.ismet.es\/index.php\/wp-json\/wp\/v2\/product"}],"about":[{"href":"https:\/\/tienda.ismet.es\/index.php\/wp-json\/wp\/v2\/types\/product"}],"replies":[{"embeddable":true,"href":"https:\/\/tienda.ismet.es\/index.php\/wp-json\/wp\/v2\/comments?post=1523"}],"wp:featuredmedia":[{"embeddable":true,"href":"https:\/\/tienda.ismet.es\/index.php\/wp-json\/wp\/v2\/media\/23923"}],"wp:attachment":[{"href":"https:\/\/tienda.ismet.es\/index.php\/wp-json\/wp\/v2\/media?parent=1523"}],"wp:term":[{"taxonomy":"product_brand","embeddable":true,"href":"https:\/\/tienda.ismet.es\/index.php\/wp-json\/wp\/v2\/product_brand?post=1523"},{"taxonomy":"product_cat","embeddable":true,"href":"https:\/\/tienda.ismet.es\/index.php\/wp-json\/wp\/v2\/product_cat?post=1523"},{"taxonomy":"product_tag","embeddable":true,"href":"https:\/\/tienda.ismet.es\/index.php\/wp-json\/wp\/v2\/product_tag?post=1523"}],"curies":[{"name":"wp","href":"https:\/\/api.w.org\/{rel}","templated":true}]}}