{"id":1522,"date":"2018-09-04T13:40:13","date_gmt":"2018-09-04T12:40:13","guid":{"rendered":"https:\/\/tienda.ismet.es\/index.php\/producto\/masaje-en-estiramientos\/"},"modified":"2026-03-13T08:58:03","modified_gmt":"2026-03-13T07:58:03","slug":"masaje-en-estiramientos","status":"publish","type":"product","link":"https:\/\/tienda.ismet.es\/index.php\/producto\/masaje-en-estiramientos\/","title":{"rendered":"&#8211; Masaje en estiramiento pasivo-activo"},"content":{"rendered":"[vc_row][vc_column][vc_video link=&#8221;https:\/\/youtu.be\/osSt2dyKnMg&#8221;][vc_column_text]\n<hr \/>\n<div class=\"woocommerce-product-details__short-description\">\n<p class=\"curso\">El masaje con estiramientos pasivos consiste en aplicar presiones deslizantes en un sentido concreto sobre un m\u00fasculo que est\u00e1 siendo estirado para mejorar la capacidad el\u00e1stica del m\u00fasculo. El masaje en estiramiento puede ser utilizado tanto en atletas para mejorar su capacidad de elasticidad muscular como en usuarios que presenten alg\u00fan tipo de sobrecarga muscular. Este curso lo pod\u00e9is realizar solo como m\u00f3dulo o bien, dentro del curso superior de t\u00e9cnicas de masaje.<\/p>\n<hr \/>\n<h4>Objetivos<\/h4>\n<p>Aprender y dominar la t\u00e9cnica de masaje en estiramiento. Potenciar la elasticidad muscular. Aumentar la relajaci\u00f3n muscular. Prevenir lesiones musculares<\/p>\n<hr \/>\n<h4>Programa del Curso<\/h4>\n<ol>\n<li>Conceptos anat\u00f3micos<\/li>\n<li>Indicaciones de los estiramientos<\/li>\n<li>Mecanismos de defensa ante un estiramiento<\/li>\n<li>T\u00e9cnica del masaje en estiramiento<\/li>\n<li>Indicaciones<\/li>\n<li>Contraindicaciones<\/li>\n<li>Protocolo de trabajo<\/li>\n<li>Masa en estiramiento en:<br \/>\nCadena posterior: fascia plantar, gastrocnemio, isquiotibial, gl\u00fateo, cuadrado lumbar, paravertebral, dorsal ancho, trapecio , radiales<\/li>\n<li>Cadena anterior:<br \/>\nfascia plantar, tibiales, cu\u00e1driceps, aductores, abdominales, pectoral mayor, deltoides, b\u00edceps, palmares<\/li>\n<\/ol>\n<hr \/>\n<p><!--\n\n\n<h4>Impartido por: Montse Garc\u00eda<\/h4>\n\n\nT\u00e9cnico Especialista en Radiodiagn\u00f3stico, Natur\u00f3pata, Facioterapeuta, Formadora certificada en Facioterapia \u2013 Dien Chan por el Profesor Dr. B\u00f9i Qu\u00f4c Ch\u00e2u (Saig\u00f3n 2006-2009), profesora de la EiMDC, Quiromasajista, Experta en reflexoterapia podal y masaje deportivo. Auxiliar de Cl\u00ednica y de Rehabilitaci\u00f3n, Coordinadora de masajistas deportivos en competiciones de \u00e1mbito nacional e internacional. Formador de Formadores, expedido por la Escuela de Servicios Sanitarios de Canarias, adscrita a la consejer\u00eda de Sanidad, ente p\u00fablico del Gobierno de Canarias. Reconocimiento de Oficialidad por la Administraci\u00f3n P\u00fablica (ESSSCAN)--><\/p>\n[\/vc_column_text][\/vc_column][\/vc_row]\n<\/div>\n","protected":false},"excerpt":{"rendered":"<p>Modalidad presencial. <span style=\"color: #7f7dd1;\"><strong><br \/>\nprogramando fechas<\/strong><\/span><\/p>\n<p>&nbsp;<\/p>\n<hr \/>\n<p><strong>Precio Total: <\/strong>198\u20ac (reserva 80\u20ac + 118\u20ac). (El importe no se devolver\u00e1 en caso de anulaci\u00f3n por parte del alumno)<\/p>\n<hr \/>\n<p>Aprender y dominar la t\u00e9cnica de masaje en estiramiento. Potenciar la elasticidad muscular. Aumentar la relajaci\u00f3n muscular. Prevenir lesiones musculares&#8230; (<a href=\"#tab-description\">Ver m\u00e1s informaci\u00f3n<\/a>)<\/p>\n","protected":false},"featured_media":21664,"comment_status":"open","ping_status":"closed","template":"","meta":{"_joinchat":[]},"product_brand":[],"product_cat":[617,89,98,179],"product_tag":[803,357,802,804,368],"class_list":{"0":"post-1522","1":"product","2":"type-product","3":"status-publish","4":"has-post-thumbnail","6":"product_cat-imagenes-profesores","7":"product_cat-terapias-manuales","8":"product_cat-cursos","9":"product_cat-cursos-presenciales","10":"product_tag-estiramiento","11":"product_tag-masaje","12":"product_tag-masaje-en-estiramiento","13":"product_tag-pasivo-activo","14":"product_tag-terapias-manuales","16":"first","17":"outofstock","18":"product-type-simple"},"_links":{"self":[{"href":"https:\/\/tienda.ismet.es\/index.php\/wp-json\/wp\/v2\/product\/1522","targetHints":{"allow":["GET"]}}],"collection":[{"href":"https:\/\/tienda.ismet.es\/index.php\/wp-json\/wp\/v2\/product"}],"about":[{"href":"https:\/\/tienda.ismet.es\/index.php\/wp-json\/wp\/v2\/types\/product"}],"replies":[{"embeddable":true,"href":"https:\/\/tienda.ismet.es\/index.php\/wp-json\/wp\/v2\/comments?post=1522"}],"wp:featuredmedia":[{"embeddable":true,"href":"https:\/\/tienda.ismet.es\/index.php\/wp-json\/wp\/v2\/media\/21664"}],"wp:attachment":[{"href":"https:\/\/tienda.ismet.es\/index.php\/wp-json\/wp\/v2\/media?parent=1522"}],"wp:term":[{"taxonomy":"product_brand","embeddable":true,"href":"https:\/\/tienda.ismet.es\/index.php\/wp-json\/wp\/v2\/product_brand?post=1522"},{"taxonomy":"product_cat","embeddable":true,"href":"https:\/\/tienda.ismet.es\/index.php\/wp-json\/wp\/v2\/product_cat?post=1522"},{"taxonomy":"product_tag","embeddable":true,"href":"https:\/\/tienda.ismet.es\/index.php\/wp-json\/wp\/v2\/product_tag?post=1522"}],"curies":[{"name":"wp","href":"https:\/\/api.w.org\/{rel}","templated":true}]}}