{"id":1521,"date":"2018-09-04T13:40:13","date_gmt":"2018-09-04T12:40:13","guid":{"rendered":"https:\/\/tienda.ismet.es\/index.php\/producto\/masaje-deportivo\/"},"modified":"2026-04-01T09:18:24","modified_gmt":"2026-04-01T08:18:24","slug":"masaje-deportivo","status":"publish","type":"product","link":"https:\/\/tienda.ismet.es\/index.php\/producto\/masaje-deportivo\/","title":{"rendered":"&#8211; T\u00e9cnica del masaje deportivo"},"content":{"rendered":"[vc_row][vc_column][vc_video link=&#8221;https:\/\/youtu.be\/hmDdzmzjuZk&#8221;][vc_column_text]\n<div class=\"woocommerce-product-details__short-description\">\n<hr \/>\n<h4>Objetivos<\/h4>\n<p>El masaje deportivo es una t\u00e9cnica terap\u00e9utica utilizada para prevenir y tratar lesiones relacionadas con el ejercicio f\u00edsico o el deporte. Est\u00e1 dise\u00f1ado para mejorar el rendimiento de los atletas, aliviar tensiones musculares, reducir el dolor y acelerar la recuperaci\u00f3n despu\u00e9s de entrenamientos intensos o competiciones. Este tipo de masaje se enfoca en los m\u00fasculos, tendones y ligamentos que est\u00e1n m\u00e1s involucrados en la actividad f\u00edsica.<br \/>\nAlgunas de las t\u00e9cnicas comunes incluyen el uso de presiones profundas, estiramientos, fricciones y amasamientos. A menudo se combina con la aplicaci\u00f3n de calor o fr\u00edo seg\u00fan las necesidades del atleta.<\/p>\n<ul>\n<li>Aprende a trabajar en profundidad la musculatura, controlando las presiones de manera precisa y efectiva.<\/li>\n<li>Conoce la fisiolog\u00eda de las lesiones y su proceso de recuperaci\u00f3n, siguiendo los protocolos m\u00e9dicos m\u00e1s actualizados.<\/li>\n<li>Descubre c\u00f3mo realizar pruebas funcionales clave y comprender su utilidad en la evaluaci\u00f3n del estado f\u00edsico.<\/li>\n<li>Desarrolla la capacidad de \u201cescuchar\u201d el m\u00fasculo, interpretando sus se\u00f1ales y necesidades.<\/li>\n<li>Adem\u00e1s, te ense\u00f1amos a mantener una comunicaci\u00f3n fluida y profesional con tus clientes, aplicando los conocimientos adquiridos para ofrecer un servicio de excelencia y mejorar tu imagen como terapeuta.<\/li>\n<\/ul>\n<hr \/>\n<h4>Programa del Curso<\/h4>\n<ul>\n<li>Tipos de masaje: Deportivo, de Preparaci\u00f3n, de Entrenamiento, de Competici\u00f3n, Estimulante, Masaje Tonificante.<\/li>\n<li>Movilizaciones articulares: pasivas, Activas, Biomec\u00e1nicas, Pruebas de Rodilla.<\/li>\n<li>Lesi\u00f3n Deportiva: Clasificaci\u00f3n de las lesiones deportivas, Arquetipos Humanos, Fisiolog\u00eda de la lesi\u00f3n deportiva, Definiciones de lesiones: Agujetas, Alteraciones de ligamento:(Distensi\u00f3n de ligamento, Rotura parcial o esguince medio, Rotura total de ligamento), Alteraciones del tend\u00f3n:(Distensi\u00f3n, Rotura parcial, Rotura total, Tendosinovitis, Tendinitis), Ampollas, Bocadillo o platanito, Calambres, Callosidades, Contusi\u00f3n, Diferencia entre fatiga, agotamiento y desfallecimiento, Distensi\u00f3n muscular, Epistaxis, Fracturas por estr\u00e9s, Hipotermia, La pajara, Luxaci\u00f3n, Miogelosis, Mu\u00f1eca abierta, Osgood Schlater, Periostitis tibial, Pez\u00f3n del corredor, Rotura parcial o desgarro muscular, Rodilla del corredor, Rodilla del saltador, la Tr\u00edada.<\/li>\n<li>Consideraciones b\u00e1sicas en deportes concretos: Aquagym, Artes Marciales, Atletismo, Ciclismo, Culturismo, Motociclismo, Nataci\u00f3n, Senderismo.<\/li>\n<li>Masaje Profundo de descarga muscular: Masaje popl\u00edteo, Coxofemoral, Tr\u00edceps Sural, Cervicalgia, Lumbociatalgia.<\/li>\n<li>T\u00e9cnica Feje para contracturas mec\u00e1nicas, t\u00e9rmicas, defensivas y emocionales.<\/li>\n<li>Crioterapia, Termiterapia.<\/li>\n<\/ul>\n<hr \/>\n<p><!--\n\n\n<h4>Impartido por: Montse Garc\u00eda<\/h4>\n\n\nFacioterapeuta, Formadora certificada en Facioterapia-Dien Chan por el Profesor Dr. B\u00f9i Qu\u00f4c Ch\u00e2u en Espa\u00f1a (2004) y en Ho Chi Minh, en Vietnam (2006 y 2009). Natur\u00f3pata, Quiromasajista, Experta en reflexoterapia podal y masaje deportivo. Coordinadora de masajistas deportivos en competiciones de \u00e1mbito nacional e internacional.--><\/p>\n[\/vc_column_text][\/vc_column][\/vc_row]\n<\/div>\n","protected":false},"excerpt":{"rendered":"<p>Modalidad presencial. (fechas a escoger)<span style=\"color: #7f7dd1;\"><br \/>\n<strong>\u2022 Grupo semanal.<\/strong><br \/>\nInicio: martes 5 de mayo 2026.<br \/>\nFechas: martes, del 5 de mayo al 14 de julio 2026.<br \/>\nHorario: de 15:30h a 19:30 h.<br \/>\n<\/span><\/p>\n<hr \/>\n<p><span style=\"color: #7f7dd1;\"><strong>\u2022 Grupo fin de semana.<\/strong><br \/>\nInicio: s\u00e1bado 9 de mayo 2026.<br \/>\nFechas: s\u00e1bados y domingos: 9-10*mayo, 6-7*junio, 4*julio. El horario es de 9 a 19 h, excepto d\u00edas con* que ser\u00e1 de 9 a 15 h.<br \/>\n<\/span><\/p>\n<hr \/>\n<p><b>Precio Total: <\/b>410\u20ac. Reserva plaza: 80\u20ac, + 2 pagos de 165\u20ac restantes se abonar\u00e1n el 1er d\u00eda del curso de cada mes.<\/p>\n<hr \/>\n<p>Descubre c\u00f3mo realizar pruebas funcionales clave y comprender su utilidad en la evaluaci\u00f3n del estado f\u00edsico&#8230;(<a href=\"#tab-description\">Ver m\u00e1s informaci\u00f3n<\/a>)<\/p>\n","protected":false},"featured_media":12803,"comment_status":"open","ping_status":"closed","template":"","meta":{"_joinchat":[]},"product_brand":[],"product_cat":[617,89,98,198],"product_tag":[508,357,386,220,507,387],"class_list":{"0":"post-1521","1":"product","2":"type-product","3":"status-publish","4":"has-post-thumbnail","6":"product_cat-imagenes-profesores","7":"product_cat-terapias-manuales","8":"product_cat-cursos","9":"product_cat-presencial-mayo","10":"product_tag-deportivo","11":"product_tag-masaje","12":"product_tag-masaje-deportivo","13":"product_tag-montse-garcia","14":"product_tag-tecnica-del-masaje","15":"product_tag-tecnicas-manuales","16":"pa_grupo-gr-sabado","17":"pa_grupo-presencial-semanal","19":"first","20":"instock","21":"purchasable","22":"product-type-variable"},"_links":{"self":[{"href":"https:\/\/tienda.ismet.es\/index.php\/wp-json\/wp\/v2\/product\/1521","targetHints":{"allow":["GET"]}}],"collection":[{"href":"https:\/\/tienda.ismet.es\/index.php\/wp-json\/wp\/v2\/product"}],"about":[{"href":"https:\/\/tienda.ismet.es\/index.php\/wp-json\/wp\/v2\/types\/product"}],"replies":[{"embeddable":true,"href":"https:\/\/tienda.ismet.es\/index.php\/wp-json\/wp\/v2\/comments?post=1521"}],"wp:featuredmedia":[{"embeddable":true,"href":"https:\/\/tienda.ismet.es\/index.php\/wp-json\/wp\/v2\/media\/12803"}],"wp:attachment":[{"href":"https:\/\/tienda.ismet.es\/index.php\/wp-json\/wp\/v2\/media?parent=1521"}],"wp:term":[{"taxonomy":"product_brand","embeddable":true,"href":"https:\/\/tienda.ismet.es\/index.php\/wp-json\/wp\/v2\/product_brand?post=1521"},{"taxonomy":"product_cat","embeddable":true,"href":"https:\/\/tienda.ismet.es\/index.php\/wp-json\/wp\/v2\/product_cat?post=1521"},{"taxonomy":"product_tag","embeddable":true,"href":"https:\/\/tienda.ismet.es\/index.php\/wp-json\/wp\/v2\/product_tag?post=1521"}],"curies":[{"name":"wp","href":"https:\/\/api.w.org\/{rel}","templated":true}]}}