{"id":1499,"date":"2018-09-04T13:40:10","date_gmt":"2018-09-04T12:40:10","guid":{"rendered":"https:\/\/tienda.ismet.es\/index.php\/producto\/feng-shui-i\/"},"modified":"2025-05-07T12:37:40","modified_gmt":"2025-05-07T11:37:40","slug":"feng-shui-i","status":"publish","type":"product","link":"https:\/\/tienda.ismet.es\/index.php\/producto\/feng-shui-i\/","title":{"rendered":"&#8211; Feng Shui, nivel I"},"content":{"rendered":"<div class=\"woocommerce-product-details__short-description\">\n<p>La finalidad del FENG SHUI es descubrir c\u00f3mo fluye la energ\u00eda en la tierra para vivir en ARMON\u00cdA con ella. Con el Feng Shui podemos dar a nuestra casa el equilibrio necesario para hacerla m\u00e1s SALUDABLE y arm\u00f3nica con las energ\u00edas que fluyen en nuestro entorno. Podemos idear e introducir cambios con la finalidad de mejorar nuestra salud y BIENESTAR. Podemos paliar los efectos negativos que producen un exceso o un estancamiento de ENERG\u00cdA.<\/p>\n<hr \/>\n<h4>Objetivos<\/h4>\n<p>Comprender los fundamentos por los cuales se basa esta ciencia milenaria sin recetas m\u00e1gicas ni verdades absolutas: \u00bfQu\u00e9 es el Chi y como se mueve? \u00bfQu\u00e9 es la teor\u00eda del Yin y el Yang y c\u00f3mo act\u00faa? \u00bfPor qu\u00e9 es importante el paso del tiempo? \u00bfPor qu\u00e9 es importante la orientaci\u00f3n respecto al Norte magn\u00e9tico de la tierra? Introducci\u00f3n al pensamiento oriental y m\u00e1s concretamente a la filosof\u00eda y el pensamiento chino. Entender el origen y el funcionamiento del Ba Gua. Aprender a orientarse, a medir la direcci\u00f3n con una br\u00fajula y a conocer los diferentes tipos de casas seg\u00fan su orientaci\u00f3n. Aprender a identificar el Chi y c\u00f3mo circula, entender cuando es bueno o malo y aprender a corregir situaciones desfavorables. Conocer la relaci\u00f3n entre las personas y las casas. Hacer una consulta elemental de Feng Shui.<\/p>\n<\/div>\n<hr \/>\n<h4>Programa del Curso<\/h4>\n<ol>\n<li>M\u00f3dulo 1:<br \/>\n\u00bfQu\u00e9 es Feng Shui?<br \/>\nLos or\u00edgenes<br \/>\nLas diferentes escuelas<br \/>\n\u00bfQu\u00e9 es Qi?<br \/>\nSheng Qi y Sha Qi<br \/>\nLa Escuela de la Forma<br \/>\nLa Cinco Fases de Transformaci\u00f3n del Qi<\/li>\n<\/ol>\n<hr \/>\n<p><!--\n\n\n<h4>Impartido por: Joan Lacruz Gil<\/h4>\n\n\nAsesor profesional de Feng Shui Cl\u00e1sico y alumno del Gran Maestro Joseph Yu (fundador y director del Feng Shui Research Center de Toronto, Canad\u00e1) y de la Maestra Olga Garc\u00eda (responsable de la escuela en el estado espa\u00f1ol). Joan te ofrece la versi\u00f3n de esta escuela y que no est\u00e1 explicada en los libros. Es una versi\u00f3n basada en la tradici\u00f3n, filosof\u00eda e historia del pueblo chino que es de donde nace realmente el Feng Shui Cl\u00e1sico....-->[\/vc_column_text][\/vc_column][\/vc_row]\n","protected":false},"excerpt":{"rendered":"<p>Modalidad online. <span style=\"color: #7f7dd1;\" data-darkreader-inline-color=\"\"><strong><br \/>\nPlanificando fechas<br \/>\n<\/strong><\/span><\/p>\n<hr \/>\n<p>Modalidad presencial. <span style=\"color: #7f7dd1;\" data-darkreader-inline-color=\"\"><b>Pr\u00f3ximamente<\/b><\/span><\/p>\n<hr \/>\n<p>Con el Feng Shui podemos dar a nuestra casa el equilibrio necesario para hacerla m\u00e1s saludable y arm\u00f3nica&#8230; (<a href=\"#tab-description\">Ver m\u00e1s informaci\u00f3n<\/a>)<\/p>\n","protected":false},"featured_media":14412,"comment_status":"open","ping_status":"closed","template":"","meta":{"_joinchat":[]},"product_brand":[],"product_cat":[617,90,98,180,179],"product_tag":[330,331,334,460],"class_list":{"0":"post-1499","1":"product","2":"type-product","3":"status-publish","4":"has-post-thumbnail","6":"product_cat-imagenes-profesores","7":"product_cat-medicina-china-y-acupuntura","8":"product_cat-cursos","9":"product_cat-online","10":"product_cat-cursos-presenciales","11":"product_tag-feng-shui","12":"product_tag-juan-lacruz-gil","13":"product_tag-mtc","14":"product_tag-nivel-1","15":"pa_ediciones-edicion-diciembre","16":"pa_ediciones-edicion-enero","17":"pa_ediciones-edicion-febrero","18":"pa_ediciones-edicion-marzo","19":"pa_ediciones-edicion-abril","20":"pa_ediciones-edicion-mayo","21":"pa_ediciones-edicion-junio","22":"pa_ediciones-edicion-julio","23":"pa_modalidad-online","24":"pa_modalidad-presencial","26":"first","27":"instock","28":"purchasable","29":"product-type-variable"},"_links":{"self":[{"href":"https:\/\/tienda.ismet.es\/index.php\/wp-json\/wp\/v2\/product\/1499","targetHints":{"allow":["GET"]}}],"collection":[{"href":"https:\/\/tienda.ismet.es\/index.php\/wp-json\/wp\/v2\/product"}],"about":[{"href":"https:\/\/tienda.ismet.es\/index.php\/wp-json\/wp\/v2\/types\/product"}],"replies":[{"embeddable":true,"href":"https:\/\/tienda.ismet.es\/index.php\/wp-json\/wp\/v2\/comments?post=1499"}],"wp:featuredmedia":[{"embeddable":true,"href":"https:\/\/tienda.ismet.es\/index.php\/wp-json\/wp\/v2\/media\/14412"}],"wp:attachment":[{"href":"https:\/\/tienda.ismet.es\/index.php\/wp-json\/wp\/v2\/media?parent=1499"}],"wp:term":[{"taxonomy":"product_brand","embeddable":true,"href":"https:\/\/tienda.ismet.es\/index.php\/wp-json\/wp\/v2\/product_brand?post=1499"},{"taxonomy":"product_cat","embeddable":true,"href":"https:\/\/tienda.ismet.es\/index.php\/wp-json\/wp\/v2\/product_cat?post=1499"},{"taxonomy":"product_tag","embeddable":true,"href":"https:\/\/tienda.ismet.es\/index.php\/wp-json\/wp\/v2\/product_tag?post=1499"}],"curies":[{"name":"wp","href":"https:\/\/api.w.org\/{rel}","templated":true}]}}