{"id":1493,"date":"2018-09-04T13:40:09","date_gmt":"2018-09-04T12:40:09","guid":{"rendered":"https:\/\/tienda.ismet.es\/index.php\/producto\/tcnicas-de-proteccin-energtica\/"},"modified":"2026-03-11T13:07:55","modified_gmt":"2026-03-11T12:07:55","slug":"tcnicas-de-proteccin-energtica","status":"publish","type":"product","link":"https:\/\/tienda.ismet.es\/index.php\/producto\/tcnicas-de-proteccin-energtica\/","title":{"rendered":"&#8211; T\u00e9cnicas de protecci\u00f3n energ\u00e9tica"},"content":{"rendered":"[vc_row][vc_column][vc_video link=&#8221;&#8221;][vc_column_text]\n<div class=\"woocommerce-product-details__short-description\">\n<p class=\"curso\">Es muy com\u00fan que al realizar un masaje o cualquier otra terapia en la que tengas un m\u00ednimo de contacto con el usuario, aunque no sea f\u00edsico, sientas cansancio, dolor de cabeza, irritabilidad, etc. Esto sucede si no te has protegido bien, energ\u00e9ticamente, ya que act\u00faas como \u201cesponja\u201d de la energ\u00eda negativa del cliente; La otra persona se va muy agradecida puesto que se encuentra m\u00e1s relajada, libre de tensiones, armoniosa\u2026 Mientras que t\u00fa, como terapeuta, todo lo contrario. Para cualquier terapeuta, especialmente de t\u00e9cnicas manuales que desee aprender diferentes t\u00e9cnicas de protecci\u00f3n, tanto a nivel energ\u00e9tico como f\u00edsico.<\/p>\n<hr \/>\n<h4>Objetivos<\/h4>\n<ol>\n<li>Introducir el concepto tridimensional del ser humano (cuerpo f\u00edsico, mental y emocional)<\/li>\n<li>Entender qu\u00e9 es la energ\u00eda y la gran importancia que tiene, y aprender a trabajar con ella<\/li>\n<li>Conocer los riesgos que el terapeuta puede correr si su salud no es \u00f3ptima a todos los niveles<\/li>\n<li>\u00a0Descubrir las diferentes t\u00e9cnicas que le van a ayudar a conseguir\/potenciar, mantener y\/o \u201cproteger\u201d su estado de bienestar y equilibrio, y c\u00f3mo aplicarlas<\/li>\n<\/ol>\n<\/div>\n<hr \/>\n<h4>Programa del Curso<\/h4>\n<ol>\n<li>Qu\u00e9 es la energ\u00eda. Tipos<\/li>\n<li>C\u00f3mo la perdemos<\/li>\n<li>Estructura energ\u00e9tica: canal central, meridianos y chacras<\/li>\n<li>C\u00f3mo protegernos Salud energ\u00e9tica<\/li>\n<\/ol>\n<hr \/>\n<p><!--\n\n\n<h4>Impartido por: Silvia G\u00f3mez<\/h4>\n\n\nNatur\u00f3pata especializada en nutrici\u00f3n y terapia floral de Bach, Quiromasajista, Linfoterapeuta, Kinesi\u00f3loga, Terapeuta de terapias energ\u00e9ticas como el Biomagnetismo.-->[\/vc_column_text][\/vc_column][\/vc_row]\n","protected":false},"excerpt":{"rendered":"<p>Modalidad online. (fechas a escoger)<span style=\"color: #7f7dd1;\" data-darkreader-inline-color=\"\"><strong><br \/>\n\u2022 Del 2 al 31 de marzo 2026.<br \/>\n\u2022 Del 1 al 30 de abril 2026.<br \/>\n\u2022 Del 4 al 31 de mayo 2026.<br \/>\n\u2022 Del 1 al 30 de junio 2026.<br \/>\n\u2022 Del 1 al 30 de julio 2026.<br \/>\n<\/strong><\/span><\/p>\n<hr \/>\n<p>Es muy com\u00fan que al realizar un masaje o cualquier otra terapia en la que tengas un m\u00ednimo de contacto con el usuario, aunque no sea f\u00edsico, sientas cansancio&#8230;(<a href=\"#tab-description\">Ver m\u00e1s informaci\u00f3n<\/a>)<\/p>\n<hr \/>\n","protected":false},"featured_media":12140,"comment_status":"open","ping_status":"closed","template":"","meta":{"_joinchat":[]},"product_brand":[],"product_cat":[617,183,98,180,201,205,202,203,204],"product_tag":[690,552],"class_list":{"0":"post-1493","1":"product","2":"type-product","3":"status-publish","4":"has-post-thumbnail","6":"product_cat-imagenes-profesores","7":"product_cat-terapias-energeticas","8":"product_cat-cursos","9":"product_cat-online","10":"product_cat-online-marzo","11":"product_cat-online-abril","12":"product_cat-online-mayo","13":"product_cat-online-junio","14":"product_cat-online-julio","15":"product_tag-proteccion-energetica","16":"product_tag-tecnicas-energeticas","17":"pa_ediciones-edicion-diciembre","18":"pa_ediciones-edicion-enero","19":"pa_ediciones-edicion-febrero","20":"pa_ediciones-edicion-marzo","21":"pa_ediciones-edicion-abril","22":"pa_ediciones-edicion-mayo","23":"pa_ediciones-edicion-junio","24":"pa_ediciones-edicion-julio","25":"pa_ediciones-edicion-agosto","26":"pa_ediciones-edicion-septiembre","27":"pa_ediciones-edicion-octubre","28":"pa_ediciones-edicion-noviembre","29":"pa_modalidad-online","31":"first","32":"instock","33":"purchasable","34":"product-type-variable"},"_links":{"self":[{"href":"https:\/\/tienda.ismet.es\/index.php\/wp-json\/wp\/v2\/product\/1493","targetHints":{"allow":["GET"]}}],"collection":[{"href":"https:\/\/tienda.ismet.es\/index.php\/wp-json\/wp\/v2\/product"}],"about":[{"href":"https:\/\/tienda.ismet.es\/index.php\/wp-json\/wp\/v2\/types\/product"}],"replies":[{"embeddable":true,"href":"https:\/\/tienda.ismet.es\/index.php\/wp-json\/wp\/v2\/comments?post=1493"}],"wp:featuredmedia":[{"embeddable":true,"href":"https:\/\/tienda.ismet.es\/index.php\/wp-json\/wp\/v2\/media\/12140"}],"wp:attachment":[{"href":"https:\/\/tienda.ismet.es\/index.php\/wp-json\/wp\/v2\/media?parent=1493"}],"wp:term":[{"taxonomy":"product_brand","embeddable":true,"href":"https:\/\/tienda.ismet.es\/index.php\/wp-json\/wp\/v2\/product_brand?post=1493"},{"taxonomy":"product_cat","embeddable":true,"href":"https:\/\/tienda.ismet.es\/index.php\/wp-json\/wp\/v2\/product_cat?post=1493"},{"taxonomy":"product_tag","embeddable":true,"href":"https:\/\/tienda.ismet.es\/index.php\/wp-json\/wp\/v2\/product_tag?post=1493"}],"curies":[{"name":"wp","href":"https:\/\/api.w.org\/{rel}","templated":true}]}}