{"id":1491,"date":"2018-09-04T13:40:08","date_gmt":"2018-09-04T12:40:08","guid":{"rendered":"https:\/\/tienda.ismet.es\/index.php\/producto\/auriculoterapia\/"},"modified":"2026-03-11T13:51:21","modified_gmt":"2026-03-11T12:51:21","slug":"auriculoterapia","status":"publish","type":"product","link":"https:\/\/tienda.ismet.es\/index.php\/producto\/auriculoterapia\/","title":{"rendered":"&#8211; Auriculoterapia, m\u00e9todo Alfonso Delgado"},"content":{"rendered":"[vc_row][vc_column][vc_video link=&#8221;https:\/\/www.youtube.com\/embed\/-PcDe2WMAT8&#8243;][vc_column_text]\n<div class=\"woocommerce-product-details__short-description\">\n<hr \/>\n<p>La Auriculoterapia es una t\u00e9cnica terap\u00e9utica revolucionaria que estimula puntos espec\u00edficos en la oreja para tratar una amplia variedad de afecciones. Usando m\u00e9todos sencillos y efectivos como agujas, semillas o imanes, esta terapia ofrece beneficios r\u00e1pidos y duraderos. Ideal para aquellos que buscan t\u00e9cnicas no invasivas y con m\u00ednimos efectos secundarios.<\/p>\n<hr \/>\n<h4>Objetivos<\/h4>\n<p>Ventajas destacadas:<\/p>\n<ul>\n<li>Efectividad inmediata: Alivia dolores cr\u00f3nicos, estr\u00e9s, insomnio, y m\u00e1s, en tiempo r\u00e9cord.<\/li>\n<li>Sencillez: No necesitas equipos complejos. Puedes aplicar la terapia en cualquier lugar, usando herramientas m\u00ednimas.<\/li>\n<li>F\u00e1cil de aprender: Un sistema basado en pocos puntos y con una estructura anat\u00f3mica clara.<\/li>\n<li>Econ\u00f3mica: Requiere una inversi\u00f3n baja en materiales, lo que la convierte en una opci\u00f3n accesible para todos.<\/li>\n<li>Pocos efectos secundarios: Solo puede generar una ligera molestia al estimular puntos espec\u00edficos.<\/li>\n<li>Diagn\u00f3stico \u00e1gil: Con solo observar y palpar la oreja, podr\u00e1s realizar un diagn\u00f3stico efectivo.<\/li>\n<\/ul>\n<hr \/>\n<h4>\u00bfQu\u00e9 aprender\u00e1s?<\/h4>\n<p>Historia de la Auriculoterapia. Diferencia entre la auriculoterapia y la acupuntura. Algunas ventajas de la auriculoterapia. Aspecto y estructura de la oreja: Anatom\u00eda de la oreja. Nombres anat\u00f3micos de la superficie de la oreja. Los puntos auriculares. Localizaci\u00f3n y funciones de los puntos auriculares. M\u00e9todos de diagn\u00f3stico. M\u00e9todo de elecci\u00f3n de puntos. Manipulaci\u00f3n de agujas y tiempo. Otras t\u00e9cnicas: Chinchetas semipermanentes. Imanes semipermanentes. Semillas semipermanentes. Moxas. Electro-auriculo. Efectos secundarios y contraindicaciones. Actitud a seguir despu\u00e9s del primer tratamiento.<\/p>\n<hr \/>\n<p>Tratamiento de patolog\u00eda: Se analizar\u00e1n m\u00faltiples patolog\u00edas como obesidad, antitabaco, ci\u00e1tica, depresi\u00f3n, cervicalgias.<br \/>\nPatolog\u00eda Adictiva: Obesidad. Alcoholismo. Tabaquismo. Drogadicci\u00f3n Patolog\u00eda Neurol\u00f3gica: Depresi\u00f3n. Cefalea. Insomnio. Par\u00e1lisis facial. Ci\u00e1tica Patolog\u00eda Ginecol\u00f3gica: Dismenorrea. Menstruaci\u00f3n irregular. Amenorrea. Hemorragia uterina. Patolog\u00eda Digestiva: Nauseas. V\u00f3mitos. Ulcera g\u00e1strica. Duodenal. Estre\u00f1imiento. Hemorroides. Patolog\u00eda Respiratoria: Asma. Tos. Bronquitis. Neumon\u00eda. Gripe. Patolog\u00eda Genitourinaria: Impotencia. Cistitis. Prostatitis. Incontinencia urinaria Patolog\u00eda Cardiovascular: Precordialgias. Hipertensi\u00f3n. Anemia. Taquicardias. Palpitaciones Patolog\u00eda Locomotora: cervicalgias, dorsalgias, lumbalgias. Dolor de hombro, del codo, de mu\u00f1eca, de la mano y dedos. Dolor cadera, rodilla, de tobillo, del pie-dedos. Patolog\u00eda Oftalmol\u00f3gica: Conjuntivitis. Glaucoma. Miop\u00eda-Estrabismo-Cataratas Patolog\u00eda Otorrinolaringol\u00f3gica: Ac\u00fafenos-Hipoacusia. Otitis. Rinitis. Faringitis-Laringitis Patolog\u00eda Bucal: Odontalgias. Estomatitis Patolog\u00eda Dermatol\u00f3gica: Urticaria. Dermatitis al\u00e9rgica. Eczema.<\/p>\n<hr \/>\n<p><!--\n\n\n<h4>Impartido por: Alfonso Delgado<\/h4>\n\n\nLicenciado en Medicina Tradicional China. Natur\u00f3pata y Home\u00f3pata. T\u00e9cnico Superior en Diet\u00e9tica.--><\/p>\n[\/vc_column_text][\/vc_column][\/vc_row]\n<\/div>\n","protected":false},"excerpt":{"rendered":"<p>Modalidad presencial. <span style=\"color: #7f7dd1;\" data-darkreader-inline-color=\"\"><b><\/b><\/span><br \/>\nprogramando fechas<\/p>\n<hr \/>\n<p><b>Precio total: <\/b>660\u20ac.<br \/>\nSe abonar\u00e1 de la siguiente manera: Reserva: 60\u20ac (a abonar en el momento de formalizar tu inscripci\u00f3n) + 5 pagos de 120\u20ac\/mes.<\/p>\n<hr \/>\n<p>La Auriculoterapia se caracteriza por ser una t\u00e9cnica terap\u00e9utica que consiste en estimular a trav\u00e9s de diferentes t\u00e9cnicas (agujas, bolitas, semillas, etc..) los puntos de la oreja. (<a href=\"#tab-description\">Ver m\u00e1s informaci\u00f3n<\/a>)<\/p>\n","protected":false},"featured_media":24006,"comment_status":"open","ping_status":"closed","template":"","meta":{"_joinchat":[]},"product_brand":[],"product_cat":[617,90,98,179],"product_tag":[860,321,345,343,925,334],"class_list":{"0":"post-1491","1":"product","2":"type-product","3":"status-publish","4":"has-post-thumbnail","6":"product_cat-imagenes-profesores","7":"product_cat-medicina-china-y-acupuntura","8":"product_cat-cursos","9":"product_cat-cursos-presenciales","10":"product_tag-agujas","11":"product_tag-alfonso-delgado","12":"product_tag-auriculo","13":"product_tag-auriculoterapia","14":"product_tag-medicina-china","15":"product_tag-mtc","16":"pa_ediciones-edicion-enero","17":"pa_ediciones-edicion-octubre","19":"first","20":"outofstock","21":"purchasable","22":"product-type-simple"},"_links":{"self":[{"href":"https:\/\/tienda.ismet.es\/index.php\/wp-json\/wp\/v2\/product\/1491","targetHints":{"allow":["GET"]}}],"collection":[{"href":"https:\/\/tienda.ismet.es\/index.php\/wp-json\/wp\/v2\/product"}],"about":[{"href":"https:\/\/tienda.ismet.es\/index.php\/wp-json\/wp\/v2\/types\/product"}],"replies":[{"embeddable":true,"href":"https:\/\/tienda.ismet.es\/index.php\/wp-json\/wp\/v2\/comments?post=1491"}],"wp:featuredmedia":[{"embeddable":true,"href":"https:\/\/tienda.ismet.es\/index.php\/wp-json\/wp\/v2\/media\/24006"}],"wp:attachment":[{"href":"https:\/\/tienda.ismet.es\/index.php\/wp-json\/wp\/v2\/media?parent=1491"}],"wp:term":[{"taxonomy":"product_brand","embeddable":true,"href":"https:\/\/tienda.ismet.es\/index.php\/wp-json\/wp\/v2\/product_brand?post=1491"},{"taxonomy":"product_cat","embeddable":true,"href":"https:\/\/tienda.ismet.es\/index.php\/wp-json\/wp\/v2\/product_cat?post=1491"},{"taxonomy":"product_tag","embeddable":true,"href":"https:\/\/tienda.ismet.es\/index.php\/wp-json\/wp\/v2\/product_tag?post=1491"}],"curies":[{"name":"wp","href":"https:\/\/api.w.org\/{rel}","templated":true}]}}