{"id":1490,"date":"2018-09-04T13:40:08","date_gmt":"2018-09-04T11:40:08","guid":{"rendered":"https:\/\/tienda.ismet.es\/index.php\/producto\/facioterapia-i-dien-chan-reflex\/"},"modified":"2026-05-12T15:30:25","modified_gmt":"2026-05-12T14:30:25","slug":"facioterapia-i-dien-chan-reflex","status":"publish","type":"product","link":"https:\/\/tienda.ismet.es\/index.php\/producto\/facioterapia-i-dien-chan-reflex\/","title":{"rendered":"&#8211; Facioterapia I Dien Chan\u2019reflex"},"content":{"rendered":"[vc_row][vc_column][vc_video link=&#8221;https:\/\/youtu.be\/ZXwIJ1XHRvU&#8221;][vc_column_text]\n<hr \/>\n<div class=\"woocommerce-product-details__short-description\">\n<h4>Objetivos<\/h4>\n<p>Conocer las bases te\u00f3ricas, indicaciones, contraindicaciones de esta sencilla t\u00e9cnica. Las indicaciones de la Facioterapia son m\u00faltiples y los resultados son eficaces desde las primeras sesiones, en los casos agudos, la reducci\u00f3n del dolor es casi inmediata. La Facioterapia es efectiva en trastornos neurol\u00f3gicos, g\u00e1stricos, circulatorios, urinarios, afecciones ORL y reum\u00e1ticas, alteraciones en las funciones reproductivas y afecciones cut\u00e1neas. Se obtienen \u00f3ptimos efectos al tratar patolog\u00edas musculares y articulares, (como tort\u00edcolis, calambres, lumbago, ci\u00e1tica\u2026). Adem\u00e1s es muy utilizada en el caso de cefaleas, insomnio y depresi\u00f3n. La Facioterapia o Dien Chan es compatible con todas las dem\u00e1s terapias. Este curso est\u00e1 orientado a reflex\u00f3logos, terapeutas manuales, psicoterapeutas, terapeutas energ\u00e9ticos y a todas aquellas personas que deseen aprender esta t\u00e9cnica reflexol\u00f3gica.<\/p>\n<hr \/>\n<h4>Programa del Curso<\/h4>\n<ul>\n<li>Definici\u00f3n de Facioterapia-Dien Chan<br \/>\nel m\u00e9todo multi reflexol\u00f3gico del Pr. Dr.B\u00f9i Qu\u00f4c Ch\u00e2u.<\/li>\n<li>Resumen hist\u00f3rico de c\u00f3mo el Pr. Dr. B\u00f9i Qu\u00f4c Ch\u00e2u descubre el Dien Chan y explicaciones de la filosof\u00eda de tratamientos.<\/li>\n<li>Explicaci\u00f3n y pr\u00e1ctica de los 12 masajes matinales<\/li>\n<li>Los 8 principios fundamentales de la Facioterapia-Dien Chan<\/li>\n<li>Presentaci\u00f3n y trabajos pr\u00e1cticos de los 4 primeros esquemas de reflexi\u00f3n.<\/li>\n<li>Esquema de las extremidades: cuerpo Yin y Yang sobre el rostro<\/li>\n<li>Hom\u00fanculo del Dr. Penfield, cuerpo, cara y cuello sobre rostro<\/li>\n<li>Esquema de Rodin, cuerpo sobre cr\u00e1neo y el perfil del rostro<\/li>\n<li>Esquema de los \u00f3rganos internos sobre rostro<\/li>\n<li>Uso y efectos yin y yang de algunas de las herramientas propias de Facioterapia Dien Chan<\/li>\n<li>El masaje de las 6 zonas: el Reflexodrenaje<\/li>\n<\/ul>\n<hr \/>\n<p><!--\n\n\n<h4>Impartido por: Montse Garc\u00eda<\/h4>\n\n\nFacioterapeuta, Formadora certificada en Facioterapia-Dien Chan por el Profesor Dr. B\u00f9i Qu\u00f4c Ch\u00e2u en Espa\u00f1a (2004) y en Ho Chi Minh, en Vietnam (2006 y 2009). Natur\u00f3pata, Quiromasajista, Experta en reflexoterapia podal y masaje deportivo. Coordinadora de masajistas deportivos en competiciones de \u00e1mbito nacional e internacional.--><\/p>\n[\/vc_column_text][\/vc_column][\/vc_row]\n<\/div>\n","protected":false},"excerpt":{"rendered":"<p>Modalidad presencial. <span style=\"color: #7f7dd1;\"><strong><br \/>\nJueves 2, 9 y 16 de julio 2026<br \/>\nHorario: de 15:30 a 19:30 horas<\/strong><\/span><\/p>\n<hr \/>\n<p>Precio total: 280\u20ac. Reserva plaza: 50\u20ac, y 230\u20ac restantes se abonar\u00e1n el 1er d\u00eda de curso, antes de empezar, en efectivo o tarjeta. Plazas limitadas.<\/p>\n<hr \/>\n<p>La Facioterapia es efectiva en trastornos neurol\u00f3gicos, g\u00e1stricos, circulatorios&#8230; (<a href=\"#tab-description\">Ver m\u00e1s informaci\u00f3n<\/a>)<\/p>\n","protected":false},"featured_media":32282,"comment_status":"open","ping_status":"closed","template":"","meta":{"_joinchat":[]},"product_brand":[],"product_cat":[617,89,182,98,179,200],"product_tag":[358,344,409,408,956,220,334,368,337],"class_list":{"0":"post-1490","1":"product","2":"type-product","3":"status-publish","4":"has-post-thumbnail","6":"product_cat-imagenes-profesores","7":"product_cat-terapias-manuales","8":"product_cat-wellness-y-estetica","9":"product_cat-cursos","10":"product_cat-cursos-presenciales","11":"product_cat-presencial-julio","12":"product_tag-dien-chanreflex","13":"product_tag-estetica","14":"product_tag-facio","15":"product_tag-facioterapia","16":"product_tag-facioterapia-i","17":"product_tag-montse-garcia","18":"product_tag-mtc","19":"product_tag-terapias-manuales","20":"product_tag-wellness","21":"pa_ediciones-grupo-mananas","22":"pa_ediciones-grupo-tarde","23":"pa_ediciones-edicion-diciembre","24":"pa_ediciones-edicion-febrero","25":"pa_ediciones-edicion-marzo","26":"pa_ediciones-edicion-julio","27":"pa_ediciones-edicion-septiembre","28":"pa_ediciones-edicion-octubre","30":"first","31":"instock","32":"purchasable","33":"product-type-simple"},"_links":{"self":[{"href":"https:\/\/tienda.ismet.es\/index.php\/wp-json\/wp\/v2\/product\/1490","targetHints":{"allow":["GET"]}}],"collection":[{"href":"https:\/\/tienda.ismet.es\/index.php\/wp-json\/wp\/v2\/product"}],"about":[{"href":"https:\/\/tienda.ismet.es\/index.php\/wp-json\/wp\/v2\/types\/product"}],"replies":[{"embeddable":true,"href":"https:\/\/tienda.ismet.es\/index.php\/wp-json\/wp\/v2\/comments?post=1490"}],"wp:featuredmedia":[{"embeddable":true,"href":"https:\/\/tienda.ismet.es\/index.php\/wp-json\/wp\/v2\/media\/32282"}],"wp:attachment":[{"href":"https:\/\/tienda.ismet.es\/index.php\/wp-json\/wp\/v2\/media?parent=1490"}],"wp:term":[{"taxonomy":"product_brand","embeddable":true,"href":"https:\/\/tienda.ismet.es\/index.php\/wp-json\/wp\/v2\/product_brand?post=1490"},{"taxonomy":"product_cat","embeddable":true,"href":"https:\/\/tienda.ismet.es\/index.php\/wp-json\/wp\/v2\/product_cat?post=1490"},{"taxonomy":"product_tag","embeddable":true,"href":"https:\/\/tienda.ismet.es\/index.php\/wp-json\/wp\/v2\/product_tag?post=1490"}],"curies":[{"name":"wp","href":"https:\/\/api.w.org\/{rel}","templated":true}]}}