{"id":1488,"date":"2018-09-04T13:40:08","date_gmt":"2018-09-04T12:40:08","guid":{"rendered":"https:\/\/tienda.ismet.es\/index.php\/producto\/kinesio-taping-vendaje-neuromuscular-avanzado\/"},"modified":"2025-05-16T11:50:15","modified_gmt":"2025-05-16T10:50:15","slug":"kinesio-taping-vendaje-neuromuscular-avanzado","status":"publish","type":"product","link":"https:\/\/tienda.ismet.es\/index.php\/producto\/kinesio-taping-vendaje-neuromuscular-avanzado\/","title":{"rendered":"&#8211; T\u00e9cnica del vendaje neuromuscular kinesio taping, taping japon\u00e9s: nivel avanzado"},"content":{"rendered":"[vc_row][vc_column][vc_video link=&#8221;https:\/\/youtu.be\/qSEqyFJwRJM&#8221;][vc_column_text]\n<div class=\"woocommerce-product-details__short-description\">\n<hr \/>\n<p>Las bases del Vendaje Neuromuscular fueron sentadas en los a\u00f1os setenta en Asia, sobre todo en Corea y Jap\u00f3n. Principios de la quiropraxia y de la kinesiolog\u00eda daban lugar al desarrollo de un nuevo m\u00e9todo denominado \u201cKinesio Taping\u201d, bas\u00e1ndose en el pensamiento de que el movimiento y la actividad muscular son imprescindibles para mantener o recuperar la salud.<\/p>\n<p>La idea que hay detr\u00e1s de este m\u00e9todo es que la musculatura es necesaria para el movimiento, pero tambi\u00e9n influyen en la circulaci\u00f3n sangu\u00ednea y linf\u00e1tica y en la temperatura corporal. Si la musculatura no funciona bien puede provocar toda una serie de s\u00edntomas y lesiones. Bas\u00e1ndose en esto, se desarroll\u00f3 un esparadrapo el\u00e1stico que pod\u00eda ayudar en la funci\u00f3n muscular sin limitar los movimientos corporales. Tratando as\u00ed los m\u00fasculos lesionados, se activa el proceso de recuperaci\u00f3n del propio cuerpo.<\/p>\n<hr \/>\n<h4>Objetivos<\/h4>\n<p>Facilitar a los alumnos los conocimientos, actitudes y habilidades necesarias para la aplicaci\u00f3n de la t\u00e9cnica de Vendaje Neuromuscular en la pr\u00e1ctica diaria del practicante.<\/p>\n<\/div>\n<hr \/>\n<h4>Programa del Curso<\/h4>\n<ol>\n<li>T\u00e9cnicas musculares avanzadas:<br \/>\n&#8211; M. Psoas mayor<br \/>\n&#8211; M. Serrato mayor anterior<br \/>\n&#8211; M. Pectoral mayor Diafragma<br \/>\n&#8211; M. Cuadrado lumbar Mm. Aductores<br \/>\n&#8211; M. Tibial posterior<br \/>\n&#8211; M. Abdominal transverso<br \/>\n&#8211; M. Esplenio<br \/>\n&#8211; M. Vasto externo<br \/>\n&#8211; M. Subescapular<\/li>\n<li>Correcci\u00f3n de la fascia:<br \/>\n&#8211; Epicondilitis lateral<br \/>\n&#8211; Bursitis de cadera<br \/>\n&#8211; Pata de ganso<br \/>\n&#8211; Alineaci\u00f3n patelar<\/li>\n<li>Terapia segmental-terapia de \u00f3rganos:<br \/>\nEst\u00f3mago, Mm. Abdominales, H\u00edgado, M. Dorsal ancho, etc.<\/li>\n<li>Correcci\u00f3n postural: Hipercifosis dorsal Torsi\u00f3n p\u00e9lvica etc.<\/li>\n<li>Aplicaciones en patolog\u00edas espec\u00edficas:<br \/>\nPubalgias<br \/>\nHombro congelado<br \/>\nPinzamiento supraespinoso<br \/>\nInestabilidad del hombro<br \/>\nContusi\u00f3n costilla<br \/>\nArtrosis de cadera<br \/>\nRadiculopat\u00eda, braquial-ci\u00e1tico<br \/>\nCross taping: Cefalea \u2013 Migra\u00f1a Sinusitis<br \/>\nDolor de hombro<br \/>\nInfluencia del color.<\/li>\n<\/ol>\n<hr \/>\n<p><!--\n\n\n<h4>Impartido por: Miguel L\u00f3pez Alarc\u00f3n<\/h4>\n\n\nCarnet profesional de COFENAT n\u00ba 1118. Shiatsuterapeuta y Graduado en Medicina Tradicional China. Profesor de Shiatsu en ISMET.-->[\/vc_column_text][\/vc_column][\/vc_row]\n","protected":false},"excerpt":{"rendered":"<p>Modalidad presencial. <span style=\"color: #7f7dd1;\"><strong><br \/>\nprogramando fechas&#8230;<br \/>\n<\/strong><\/span><\/p>\n<hr\/>\n<p><strong>Precio Total: <\/strong>200\u20ac. Reserva plaza: 50\u20ac + 150\u20ac, que se abonar\u00e1n el primer d\u00eda de curso, en efectivo o tarjeta, antes de empezar.<br \/>\n(IVA incluido).<br \/>\nPrecio especial vendaje Neuromuscular nivel I+II: Reserva plaza: 50\u20ac + 303\u20ac, Se abonar\u00e1 el primer d\u00eda de curso del nivel 1 (efectivo o tarjeta).<br \/>\n(IVA incluido).<\/p>\n<hr\/>\n<p>Aprende las habilidades necesarias para la aplicaci\u00f3n de la t\u00e9cnica de Vendaje Neuromuscular en la pr\u00e1ctica diaria del terapeuta (<a href=\"#tab-description\">Ver m\u00e1s informaci\u00f3n<\/a>)<\/p>\n","protected":false},"featured_media":24008,"comment_status":"open","ping_status":"closed","template":"","meta":{"_joinchat":[]},"product_brand":[],"product_cat":[617,89,98,179],"product_tag":[844,628,629,843,627],"class_list":{"0":"post-1488","1":"product","2":"type-product","3":"status-publish","4":"has-post-thumbnail","6":"product_cat-imagenes-profesores","7":"product_cat-terapias-manuales","8":"product_cat-cursos","9":"product_cat-cursos-presenciales","10":"product_tag-avanzado","11":"product_tag-kinesio-taping","12":"product_tag-taping-japones","13":"product_tag-tecnica-del-vendaje","14":"product_tag-vendaje-neuromuscular","15":"pa_ediciones-edicion-marzo","17":"first","18":"instock","19":"product-type-variable"},"_links":{"self":[{"href":"https:\/\/tienda.ismet.es\/index.php\/wp-json\/wp\/v2\/product\/1488","targetHints":{"allow":["GET"]}}],"collection":[{"href":"https:\/\/tienda.ismet.es\/index.php\/wp-json\/wp\/v2\/product"}],"about":[{"href":"https:\/\/tienda.ismet.es\/index.php\/wp-json\/wp\/v2\/types\/product"}],"replies":[{"embeddable":true,"href":"https:\/\/tienda.ismet.es\/index.php\/wp-json\/wp\/v2\/comments?post=1488"}],"wp:featuredmedia":[{"embeddable":true,"href":"https:\/\/tienda.ismet.es\/index.php\/wp-json\/wp\/v2\/media\/24008"}],"wp:attachment":[{"href":"https:\/\/tienda.ismet.es\/index.php\/wp-json\/wp\/v2\/media?parent=1488"}],"wp:term":[{"taxonomy":"product_brand","embeddable":true,"href":"https:\/\/tienda.ismet.es\/index.php\/wp-json\/wp\/v2\/product_brand?post=1488"},{"taxonomy":"product_cat","embeddable":true,"href":"https:\/\/tienda.ismet.es\/index.php\/wp-json\/wp\/v2\/product_cat?post=1488"},{"taxonomy":"product_tag","embeddable":true,"href":"https:\/\/tienda.ismet.es\/index.php\/wp-json\/wp\/v2\/product_tag?post=1488"}],"curies":[{"name":"wp","href":"https:\/\/api.w.org\/{rel}","templated":true}]}}