{"id":1487,"date":"2018-09-04T13:40:08","date_gmt":"2018-09-04T12:40:08","guid":{"rendered":"https:\/\/tienda.ismet.es\/index.php\/producto\/masaje-cyriax\/"},"modified":"2025-10-06T08:20:41","modified_gmt":"2025-10-06T07:20:41","slug":"masaje-cyriax","status":"publish","type":"product","link":"https:\/\/tienda.ismet.es\/index.php\/producto\/masaje-cyriax\/","title":{"rendered":"&#8211; Masaje Cyriax, fricci\u00f3n transversa profunda"},"content":{"rendered":"[vc_row][vc_column][vc_video link=&#8221;https:\/\/youtu.be\/NhQltLs2Gjk&#8221;][vc_column_text]\n<hr \/>\n<ul>\n<li class=\"woocommerce-product-details__short-description\">Esta t\u00e9cnica manual se realiza sobre tejidos blandos como tendones, ligamentos y m\u00fasculos. La manipulaci\u00f3n que se realiza es una fricci\u00f3n sobre la lesi\u00f3n o sobre las secuelas de \u00e9sta, tales como cicatrices, adherencias o bridas.<br \/>\n<hr \/>\n<h4>Programa del curso<\/h4>\n<ul>\n<li>Alteraciones de ligamento:<br \/>\nDistensi\u00f3n de ligamento. Rotura parcial de ligamento. Rotura total de tend\u00f3n. Esguince de ligamentos de tobillo.<\/li>\n<li>Alteraciones del tend\u00f3n:<br \/>\nDistensi\u00f3n tendinosa. Rotura parcial del tend\u00f3n. Rotura total de ligamento. Sinovitis o peritendinitis. Tendinitis: Epicondilitis o codo de tenista. Epitrocleitis o codo de golfista. Tendinitis del b\u00edceps. Tendinitis del supraespinoso. Tendinitis del subescapular. Tendinitis rotuliana. Tendinitis de los isquiotibiales.<\/li>\n<li>Alteraciones del m\u00fasculo:<br \/>\nDistensi\u00f3n muscular. Rotura fibrilar parcial (Lesi\u00f3n en isquiotibiales. Lesi\u00f3n en gemelos).<\/li>\n<\/ul>\n<\/li>\n<\/ul>\n<hr \/>\n<h4>Objetivos<\/h4>\n<ol>\n<li>La aplicaci\u00f3n de esta t\u00e9cnica est\u00e1 especialmente indicada en alteraciones de: LIGAMENTO \u2013 TENDON \u2013 M\u00daSCULO.<br \/>\nLos objetivos son:<\/p>\n<ul>\n<li>Aprender a localizar correctamente los puntos lesionados.<\/li>\n<li>Conocer el valor terap\u00e9utico del MTP.<\/li>\n<li>Evitar la formaci\u00f3n de tejido cicatrizal anormal en tendones, m\u00fasculos y ligamentos.<\/li>\n<li>Aprender a realizar de forma correcta la Fricci\u00f3n Transversa Profunda.<\/li>\n<li>Conocer las indicaciones y las contraindicaciones de esta t\u00e9cnica.<\/li>\n<\/ul>\n<\/li>\n<\/ol>\n<hr \/>\n<p><!--\n\n\n<h4>Impartido por: Montse Garc\u00eda<\/h4>\n\n\nMasajista deportiva, Natur\u00f3pata. Formadora certificada en Facioterapia-Dien Chan por el Profesor Dr. B\u00f9i Qu\u00f4c Ch\u00e2u en Espa\u00f1a (2004) y en Ho Chi Minh, en Vietnam (2006 y 2009). Experta en Reflexoterapia Podal. Coordinadora de masajistas deportivos en eventos y competiciones deportivas, de \u00e1mbito nacional e internacional...-->[\/vc_column_text][\/vc_column][\/vc_row]\n","protected":false},"excerpt":{"rendered":"<p>Modalidad presencial. <span style=\"color: #7f7dd1;\" data-darkreader-inline-color=\"\"><strong><br \/>\nProgramando pr\u00f3ximas fechas&#8230;<br \/>\n<\/strong><\/span><\/p>\n<hr \/>\n<p>Precio total: 590\u20ac (reserva 80\u20ac + 3 pagos de 170\u20ac)<br \/>\n(El importe no se devolver\u00e1 en caso de anulaci\u00f3n por parte del alumno). Plazas limitadas, reservar con antelaci\u00f3n.<\/p>\n<hr \/>\n<p>Consiste en realizar una fricci\u00f3n transversal a la direcci\u00f3n de las fibras musculares, tendinosas o ligamentosas\u2026 (<a href=\"#tab-description\">Ver m\u00e1s informaci\u00f3n<\/a>)<\/p>\n","protected":false},"featured_media":15600,"comment_status":"open","ping_status":"closed","template":"","meta":{"_joinchat":[]},"product_brand":[],"product_cat":[617,89,98,179],"product_tag":[455,357,456,220,387,368],"class_list":{"0":"post-1487","1":"product","2":"type-product","3":"status-publish","4":"has-post-thumbnail","6":"product_cat-imagenes-profesores","7":"product_cat-terapias-manuales","8":"product_cat-cursos","9":"product_cat-cursos-presenciales","10":"product_tag-cyriax","11":"product_tag-masaje","12":"product_tag-masaje-cyriax","13":"product_tag-montse-garcia","14":"product_tag-tecnicas-manuales","15":"product_tag-terapias-manuales","17":"first","18":"outofstock","19":"product-type-simple"},"_links":{"self":[{"href":"https:\/\/tienda.ismet.es\/index.php\/wp-json\/wp\/v2\/product\/1487","targetHints":{"allow":["GET"]}}],"collection":[{"href":"https:\/\/tienda.ismet.es\/index.php\/wp-json\/wp\/v2\/product"}],"about":[{"href":"https:\/\/tienda.ismet.es\/index.php\/wp-json\/wp\/v2\/types\/product"}],"replies":[{"embeddable":true,"href":"https:\/\/tienda.ismet.es\/index.php\/wp-json\/wp\/v2\/comments?post=1487"}],"wp:featuredmedia":[{"embeddable":true,"href":"https:\/\/tienda.ismet.es\/index.php\/wp-json\/wp\/v2\/media\/15600"}],"wp:attachment":[{"href":"https:\/\/tienda.ismet.es\/index.php\/wp-json\/wp\/v2\/media?parent=1487"}],"wp:term":[{"taxonomy":"product_brand","embeddable":true,"href":"https:\/\/tienda.ismet.es\/index.php\/wp-json\/wp\/v2\/product_brand?post=1487"},{"taxonomy":"product_cat","embeddable":true,"href":"https:\/\/tienda.ismet.es\/index.php\/wp-json\/wp\/v2\/product_cat?post=1487"},{"taxonomy":"product_tag","embeddable":true,"href":"https:\/\/tienda.ismet.es\/index.php\/wp-json\/wp\/v2\/product_tag?post=1487"}],"curies":[{"name":"wp","href":"https:\/\/api.w.org\/{rel}","templated":true}]}}