{"id":14868,"date":"2022-08-29T10:10:44","date_gmt":"2022-08-29T09:10:44","guid":{"rendered":"https:\/\/tienda.ismet.es\/?post_type=product&#038;p=14868"},"modified":"2026-02-17T11:44:34","modified_gmt":"2026-02-17T10:44:34","slug":"masaje-ayurvedico-shiro-champi","status":"publish","type":"product","link":"https:\/\/tienda.ismet.es\/index.php\/producto\/masaje-ayurvedico-shiro-champi\/","title":{"rendered":"&#8211; Masaje ayurv\u00e9dico, shiro champi"},"content":{"rendered":"[vc_row][vc_column][vc_video link=&#8221;https:\/\/youtu.be\/xhEFkPFxL-8&#8243;][vc_column_text]\n<hr \/>\n<div class=\"woocommerce-product-details__short-description\">\n<p>El masaje ayurv\u00e9dico Shiro Champi o Shiro Abhyanga es un masaje basado en los ancestrales principios de la medicina Ayurveda, que busca la estimulaci\u00f3n y desbloqueo de puntos Marma para obtener una relajaci\u00f3n profunda del sistema nervioso y con ello un bienestar y un reequilibrio energ\u00e9tico del cuerpo entero. Esta t\u00e9cnica muy eficaz estimula y libera las energ\u00edas bloqueadas en el cuero cabelludo, el cr\u00e1neo, el rostro, el cuello y los hombros, reduce el estr\u00e9s y las tensiones emocionales y musculares. Correctamente administrado, el Shiro Abhyanga ayuda a rejuvenecer el tejido facial, remueve las toxinas y estimula el tejido subcut\u00e1neo. Es un masaje muy indicado para cefaleas, migra\u00f1as, jaquecas, falta de sue\u00f1o reparador, tensi\u00f3n ocular, \u00f3ptimo para prevenir la ca\u00edda del cabello, actuar sobre contracturas musculares en cervicales y hombros y dolores de espalda. Al activar el l\u00edquido cefalorraqu\u00eddeo es un masaje ideal para reducir la fatiga mental, la falta de concentraci\u00f3n y facilitar pensamientos m\u00e1s claros. Es un masaje que se realiza con el receptor sentado para el masaje en cr\u00e1neo, cuello y hombros y que se finaliza en posici\u00f3n tumbada supina para la realizaci\u00f3n del masaje en rostro.<\/p>\n<hr \/>\n<h4>Objetivos<\/h4>\n<ul>\n<li>Aprender los fundamentos de la medicina ayurv\u00e9dica para un correcto enfoque del masaje, dirigido a sedar o estimular los Doshas en desequilibrio.<\/li>\n<li>Conocer los principales masajes y tratamientos ayurv\u00e9dicos.<\/li>\n<li>Conocer la teor\u00eda de los puntos Marma y saber trabajar los puntos energ\u00e9ticos de cr\u00e1neo, cara y cuello.<\/li>\n<li>Saber utilizar los aceites esenciales adecuados para obtener los mejores resultados en cada caso.<\/li>\n<li>Saber modular la intensidad de las maniobras seg\u00fan el estado psico-f\u00edsico del usuario y conocer la anatom\u00eda de las zonas a tratar.<\/li>\n<li>Aplicar el protocolo completo del masaje en postura sentada y supina, aprendiendo los diferentes ritmos y t\u00e9cnicas de manipulaci\u00f3n suaves y profundas, fricciones, amasamientos,<br \/>\npresiones y golpeteos.<\/li>\n<\/ul>\n<\/div>\n<hr \/>\n<h4>Programa del Curso<\/h4>\n<ol>\n<li>Introducci\u00f3n al Ay\u016brveda.<\/li>\n<li>Los 5 elementos y los Tridoshas.<\/li>\n<li>Los puntos Marma (puntos de energ\u00eda) en cr\u00e1neo, cara y cuello.<\/li>\n<li>Los 7 chakras.<\/li>\n<li>El masaje Shiro Champi (Shiro Abhyanga).<\/li>\n<li>Beneficios y contraindicaciones del Shiro Champi.<\/li>\n<li>Aromaterapia aplicada al masaje Shiro Champi.<\/li>\n<li>Anatom\u00eda aplicada al Shiro Champi.<\/li>\n<li>Protocolo completo de maniobras de Shiro Champi (posici\u00f3n sentada y supina).<\/li>\n<li>Pr\u00e1ctica del masaje Shiro Champi.<\/li>\n<\/ol>\n<hr \/>\n<p><!--\n\n\n<h4>Impartido por: Clara Gasperini.<\/h4>\n\n\nQuiromasajista, Linfoterapeuta, Auriculoterapeuta y Reflex\u00f3loga Podal. Terapeuta Manual y de Est\u00e9tica Natural. Especializada en Terapias Manuales de Bienestar y Ayurveda, masajes, terapias y coach de Nutrici\u00f3n Ayurv\u00e9dica. Experta universitaria en Filosof\u00edas Orientales (por Uni Roma II) y Filosof\u00eda del Yoga, considera las t\u00e9cnicas de respiraci\u00f3n, relajaci\u00f3n y reeducaci\u00f3n postural herramientas necesarias para el mantenimiento y restablecimiento de la salud. Profesora de Yoga, Masaje Tailand\u00e9s y de Estiramientos Terap\u00e9uticos. Desde el 2008 se dedica a las Terapias Naturales y al Crecimiento Personal. Trabaja como Terapeuta Manual, Coach de la Salud y Profesora de Yoga en su estudio de Barcelona.--><\/p>\n[\/vc_column_text][\/vc_column][\/vc_row]\n","protected":false},"excerpt":{"rendered":"<p>Modalidad presencial. <span style=\"color: #7f7dd1;\" data-darkreader-inline-color=\"\"><strong><br \/>\nprogramando fechas<\/strong><\/span><\/p>\n<p>&nbsp;<\/p>\n<hr \/>\n<p>Precio total: 190\u20ac. Se abonar\u00e1 de la siguiente manera: Reserva plaza: 50\u20ac, y 140\u20ac restantes se abonar\u00e1n el 1er d\u00eda del curso, antes de empezar, en efectivo o tarjeta. Plazas limitadas.<\/p>\n<hr \/>\n<p>Busca la estimulaci\u00f3n y desbloqueo de puntos Marma para obtener una relajaci\u00f3n profunda del sistema nervioso y con ello un bienestar y un reequilibrio energ\u00e9tico del cuerpo entero\u2026 (<a href=\"#tab-description\">Ver m\u00e1s informaci\u00f3n<\/a>)<\/p>\n","protected":false},"featured_media":14869,"comment_status":"open","ping_status":"closed","template":"","meta":{"_joinchat":[]},"product_brand":[],"product_cat":[617,89,98,179],"product_tag":[355,344,357,373,375,374],"class_list":{"0":"post-14868","1":"product","2":"type-product","3":"status-publish","4":"has-post-thumbnail","6":"product_cat-imagenes-profesores","7":"product_cat-terapias-manuales","8":"product_cat-cursos","9":"product_cat-cursos-presenciales","10":"product_tag-clara-gasperini","11":"product_tag-estetica","12":"product_tag-masaje","13":"product_tag-masaje-ayurvedico","14":"product_tag-shiro","15":"product_tag-shiro-champi","16":"pa_ediciones-edicion-febrero","17":"pa_ediciones-edicion-abril","19":"first","20":"outofstock","21":"purchasable","22":"product-type-simple"},"_links":{"self":[{"href":"https:\/\/tienda.ismet.es\/index.php\/wp-json\/wp\/v2\/product\/14868","targetHints":{"allow":["GET"]}}],"collection":[{"href":"https:\/\/tienda.ismet.es\/index.php\/wp-json\/wp\/v2\/product"}],"about":[{"href":"https:\/\/tienda.ismet.es\/index.php\/wp-json\/wp\/v2\/types\/product"}],"replies":[{"embeddable":true,"href":"https:\/\/tienda.ismet.es\/index.php\/wp-json\/wp\/v2\/comments?post=14868"}],"wp:featuredmedia":[{"embeddable":true,"href":"https:\/\/tienda.ismet.es\/index.php\/wp-json\/wp\/v2\/media\/14869"}],"wp:attachment":[{"href":"https:\/\/tienda.ismet.es\/index.php\/wp-json\/wp\/v2\/media?parent=14868"}],"wp:term":[{"taxonomy":"product_brand","embeddable":true,"href":"https:\/\/tienda.ismet.es\/index.php\/wp-json\/wp\/v2\/product_brand?post=14868"},{"taxonomy":"product_cat","embeddable":true,"href":"https:\/\/tienda.ismet.es\/index.php\/wp-json\/wp\/v2\/product_cat?post=14868"},{"taxonomy":"product_tag","embeddable":true,"href":"https:\/\/tienda.ismet.es\/index.php\/wp-json\/wp\/v2\/product_tag?post=14868"}],"curies":[{"name":"wp","href":"https:\/\/api.w.org\/{rel}","templated":true}]}}