{"id":1476,"date":"2018-09-04T13:40:06","date_gmt":"2018-09-04T12:40:06","guid":{"rendered":"https:\/\/tienda.ismet.es\/index.php\/producto\/cosmtica-natural\/"},"modified":"2025-09-10T10:14:10","modified_gmt":"2025-09-10T09:14:10","slug":"cosmtica-natural","status":"publish","type":"product","link":"https:\/\/tienda.ismet.es\/index.php\/producto\/cosmtica-natural\/","title":{"rendered":"&#8211; Cosm\u00e9tica natural"},"content":{"rendered":"[vc_row][vc_column][vc_video link=&#8221;https:\/\/youtu.be\/qG6lSNbKdTs&#8221;][vc_column_text]\n<hr \/>\n<div class=\"woocommerce-product-details__short-description\">\n<p>En este taller empezamos a familiarizarnos con la elaboraci\u00f3n de la cosm\u00e9tica natural, descubrir\u00e1s los grandes beneficios y su eficacia en la piel. Hacer mezclas cosm\u00e9ticas o terap\u00e9uticas con ingredientes naturales no puede ser m\u00e1s f\u00e1cil y sencillo. Si realizas tu propia cosm\u00e9tica tendr\u00e1s la seguridad de que est\u00e1 libre de sustancias t\u00f3xicas. Tambi\u00e9n podr\u00e1s realizar tus propias recetas para crear cremas y emulsiones. En este taller aprendemos a formular qu\u00e9 tipo de ingredientes utilizar, en qu\u00e9 medidas, etc.<\/p>\n<hr \/>\n<p><!--\n\n\n<h4>Impartido por: Yolanda Rico<\/h4>\n\n\nAromat\u00f3loga y Natur\u00f3pata. Kinesi\u00f3loga, Auxiliar de Psicolog\u00eda PAP, Quiromasajista. Especializada en Wellness y cosm\u00e9tica natural.--><\/p>\n[\/vc_column_text][\/vc_column][\/vc_row]\n<\/div>\n","protected":false},"excerpt":{"rendered":"<p>Modalidad online. <span style=\"color: #7f7dd1;\" data-darkreader-inline-color=\"\"><strong><br \/>\nProgramando fechas&#8230;<br \/>\n<\/strong> <\/span><\/p>\n<hr \/>\n<p>Modalidad presencial. <span style=\"color: #7f7dd1;\" data-darkreader-inline-color=\"\"><strong><br \/>\nProgramando fechas&#8230;<\/strong> <\/span><\/p>\n<hr \/>\n<p>En este taller empezamos a familiarizarnos con la elaboraci\u00f3n de la cosm\u00e9tica natural, descubrir\u00e1s los grandes beneficios y su eficacia en la piel. (<a href=\"#tab-description\">Ver m\u00e1s informaci\u00f3n<\/a>)<\/p>\n","protected":false},"featured_media":24336,"comment_status":"open","ping_status":"closed","template":"","meta":{"_joinchat":[]},"product_brand":[],"product_cat":[818,617,182,98,180,179],"product_tag":[336,338,920,337,335],"class_list":{"0":"post-1476","1":"product","2":"type-product","3":"status-publish","4":"has-post-thumbnail","6":"product_cat-ideas-de-regalo","7":"product_cat-imagenes-profesores","8":"product_cat-wellness-y-estetica","9":"product_cat-cursos","10":"product_cat-online","11":"product_cat-cursos-presenciales","12":"product_tag-cosmetica-natural","13":"product_tag-estetica-natural","14":"product_tag-productos-naturales","15":"product_tag-wellness","16":"product_tag-yolanda-rico","17":"pa_ediciones-edicion-diciembre","18":"pa_ediciones-edicion-enero","19":"pa_ediciones-edicion-febrero","20":"pa_ediciones-edicion-marzo","21":"pa_ediciones-edicion-abril","22":"pa_ediciones-edicion-mayo","23":"pa_ediciones-edicion-junio","24":"pa_ediciones-edicion-julio","25":"pa_ediciones-edicion-agosto","26":"pa_ediciones-edicion-septiembre","27":"pa_ediciones-edicion-octubre","28":"pa_ediciones-edicion-noviembre","29":"pa_modalidad-online","30":"pa_modalidad-presencial","32":"first","33":"outofstock","34":"taxable","35":"shipping-taxable","36":"purchasable","37":"product-type-simple"},"_links":{"self":[{"href":"https:\/\/tienda.ismet.es\/index.php\/wp-json\/wp\/v2\/product\/1476","targetHints":{"allow":["GET"]}}],"collection":[{"href":"https:\/\/tienda.ismet.es\/index.php\/wp-json\/wp\/v2\/product"}],"about":[{"href":"https:\/\/tienda.ismet.es\/index.php\/wp-json\/wp\/v2\/types\/product"}],"replies":[{"embeddable":true,"href":"https:\/\/tienda.ismet.es\/index.php\/wp-json\/wp\/v2\/comments?post=1476"}],"wp:featuredmedia":[{"embeddable":true,"href":"https:\/\/tienda.ismet.es\/index.php\/wp-json\/wp\/v2\/media\/24336"}],"wp:attachment":[{"href":"https:\/\/tienda.ismet.es\/index.php\/wp-json\/wp\/v2\/media?parent=1476"}],"wp:term":[{"taxonomy":"product_brand","embeddable":true,"href":"https:\/\/tienda.ismet.es\/index.php\/wp-json\/wp\/v2\/product_brand?post=1476"},{"taxonomy":"product_cat","embeddable":true,"href":"https:\/\/tienda.ismet.es\/index.php\/wp-json\/wp\/v2\/product_cat?post=1476"},{"taxonomy":"product_tag","embeddable":true,"href":"https:\/\/tienda.ismet.es\/index.php\/wp-json\/wp\/v2\/product_tag?post=1476"}],"curies":[{"name":"wp","href":"https:\/\/api.w.org\/{rel}","templated":true}]}}