{"id":1473,"date":"2018-09-04T13:40:06","date_gmt":"2018-09-04T12:40:06","guid":{"rendered":"https:\/\/tienda.ismet.es\/index.php\/producto\/masaje-tailands\/"},"modified":"2026-01-27T08:11:59","modified_gmt":"2026-01-27T07:11:59","slug":"masaje-tailands","status":"publish","type":"product","link":"https:\/\/tienda.ismet.es\/index.php\/producto\/masaje-tailands\/","title":{"rendered":"&#8211; Masaje tradicional Tailand\u00e9s"},"content":{"rendered":"[vc_row][vc_column][vc_video link=&#8221;https:\/\/youtu.be\/KEk5EWuoZok&#8221;][vc_column_text]\n<div class=\"woocommerce-product-details__short-description\">\n<hr \/>\n<p>El Masaje Tradicional Tailand\u00e9s es un trabajo corporal lento y din\u00e1mico que implica estiramientos pasivos con presiones est\u00e1ticas en todo el cuerpo, para lo cual el terapeuta utiliza sus manos, dedos, pulgares, nudillos, codos, rodillas, antebrazos, pies y todo el peso corporal en una serie de movimientos enlazados entre s\u00ed con suaves balanceos, de manera r\u00edtmica y coordinada con la respiraci\u00f3n, que visualmente nos parecer\u00e1 una delicada danza oriental.<\/p>\n<hr \/>\n<h4>Programa del Curso<\/h4>\n<ol>\n<li>Historia e influencias<\/li>\n<li>Teor\u00eda meridianos SEN<\/li>\n<li>6 puntos del Nuad Bo-ram<\/li>\n<li>Las claves del terapeuta de masaje tailand\u00e9s<\/li>\n<li>Beneficios y contraindicaciones<\/li>\n<li>Meditaci\u00f3n, respiraci\u00f3n y ejercicios y\u00f3guicos<\/li>\n<li>Tratamiento en posici\u00f3n supina y patolog\u00edas<\/li>\n<li>Puntos de digitopresi\u00f3n en pies y piernas<\/li>\n<li>Apertura de canales de energ\u00eda en piernas<\/li>\n<li>Masaje abdominal<\/li>\n<li>Patolog\u00edas a tratar y contraindicaciones<\/li>\n<li>Puntos de digitopresi\u00f3n: t\u00f3rax, trapecios, hombros, brazos y manos<\/li>\n<li>Apertura de canales de los brazos y puntos reflexol\u00f3gicos de las manos<\/li>\n<li>Puntos de digitopresi\u00f3n en craneo y masaje facial<\/li>\n<li>Tratamiento en posici\u00f3n lateral<\/li>\n<li>L\u00edneas Sen y puntos de digitopresi\u00f3n<\/li>\n<li>Tratamiento en posici\u00f3n prona<\/li>\n<li>Apertura de canales y puntos de digitopresi\u00f3n<\/li>\n<li>Tratamiento en posici\u00f3n sentado<\/li>\n<li>Rutina y tratamiento completo<\/li>\n<li>Teor\u00eda y puntos<\/li>\n<li>Tratamiento de patolog\u00edas espec\u00edficas<\/li>\n<\/ol>\n<hr \/>\n<p><!--\n\n\n<h4>Impartido por: Ozzie Gil S\u00e1nchez<\/h4>\n\n\nDiplomado en Masaje Tradicional Tailand\u00e9s.-->[\/vc_column_text][\/vc_column][\/vc_row]\n<\/div>\n","protected":false},"excerpt":{"rendered":"<p>Modalidad presencial. <span style=\"color: #7f7dd1;\" data-darkreader-inline-color=\"\"><strong><br \/>\nProgramando fechas.<br \/>\n<\/strong><\/span><\/p>\n<hr \/>\n<p><strong>Precio Total: <\/strong>875\u20ac. Reserva de plaza: 65\u20ac + 6 pagos de 135\u20ac\/mes. Los pagos fraccionados se abonar\u00e1n obligatoriamente por domiciliaci\u00f3n bancaria<\/p>\n<p>El Masaje Tradicional Tailand\u00e9s es un trabajo corporal lento y din\u00e1mico que implica estiramientos pasivos con presiones est\u00e1ticas en todo el cuerpo, para lo cual el terapeuta realiza en una serie de movimientos enlazados entre si con suaves balanceos, de manera r\u00edtmica y coordinada con la respiraci\u00f3n (<a href=\"#tab-description\">Ver m\u00e1s informaci\u00f3n<\/a>)<\/p>\n","protected":false},"featured_media":23908,"comment_status":"open","ping_status":"closed","template":"","meta":{"_joinchat":[]},"product_brand":[],"product_cat":[617,89,98,179],"product_tag":[357,595,334,597,596],"class_list":{"0":"post-1473","1":"product","2":"type-product","3":"status-publish","4":"has-post-thumbnail","6":"product_cat-imagenes-profesores","7":"product_cat-terapias-manuales","8":"product_cat-cursos","9":"product_cat-cursos-presenciales","10":"product_tag-masaje","11":"product_tag-masaje-tailandes","12":"product_tag-mtc","13":"product_tag-ozzie-gil-sanchez","14":"product_tag-tai","16":"first","17":"outofstock","18":"virtual","19":"purchasable","20":"product-type-simple"},"_links":{"self":[{"href":"https:\/\/tienda.ismet.es\/index.php\/wp-json\/wp\/v2\/product\/1473","targetHints":{"allow":["GET"]}}],"collection":[{"href":"https:\/\/tienda.ismet.es\/index.php\/wp-json\/wp\/v2\/product"}],"about":[{"href":"https:\/\/tienda.ismet.es\/index.php\/wp-json\/wp\/v2\/types\/product"}],"replies":[{"embeddable":true,"href":"https:\/\/tienda.ismet.es\/index.php\/wp-json\/wp\/v2\/comments?post=1473"}],"wp:featuredmedia":[{"embeddable":true,"href":"https:\/\/tienda.ismet.es\/index.php\/wp-json\/wp\/v2\/media\/23908"}],"wp:attachment":[{"href":"https:\/\/tienda.ismet.es\/index.php\/wp-json\/wp\/v2\/media?parent=1473"}],"wp:term":[{"taxonomy":"product_brand","embeddable":true,"href":"https:\/\/tienda.ismet.es\/index.php\/wp-json\/wp\/v2\/product_brand?post=1473"},{"taxonomy":"product_cat","embeddable":true,"href":"https:\/\/tienda.ismet.es\/index.php\/wp-json\/wp\/v2\/product_cat?post=1473"},{"taxonomy":"product_tag","embeddable":true,"href":"https:\/\/tienda.ismet.es\/index.php\/wp-json\/wp\/v2\/product_tag?post=1473"}],"curies":[{"name":"wp","href":"https:\/\/api.w.org\/{rel}","templated":true}]}}