{"id":14709,"date":"2022-07-28T11:07:54","date_gmt":"2022-07-28T10:07:54","guid":{"rendered":"https:\/\/tienda.ismet.es\/?post_type=product&#038;p=14709"},"modified":"2026-04-22T08:05:38","modified_gmt":"2026-04-22T07:05:38","slug":"stone-therapy-masaje-con-piedras-volcanicas","status":"publish","type":"product","link":"https:\/\/tienda.ismet.es\/index.php\/producto\/stone-therapy-masaje-con-piedras-volcanicas\/","title":{"rendered":"&#8211; Stone therapy, masaje con piedras volc\u00e1nicas"},"content":{"rendered":"[vc_row][vc_column][vc_video link=&#8221;https:\/\/youtu.be\/5QXApAywLfQ&#8221;][vc_column_text]\n<hr \/>\n<div class=\"woocommerce-product-details__short-description\">\n<h4 class=\"titular\">\u00bfEn qu\u00e9 consiste el masaje stone therapy?<\/h4>\n<p class=\"curso\">El masaje con piedras combina lo mejor del antiguo arte del masaje con las propiedades geotermales de las piedras volc\u00e1nicas y marm\u00f3reas.<br \/>\nLa Stone Therapy fue desarrollada para aprovechar los beneficios de la termoterapia y de la crioterapia, para la salud, la est\u00e9tica y la longevidad, aumentando la energ\u00eda vital (prana) y mejorando la salud. El ritmo lento y profundo del masaje permite liberar tensiones musculares y bloqueos energ\u00e9ticos, a la vez que se produce una relajaci\u00f3n profunda del tejido miofascial, gracias a la acci\u00f3n descongestionante de las piedras calientes aplicadas con fricciones profundas. Este masaje calma el sistema nervioso y ayuda a equilibrar el flujo linf\u00e1tico. El uso de las piedras fr\u00edas mejora la circulaci\u00f3n sangu\u00ednea, sobre todo la perif\u00e9rica, adem\u00e1s de tonificar, oxigenar y reafirmar la piel. Es una eficaz t\u00e9cnica para reducir el estr\u00e9s, la tensi\u00f3n y la ansiedad, relajar la musculatura y el dolor cr\u00f3nico, producir una profunda sensaci\u00f3n de bienestar y relax de cuerpo y mente.<\/p>\n<hr \/>\n<h4>Objetivos<\/h4>\n<ul>\n<li>En este curso, esencialmente pr\u00e1ctico, el alumno aprender\u00e1 las herramientas necesarias para desarrollar esta t\u00e9cnica, el correcto uso del calentador, la organizaci\u00f3n de las piedras en el horno, las distintas formas de las piedras y su funci\u00f3n.<\/li>\n<li>El alumno aprender\u00e1 el protocolo de manipulaciones del masaje manual previo y del masaje con las piedras en todo el cuerpo y cara, en posici\u00f3n prona y supina.<\/li>\n<li>Sabr\u00e1 reconocer los casos en los cuales ser\u00e1 m\u00e1s indicada la aplicaci\u00f3n de piedras calientes y cuando la aplicaci\u00f3n alterna de piedras calientes y fr\u00edas, sabiendo las precauciones y contraindicaciones de su uso<\/li>\n<\/ul>\n<\/div>\n<hr \/>\n<h4>Programa del Curso<\/h4>\n<ol>\n<li>Origen de la Stone Therapy.<\/li>\n<li>Visi\u00f3n de la enfermedad y de la salud en la medicina oriental.<\/li>\n<li>Principios y fundamentos de la medicina oriental, Panchamab\u016btas y Doshas.<\/li>\n<li>Los canales energ\u00e9ticos, los Nadi.<\/li>\n<li>Chakras y principales puntos Marma.<\/li>\n<li>La aromaterapia aplicada a la Stone Therapy.<\/li>\n<li>Propiedades f\u00edsicas y energ\u00e9ticas de las gemas y de los minerales.<\/li>\n<li>Los beneficios de la termoterapia y de la crioterapia.<\/li>\n<li>Masaje previo a la Stone Therapy.<\/li>\n<li>Pr\u00e1cticas de la terapia completa Stone Therapy.<\/li>\n<\/ol>\n<hr \/>\n<p><!--\n\n\n<h4>Impartido por: Clara Gasperini.<\/h4>\n\n\nQuiromasajista, Linfoterapeuta, Auriculoterapeuta y Reflex\u00f3loga Podal. Terapeuta Manual y de Est\u00e9tica Natural. Especializada en Terapias Manuales de Bienestar y Ayurveda, masajes, terapias y coach de Nutrici\u00f3n Ayurv\u00e9dica. Experta universitaria en Filosof\u00edas Orientales (por Uni Roma II) y Filosof\u00eda del Yoga, considera las t\u00e9cnicas de respiraci\u00f3n, relajaci\u00f3n y reeducaci\u00f3n postural herramientas necesarias para el mantenimiento y restablecimiento de la salud. Profesora de Yoga, Masaje Tailand\u00e9s y de Estiramientos Terap\u00e9uticos. Desde el 2008 se dedica a las Terapias Naturales y al Crecimiento Personal. Trabaja como Terapeuta Manual, Coach de la Salud y Profesora de Yoga en su estudio de Barcelona.--><\/p>\n[\/vc_column_text][\/vc_column][\/vc_row]\n","protected":false},"excerpt":{"rendered":"<p>Modalidad presencial. <span style=\"color: #7f7dd1;\" data-darkreader-inline-color=\"\"><strong><br \/>\nS\u00e1bado 6 de junio 2026.<br \/>\nHorario: De 9 a 14.30h y de 15 a 18:30 h<br \/>\n9 horas lectivas.<br \/>\n<\/strong><\/span><\/p>\n<hr \/>\n<p>Precio total: 195\u20ac. Se abonar\u00e1 de la siguiente manera: Reserva plaza: 70\u20ac, y 125\u20ac restantes se abonar\u00e1n el 1er d\u00eda del curso, antes de empezar, en efectivo o tarjeta Plazas limitadas.<\/p>\n<hr \/>\n<p>El uso de las piedras fr\u00edas mejora la circulaci\u00f3n sangu\u00ednea, sobre todo la perif\u00e9rica, adem\u00e1s de tonificar, oxigenar y reafirmar la piel\u2026 (<a href=\"#tab-description\">Ver m\u00e1s informaci\u00f3n<\/a>)<\/p>\n","protected":false},"featured_media":31660,"comment_status":"open","ping_status":"closed","template":"","meta":{"_joinchat":[]},"product_brand":[],"product_cat":[617,89,182,98,179,199],"product_tag":[355,344,371,372,370,369,368,337],"class_list":{"0":"post-14709","1":"product","2":"type-product","3":"status-publish","4":"has-post-thumbnail","6":"product_cat-imagenes-profesores","7":"product_cat-terapias-manuales","8":"product_cat-wellness-y-estetica","9":"product_cat-cursos","10":"product_cat-cursos-presenciales","11":"product_cat-presencial-junio","12":"product_tag-clara-gasperini","13":"product_tag-estetica","14":"product_tag-piedras","15":"product_tag-piedras-volcanicas","16":"product_tag-stone","17":"product_tag-stone-therapy","18":"product_tag-terapias-manuales","19":"product_tag-wellness","20":"pa_ediciones-edicion-marzo","21":"pa_ediciones-edicion-junio","23":"first","24":"instock","25":"purchasable","26":"product-type-simple"},"_links":{"self":[{"href":"https:\/\/tienda.ismet.es\/index.php\/wp-json\/wp\/v2\/product\/14709","targetHints":{"allow":["GET"]}}],"collection":[{"href":"https:\/\/tienda.ismet.es\/index.php\/wp-json\/wp\/v2\/product"}],"about":[{"href":"https:\/\/tienda.ismet.es\/index.php\/wp-json\/wp\/v2\/types\/product"}],"replies":[{"embeddable":true,"href":"https:\/\/tienda.ismet.es\/index.php\/wp-json\/wp\/v2\/comments?post=14709"}],"wp:featuredmedia":[{"embeddable":true,"href":"https:\/\/tienda.ismet.es\/index.php\/wp-json\/wp\/v2\/media\/31660"}],"wp:attachment":[{"href":"https:\/\/tienda.ismet.es\/index.php\/wp-json\/wp\/v2\/media?parent=14709"}],"wp:term":[{"taxonomy":"product_brand","embeddable":true,"href":"https:\/\/tienda.ismet.es\/index.php\/wp-json\/wp\/v2\/product_brand?post=14709"},{"taxonomy":"product_cat","embeddable":true,"href":"https:\/\/tienda.ismet.es\/index.php\/wp-json\/wp\/v2\/product_cat?post=14709"},{"taxonomy":"product_tag","embeddable":true,"href":"https:\/\/tienda.ismet.es\/index.php\/wp-json\/wp\/v2\/product_tag?post=14709"}],"curies":[{"name":"wp","href":"https:\/\/api.w.org\/{rel}","templated":true}]}}