{"id":14705,"date":"2022-07-28T10:21:50","date_gmt":"2022-07-28T09:21:50","guid":{"rendered":"https:\/\/tienda.ismet.es\/?post_type=product&#038;p=14705"},"modified":"2025-10-28T18:35:52","modified_gmt":"2025-10-28T17:35:52","slug":"tratamiento-ayurvedico-pindasweda-fabricacion-de-las-pindas-y-protocolo-de-masaje","status":"publish","type":"product","link":"https:\/\/tienda.ismet.es\/index.php\/producto\/tratamiento-ayurvedico-pindasweda-fabricacion-de-las-pindas-y-protocolo-de-masaje\/","title":{"rendered":"&#8211; Tratamiento ayurv\u00e9dico pindasweda, fabricaci\u00f3n de las pindas y protocolo de masaje"},"content":{"rendered":"[vc_row][vc_column][vc_video link=&#8221;https:\/\/youtu.be\/N_tqzYJnNyk&#8221;][vc_column_text]\n<hr \/>\n<div class=\"woocommerce-product-details__short-description\">\n<p class=\"curso\">\u00bfQU\u00c9 ES EL TRATAMIENTO PINDASWEDA?<br \/>\nEl masaje de Pindas, llamado Pindasweda o Kizhi, es una t\u00e9cnica ayurv\u00e9dica muy popular, que consiste en masajear el cuerpo con unas pindas calientes, cataplasmas herbales, que consisten en unos saquitos de tela org\u00e1nica rellenas de alg\u00fan grano, semillas, plantas, especias medicinales y aceites esenciales.<br \/>\nEs un tratamiento que permite la eliminaci\u00f3n de toxinas del cuerpo y la absorci\u00f3n por la piel de los beneficios de las plantas curativas y de los aceites medicados empleados. Es una pr\u00e1ctica muy indicada para el cansancio f\u00edsico, para desintoxicar y purificar el cuerpo, tonificar, revitalizar y oxigenar la piel, para aliviar dolores articulares y musculares, contracturas, para aumentar la circulaci\u00f3n sangu\u00ednea y linf\u00e1tica con efecto anticelul\u00edtico, para incrementar la elasticidad muscular, buscar relajaci\u00f3n profunda, para reducir las molestias articulares como dolores reum\u00e1ticos y artr\u00edticos, para regular los Doshas.<br \/>\nEste curso, muy pr\u00e1ctico, nos introduce en la historia del ayurveda y a sus caracter\u00edsticas principales, proporciona los conocimientos b\u00e1sicos de fitoterapia y aromaterapia aplicable a las Pindas, y da una clara gu\u00eda del procedimiento de preparaci\u00f3n de las pindas y del protocolo completo de maniobras de su aplicaci\u00f3n.<\/p>\n<hr \/>\n<h4>Objetivos<\/h4>\n<ul>\n<li>Aprender la base de la medicina hol\u00edstica ayurv\u00e9dica para un adecuado enfoque del tratamiento.<\/li>\n<li>Conocer los varios tipos de Pindas, seg\u00fan el tama\u00f1o, temperatura, textura, propiedades de la fitoterapia y aromaterapia utilizada, seg\u00fan el procedimiento de preparaci\u00f3n y aplicaci\u00f3n, entre las Pindasweda m\u00e1s conocidas: Navarakizhi, Elakizhi, Podikizhi y Marmakizhi.<\/li>\n<li>Saber preparar unas pindas completas, el contenido (plantas medicinales, aceites esenciales, especias, granos, semillas y aceites base adecuados), la confecci\u00f3n (con algod\u00f3n org\u00e1nico y cuerda) y el calentamiento a vapor.<\/li>\n<li>Conocer los efectos de las principales plantas arom\u00e1ticas y medicinales, aceites esenciales y especias usadas en el tratamiento.<\/li>\n<li>Saber aplicar correctamente el protocolo de Pindasweda, masaje previo y masaje con pindas.<\/li>\n<\/ul>\n<\/div>\n<hr \/>\n<h4>Programa del Curso<\/h4>\n<ol>\n<li>Origen e historia del Ay\u016brveda.<\/li>\n<li>Gunas y Panchamab\u016btas.<\/li>\n<li>Tridoshas.<\/li>\n<li>Las Pindas o Kitzhi: funciones, tipolog\u00edas, caracter\u00edsticas.<\/li>\n<li>Pindasweda, Elakizhi, Marmakizhi, Navarakizhi, Podikizhi.<\/li>\n<li>Preparaci\u00f3n de las pindas: material, fitoterapia en seco y en decocci\u00f3n.<\/li>\n<li>Pr\u00e1ctica de la preparaci\u00f3n completa de pindas, relleno y confecci\u00f3n.<\/li>\n<li>Fitoterapia, especias, aceites base y aromaterapia aplicadas a las pindas.<\/li>\n<li>Beneficios y precauciones en el tratamiento Pindasweda.<\/li>\n<li>Anatom\u00eda aplicada al Pindasweda.<\/li>\n<li>Pr\u00e1ctica del masaje con pindas: protocolo completo en prono y en supino.<\/li>\n<\/ol>\n<hr \/>\n<p><!--\n\n\n<h4>Impartido por: Clara Gasperini.<\/h4>\n\n\nQuiromasajista, Linfoterapeuta, Auriculoterapeuta y Reflex\u00f3loga Podal. Terapeuta Manual y de Est\u00e9tica Natural. Especializada en Terapias Manuales de Bienestar y Ayurveda, masajes, terapias y coach de Nutrici\u00f3n Ayurv\u00e9dica. Experta universitaria en Filosof\u00edas Orientales (por Uni Roma II) y Filosof\u00eda del Yoga, considera las t\u00e9cnicas de respiraci\u00f3n, relajaci\u00f3n y reeducaci\u00f3n postural herramientas necesarias para el mantenimiento y restablecimiento de la salud. Profesora de Yoga, Masaje Tailand\u00e9s y de Estiramientos Terap\u00e9uticos. Desde el 2008 se dedica a las Terapias Naturales y al Crecimiento Personal. Trabaja como Terapeuta Manual, Coach de la Salud y Profesora de Yoga en su estudio de Barcelona.--><\/p>\n[\/vc_column_text][\/vc_column][\/vc_row]\n","protected":false},"excerpt":{"rendered":"<p>Modalidad presencial.<span style=\"color: #7f7dd1;\" data-darkreader-inline-color=\"\"><br \/>\n<strong>Planificando fechas<\/strong><\/span><\/p>\n<hr \/>\n<p>Precio total: 235\u20ac. Reserva plaza: 70\u20ac, y 165\u20ac restantes se abonar\u00e1n el 1er d\u00eda del curso, antes de empezar, en efectivo o tarjeta. Plazas limitadas.<\/p>\n<hr \/>\n<p>Es un tratamiento que permite la eliminaci\u00f3n de toxinas del cuerpo y la absorci\u00f3n por la piel de los beneficios de las plantas curativas y de los aceites medicados empleados\u2026 (<a href=\"#tab-description\">Ver m\u00e1s informaci\u00f3n<\/a>)<\/p>\n","protected":false},"featured_media":14708,"comment_status":"open","ping_status":"closed","template":"","meta":{"_joinchat":[]},"product_brand":[],"product_cat":[617,89,182,98,179],"product_tag":[355,344,366,367,368,337],"class_list":{"0":"post-14705","1":"product","2":"type-product","3":"status-publish","4":"has-post-thumbnail","6":"product_cat-imagenes-profesores","7":"product_cat-terapias-manuales","8":"product_cat-wellness-y-estetica","9":"product_cat-cursos","10":"product_cat-cursos-presenciales","11":"product_tag-clara-gasperini","12":"product_tag-estetica","13":"product_tag-pindas","14":"product_tag-pindasweda","15":"product_tag-terapias-manuales","16":"product_tag-wellness","17":"pa_ediciones-edicion-febrero","18":"pa_ediciones-edicion-febrero-black-friday","20":"first","21":"instock","22":"virtual","23":"purchasable","24":"product-type-simple"},"_links":{"self":[{"href":"https:\/\/tienda.ismet.es\/index.php\/wp-json\/wp\/v2\/product\/14705","targetHints":{"allow":["GET"]}}],"collection":[{"href":"https:\/\/tienda.ismet.es\/index.php\/wp-json\/wp\/v2\/product"}],"about":[{"href":"https:\/\/tienda.ismet.es\/index.php\/wp-json\/wp\/v2\/types\/product"}],"replies":[{"embeddable":true,"href":"https:\/\/tienda.ismet.es\/index.php\/wp-json\/wp\/v2\/comments?post=14705"}],"wp:featuredmedia":[{"embeddable":true,"href":"https:\/\/tienda.ismet.es\/index.php\/wp-json\/wp\/v2\/media\/14708"}],"wp:attachment":[{"href":"https:\/\/tienda.ismet.es\/index.php\/wp-json\/wp\/v2\/media?parent=14705"}],"wp:term":[{"taxonomy":"product_brand","embeddable":true,"href":"https:\/\/tienda.ismet.es\/index.php\/wp-json\/wp\/v2\/product_brand?post=14705"},{"taxonomy":"product_cat","embeddable":true,"href":"https:\/\/tienda.ismet.es\/index.php\/wp-json\/wp\/v2\/product_cat?post=14705"},{"taxonomy":"product_tag","embeddable":true,"href":"https:\/\/tienda.ismet.es\/index.php\/wp-json\/wp\/v2\/product_tag?post=14705"}],"curies":[{"name":"wp","href":"https:\/\/api.w.org\/{rel}","templated":true}]}}