{"id":14543,"date":"2022-07-19T12:20:35","date_gmt":"2022-07-19T11:20:35","guid":{"rendered":"https:\/\/tienda.ismet.es\/?post_type=product&#038;p=14543"},"modified":"2026-03-11T11:43:36","modified_gmt":"2026-03-11T10:43:36","slug":"preparados-herbales","status":"publish","type":"product","link":"https:\/\/tienda.ismet.es\/index.php\/producto\/preparados-herbales\/","title":{"rendered":"&#8211; Preparados herbales"},"content":{"rendered":"[vc_row][vc_column][vc_video link=&#8221;https:\/\/youtu.be\/7A2ue9jTFDE&#8221;][vc_column_text]\n<hr \/>\n<p>Cada d\u00eda somos m\u00e1s los que buscamos recuperar nuestro equilibrio de la forma m\u00e1s natural, reconectando con la naturaleza que nos rodea. Las plantas medicinales son nuestras m\u00e1s fuertes aliadas tanto en la prevenci\u00f3n como en el tratamiento de distintas alteraciones de nuestro organismo. Los dos talleres incluyen una primera parte te\u00f3rica en la que hablaremos de las propiedades de las plantas medicinales y en que distintas formas podemos usarlas. En la segunda parte pr\u00e1ctica aprender\u00e1s a elaborar preparados con plantas de nuestro entorno, para llegar a tener un verdadero botiqu\u00edn natural en casa.<\/p>\n<hr \/>\n<h4>Programa del Curso<\/h4>\n<ul>\n<li>La fitoterapia y las plantas medicinales<\/li>\n<li>Recolecci\u00f3n y conservaci\u00f3n de las plantas<\/li>\n<li>Los preparados herbales<br \/>\no Oleatos<br \/>\no Tinturas<br \/>\no Jarabes<\/li>\n<li>Elaboraci\u00f3n pr\u00e1ctica de los preparados*Para la realizaci\u00f3n del taller se recomienda traer dos tarros de 125ml (para llevar una muestra de los preparados que se trabajen en clase).<\/li>\n<\/ul>\n<hr \/>\n<p><!--\n\n\n<h4>Impartido por: Clara Gasperini.<\/h4>\n\n\nQuiromasajista, Linfoterapeuta, Auriculoterapeuta y Reflex\u00f3loga Podal. Terapeuta Manual y de Est\u00e9tica Natural. Especializada en Terapias Manuales de Bienestar y Ayurveda, masajes, terapias y coach de Nutrici\u00f3n Ayurv\u00e9dica. Experta universitaria en Filosof\u00edas Orientales (por Uni Roma II) y Filosof\u00eda del Yoga, considera las t\u00e9cnicas de respiraci\u00f3n, relajaci\u00f3n y reeducaci\u00f3n postural herramientas necesarias para el mantenimiento y restablecimiento de la salud. Profesora de Yoga, Masaje Tailand\u00e9s y de Estiramientos Terap\u00e9uticos. Desde el 2008 se dedica a las Terapias Naturales y al Crecimiento Personal. Trabaja como Terapeuta Manual, Coach de la Salud y Profesora de Yoga en su estudio de Barcelona.--><\/p>\n<p>.[\/vc_column_text][\/vc_column][\/vc_row]\n","protected":false},"excerpt":{"rendered":"<p>Modalidad online.<span style=\"color: #7f7dd1;\" data-darkreader-inline-color=\"\"><strong><br \/>\n\u2022 Del 2 al 31 de marzo 2026.<br \/>\n\u2022 Del 1 al 30 de abril 2026.<br \/>\n\u2022 Del 4 al 31 de mayo 2026.<br \/>\n\u2022 Del 1 al 30 de junio 2026.<br \/>\n\u2022 Del 1 al 30 de julio 2026.<br \/>\n<\/strong><\/span><\/p>\n<hr \/>\n<p>Modalidad presencial. <span style=\"color: #7f7dd1;\" data-darkreader-inline-color=\"\"><strong><br \/>\nprogramando fechas&#8230;<\/strong><\/span><\/p>\n<p>(<a href=\"#tab-description\">Ver m\u00e1s informaci\u00f3n<\/a>)<\/p>\n","protected":false},"featured_media":24306,"comment_status":"open","ping_status":"closed","template":"","meta":{"_joinchat":[]},"product_brand":[],"product_cat":[617,82,184,98,201,205,202,203,204,194],"product_tag":[572,707,526,938,399,527,706],"class_list":{"0":"post-14543","1":"product","2":"type-product","3":"status-publish","4":"has-post-thumbnail","6":"product_cat-imagenes-profesores","7":"product_cat-naturopatia","8":"product_cat-alimentacion-saludable","9":"product_cat-cursos","10":"product_cat-online-marzo","11":"product_cat-online-abril","12":"product_cat-online-mayo","13":"product_cat-online-junio","14":"product_cat-online-julio","15":"product_cat-presencial-noviembre","16":"product_tag-fito","17":"product_tag-herbo","18":"product_tag-herbodietetica","19":"product_tag-hierbas","20":"product_tag-naturopatia","21":"product_tag-plantas-medicinales","22":"product_tag-preparados-herbales","23":"pa_ediciones-edicion-diciembre","24":"pa_ediciones-edicion-enero","25":"pa_ediciones-edicion-febrero","26":"pa_ediciones-edicion-marzo","27":"pa_ediciones-edicion-abril","28":"pa_ediciones-edicion-mayo","29":"pa_ediciones-edicion-junio","30":"pa_ediciones-edicion-julio","32":"first","33":"instock","34":"purchasable","35":"product-type-variable"},"_links":{"self":[{"href":"https:\/\/tienda.ismet.es\/index.php\/wp-json\/wp\/v2\/product\/14543","targetHints":{"allow":["GET"]}}],"collection":[{"href":"https:\/\/tienda.ismet.es\/index.php\/wp-json\/wp\/v2\/product"}],"about":[{"href":"https:\/\/tienda.ismet.es\/index.php\/wp-json\/wp\/v2\/types\/product"}],"replies":[{"embeddable":true,"href":"https:\/\/tienda.ismet.es\/index.php\/wp-json\/wp\/v2\/comments?post=14543"}],"wp:featuredmedia":[{"embeddable":true,"href":"https:\/\/tienda.ismet.es\/index.php\/wp-json\/wp\/v2\/media\/24306"}],"wp:attachment":[{"href":"https:\/\/tienda.ismet.es\/index.php\/wp-json\/wp\/v2\/media?parent=14543"}],"wp:term":[{"taxonomy":"product_brand","embeddable":true,"href":"https:\/\/tienda.ismet.es\/index.php\/wp-json\/wp\/v2\/product_brand?post=14543"},{"taxonomy":"product_cat","embeddable":true,"href":"https:\/\/tienda.ismet.es\/index.php\/wp-json\/wp\/v2\/product_cat?post=14543"},{"taxonomy":"product_tag","embeddable":true,"href":"https:\/\/tienda.ismet.es\/index.php\/wp-json\/wp\/v2\/product_tag?post=14543"}],"curies":[{"name":"wp","href":"https:\/\/api.w.org\/{rel}","templated":true}]}}