{"id":14497,"date":"2022-07-18T12:01:58","date_gmt":"2022-07-18T11:01:58","guid":{"rendered":"https:\/\/tienda.ismet.es\/?post_type=product&#038;p=14497"},"modified":"2026-03-11T11:46:21","modified_gmt":"2026-03-11T10:46:21","slug":"nutricion-y-suplementacion-en-inflamacion-intestinal-e-intolerancias-alimentarias","status":"publish","type":"product","link":"https:\/\/tienda.ismet.es\/index.php\/producto\/nutricion-y-suplementacion-en-inflamacion-intestinal-e-intolerancias-alimentarias\/","title":{"rendered":"&#8211; Nutrici\u00f3n y suplementaci\u00f3n en inflamaci\u00f3n intestinal e intolerancias alimentarias"},"content":{"rendered":"[vc_row][vc_column][vc_video link=&#8221;https:\/\/youtu.be\/d05N4mU2QYU&#8221;][vc_column_text]\n<div class=\"woocommerce-product-details__short-description\">\n<hr \/>\n<h4>Objetivos<\/h4>\n<p>El alumnado recibir\u00e1 un nutrido conjunto de herramientas Dietoter\u00e1picas y suplementacionales (micronutrici\u00f3n), como apoyo, a las enfermedades que cursan, de una manera u otra, con inflamaci\u00f3n intestinal tal y como las hemos citado anteriormente.<br \/>\nTambi\u00e9n se proporcionar\u00e1 protocolos concretos como ejemplos de tratamiento pr\u00e1ctico y sugerencias acotadas de productos del mercado diet\u00e9tico, dosis, presentaci\u00f3n y precio para cada una de dichas alteraciones, ponderando su utilidad a la luz de los estudios cient\u00edficos m\u00e1s avanzados.<\/p>\n<\/div>\n<hr \/>\n<h4>Programa del Curso<\/h4>\n<ol>\n<li>\u00bfQU\u00c9 ES LA MICROBIOTA INTESTINAL?<\/li>\n<li>FUNCIONES DE LA MICROBIOTA INTESTINAL<\/li>\n<li>MICROBIOTA DE FERMENTACI\u00d3N Y DE PUTREFACCI\u00d3N<\/li>\n<li>IMPORTANCIA DEL H\u00cdGADO EN LA FUNCI\u00d3N DIGESTIVA<\/li>\n<li>GESTI\u00d3N DEL ESTR\u00c9S EN LA FUNCI\u00d3N INTESTINAL (18)<\/li>\n<li>TEOR\u00cdA INTESTINAL DE LA ENFERMEDAD SEG\u00daN DR. JEAN SEIGNALET<\/li>\n<li>NUTRICI\u00d3N Y SUPLEMENTACI\u00d3N EN SIBO (=Sobrecrecimiento Bacteriano en Intestino Delgado)<br \/>\nDefinici\u00f3n, S\u00edntomas, Etiolog\u00eda, Diagnosis, An\u00e1lisis de Disbiosis<br \/>\nDietas aplicables a SIBO<br \/>\nTratamiento Antibi\u00f3tico Natural<br \/>\nSuplementos Recomendados en SIBO<br \/>\nEjemplo de Protocolo de Tratamiento (=Tto) de SIBO<\/li>\n<li>NUTRICI\u00d3N Y SUPLEMENTACI\u00d3N EN CANDIDIASIS INTESTINAL<br \/>\nDefinici\u00f3n, S\u00edntomas, Etiolog\u00eda, Diagnosis<br \/>\nAbordaje Nutricional<br \/>\nSuplementos Recomendados<br \/>\nDieta para la Candidiasis<\/li>\n<li>NUTRICI\u00d3N Y SUPLEMENTACI\u00d3N EN COLITIS ULCEROSA<br \/>\nDefinici\u00f3n, S\u00edntomas, Etiolog\u00eda, Diagnosis<br \/>\nTto. Convencional<br \/>\nTto. por Nutrici\u00f3n y Suplementaci\u00f3n<br \/>\nEjemplo de Protocolo de Tto.<\/li>\n<li>NUTRICI\u00d3N Y SUPLEMENTACI\u00d3N EN ENFERMEDAD DE CROHN<br \/>\nDefinici\u00f3n, S\u00edntomas, Etiolog\u00eda, Diagnosis<br \/>\nTto. Convencional<br \/>\nTto. por Nutrici\u00f3n y Suplementaci\u00f3n<br \/>\nEjemplo de Protocolo de Tratamiento<\/li>\n<li>NUTRICI\u00d3N Y SUPLEMENTACI\u00d3N EN EL S\u00cdNDROME DEL COLON IRRITABLE<br \/>\nDefinici\u00f3n, S\u00edntomas, Etiolog\u00eda, Diagnosis<br \/>\nTto. Convencional<br \/>\nDietas aplicables<br \/>\nSuplementos Recomendados<br \/>\nEjemplo de Protocolo de Tratamiento<\/li>\n<li>NUTRICI\u00d3N Y SUPLEMENTACI\u00d3N EN DIVERTICULITIS\/DIVERTICULOSIS<br \/>\nDefinici\u00f3n, S\u00edntomas, Etiolog\u00eda, Diagnosis<br \/>\nTto. Convencional<br \/>\nNutrici\u00f3n y Suplementaci\u00f3n Recomendada<br \/>\nEjemplo de Protocolo de Tratamiento<\/li>\n<li>NUTRICI\u00d3N Y SUPLEMENTACI\u00d3N EN ALERGIAS, INTOLERANCIAS Y SENSIBILIDADES ALIMENTARIAS<br \/>\nDefinici\u00f3n de T\u00e9rminos<br \/>\nDiferencias entre Alergias, Intolerancias y Sensibilidades Alimentarias<br \/>\nAlergias Alimentarias<br \/>\nIntolerancias Alimentarias<br \/>\nEstudio de las 5 Principales Intolerancias Alimentarias<br \/>\nLactosa<br \/>\nL\u00e1cteos<br \/>\nGluten<br \/>\nHistamina y Tiramina<br \/>\nAditivos y Colorantes<br \/>\nSuplementos y Homeopat\u00eda Recomendados<\/li>\n<li>OTROS RECURSOS RECOMENDADOS<br \/>\nTest de Intolerancias Alimentarias<br \/>\nRecursos Homeop\u00e1ticos<br \/>\nHidroterapia de Colon<\/li>\n<li>ANEXO-1: DIETAS \u00daTILES EN INFLAMACI\u00d3N INTESTINAL<br \/>\nDieta SCD (Dieta de Carbohidratos Espec\u00edficos)<br \/>\nDieta Baja en FODMAP<br \/>\nDieta para Candidiasis<br \/>\nDieta Baja en Histamina<br \/>\nDieta que Regula el Estre\u00f1imiento<br \/>\nDieta Ancestral del Dr. Jean Seignalet<\/li>\n<li>ANEXO-2: PROBI\u00d3TICOS, PREBI\u00d3TICOS Y SIMBI\u00d3TICOS<br \/>\nOrigen de los probi\u00f3ticos<br \/>\nProbi\u00f3ticos, prebi\u00f3ticos y simbi\u00f3ticos<br \/>\nDefinici\u00f3n y clases de probi\u00f3ticos<br \/>\nDefinici\u00f3n y clases de prebi\u00f3ticos<br \/>\nDiferencias entre probi\u00f3ticos, prebi\u00f3ticos y simbi\u00f3ticos<\/li>\n<li>BIBLIOGRAF\u00cdA Y WEBGRAF\u00cdA<\/li>\n<li>LOS BUENOS CONTACTOS<\/li>\n<\/ol>\n<hr \/>\n[\/vc_column_text][\/vc_column][\/vc_row]\n","protected":false},"excerpt":{"rendered":"<p>Modalidad online.<span style=\"color: #7f7dd1;\" data-darkreader-inline-color=\"\"><strong><br \/>\n\u2022 Del 2 al 31 de marzo 2026.<br \/>\n\u2022 Del 1 al 30 de abril 2026.<br \/>\n\u2022 Del 4 al 31 de mayo 2026.<br \/>\n\u2022 Del 1 al 30 de junio 2026.<br \/>\n\u2022 Del 1 al 30 de julio 2026.<br \/>\n<\/strong><br \/>\n<\/span><\/p>\n<hr \/>\n<p>Hace unos decenios comenz\u00f3 a extenderse la candidiasis cr\u00f3nica que tiene su origen en la candidiasis intestinal. Al lado de lo que se dieron en llamar Alergias, Intolerancias y Sensibilidades Alimentarias que nuestra sociedad sufre como una plaga&#8230;. (<a href=\"#tab-description\">Ver m\u00e1s informaci\u00f3n<\/a>)<\/p>\n","protected":false},"featured_media":26612,"comment_status":"open","ping_status":"closed","template":"","meta":{"_joinchat":[]},"product_brand":[],"product_cat":[223,617,82,184,98,180,201,205,202,203,204],"product_tag":[219,350,349,328,327],"class_list":{"0":"post-14497","1":"product","2":"type-product","3":"status-publish","4":"has-post-thumbnail","6":"product_cat-black-friday","7":"product_cat-imagenes-profesores","8":"product_cat-naturopatia","9":"product_cat-alimentacion-saludable","10":"product_cat-cursos","11":"product_cat-online","12":"product_cat-online-marzo","13":"product_cat-online-abril","14":"product_cat-online-mayo","15":"product_cat-online-junio","16":"product_cat-online-julio","17":"product_tag-enric-ser","18":"product_tag-inflamacion-intestinal","19":"product_tag-intolerancias","20":"product_tag-nutricion","21":"product_tag-suplementacion","22":"pa_ediciones-edicion-diciembre","23":"pa_ediciones-edicion-enero","24":"pa_ediciones-edicion-febrero","25":"pa_ediciones-edicion-marzo","26":"pa_ediciones-edicion-abril","27":"pa_ediciones-edicion-mayo","28":"pa_ediciones-edicion-junio","29":"pa_ediciones-edicion-julio","30":"pa_ediciones-edicion-agosto","31":"pa_ediciones-edicion-septiembre","32":"pa_ediciones-edicion-octubre","33":"pa_ediciones-edicion-noviembre","34":"pa_modalidad-online","36":"first","37":"instock","38":"purchasable","39":"product-type-variable"},"_links":{"self":[{"href":"https:\/\/tienda.ismet.es\/index.php\/wp-json\/wp\/v2\/product\/14497","targetHints":{"allow":["GET"]}}],"collection":[{"href":"https:\/\/tienda.ismet.es\/index.php\/wp-json\/wp\/v2\/product"}],"about":[{"href":"https:\/\/tienda.ismet.es\/index.php\/wp-json\/wp\/v2\/types\/product"}],"replies":[{"embeddable":true,"href":"https:\/\/tienda.ismet.es\/index.php\/wp-json\/wp\/v2\/comments?post=14497"}],"wp:featuredmedia":[{"embeddable":true,"href":"https:\/\/tienda.ismet.es\/index.php\/wp-json\/wp\/v2\/media\/26612"}],"wp:attachment":[{"href":"https:\/\/tienda.ismet.es\/index.php\/wp-json\/wp\/v2\/media?parent=14497"}],"wp:term":[{"taxonomy":"product_brand","embeddable":true,"href":"https:\/\/tienda.ismet.es\/index.php\/wp-json\/wp\/v2\/product_brand?post=14497"},{"taxonomy":"product_cat","embeddable":true,"href":"https:\/\/tienda.ismet.es\/index.php\/wp-json\/wp\/v2\/product_cat?post=14497"},{"taxonomy":"product_tag","embeddable":true,"href":"https:\/\/tienda.ismet.es\/index.php\/wp-json\/wp\/v2\/product_tag?post=14497"}],"curies":[{"name":"wp","href":"https:\/\/api.w.org\/{rel}","templated":true}]}}