{"id":1448,"date":"2018-09-04T13:40:02","date_gmt":"2018-09-04T12:40:02","guid":{"rendered":"https:\/\/tienda.ismet.es\/index.php\/producto\/osteopatia-visceral\/"},"modified":"2025-10-28T10:37:37","modified_gmt":"2025-10-28T09:37:37","slug":"osteopatia-visceral","status":"publish","type":"product","link":"https:\/\/tienda.ismet.es\/index.php\/producto\/osteopatia-visceral\/","title":{"rendered":"&#8211; Osteopat\u00eda visceral"},"content":{"rendered":"[vc_row][vc_column][vc_video link=&#8221;&#8221;][vc_column_text]\n<div class=\"woocommerce-product-details__short-description\">\n<h4>Presentaci\u00f3n<\/h4>\n<ul>\n<li>Qu\u00e9 es osteopat\u00eda visceral y para qu\u00e9 sirve.<\/li>\n<\/ul>\n<p>La osteopat\u00eda visceral es la rama de la osteopat\u00eda que se orienta al tratamiento de las alteraciones de movilidad que se producen en el sistema visceral. Estas dolencias viscerales pueden afectar tanto a \u00f3rganos como a estructuras, y se centran especialmente en \u00f3rganos como los pulmones, est\u00f3mago o h\u00edgado para mejorar desde dolores de cabeza y migra\u00f1as; problemas digestivos o urol\u00f3gicos; endometriosis, problemas de pr\u00f3stata e incontinencia; hasta afecciones provocadas por estr\u00e9s o depresi\u00f3n. Durante la aplicaci\u00f3n de la t\u00e9cnica, se realizan suaves masajes para estimular la movilidad, el tono y el movimiento normal de las v\u00edsceras y sus tejidos conectivos. Act\u00faa principalmente sobre los ligamentos relacionados con los \u00f3rganos del cuerpo humano y tambi\u00e9n en restablecer sus capacidades para que pueda moverse y funcionar de forma libre.<br \/>\nEn este sentido, la osteopat\u00eda visceral tiene como objetivo descifrar cualquier tipo de alteraci\u00f3n en el eje natural por el que se mueven los \u00f3rganos. La evaluaci\u00f3n de las relaciones estructurales entre las v\u00edsceras y sus uniones fasciales o ligamentosas al sistema musculoesquel\u00e9tico son la base de esta t\u00e9cnica.<br \/>\nLa movilidad de los \u00f3rganos y sus tejidos conectivos restablece el equilibrio y facilita la salud integral en todo el cuerpo. La aplicaci\u00f3n de masajes suaves pero precisos que estimulan los \u00f3rganos tiene como beneficio eliminar diversas afecciones que pueden tener los pacientes.<\/p>\n<hr \/>\n<h4>Objetivos<\/h4>\n<ul>\n<li>Aprender a diferenciar entre les diversas tensiones que interact\u00faan, a nivel visceral, en el organismo.<\/li>\n<li>Saber relacionar el sistema visceral en un esquema lesionar global.<\/li>\n<li>Educar la mano del alumno para identificar las diferentes lesiones osteop\u00e1ticas viscerales.<\/li>\n<li>Hacer de su palpaci\u00f3n un medio t\u00e9cnico y seguro de elecci\u00f3n de diagn\u00f3stico y pron\u00f3stico. Relacionar la cl\u00ednica del test de palpaci\u00f3n.<\/li>\n<li>Aprender las diferentes t\u00e9cnicas que se pueden aplicar a nivel visceralSaber elegir un eje de tratamiento.<\/li>\n<li>Saber hacer un diagn\u00f3stico diferencial y de exclusi\u00f3n. Realizar una observaci\u00f3n comparativa, test de movilidad, motilidad, palpaci\u00f3n, pruebas neurol\u00f3gicas si la patolog\u00eda lo requiere.<\/li>\n<li>Desarrollar una actitud profesional frente al paciente y a mundo sanitario. (c\u00f3mo comunicar).<\/li>\n<\/ul>\n<hr \/>\n<p><!--\n\n\n<h4>Impartido por: Marie Delage<\/h4>\n\n\n\n\n<div id=\"imagenes_profe\">\n\n\n<div id=\"cv_profe\">\n\n\n<p class=\"curso\">Diploma de osteopat\u00eda por la European School of Osteopathy de Maidstone, Kent. Diploma de Osteopat\u00ed por el Coll\u00e8ge International D\u2019Ost\u00e9opathie, St-Etienne.<\/p>\n\n\n\n<\/div>\n\n\n<\/div>\n\n\n--><\/p>\n<div><\/div>\n[\/vc_column_text][\/vc_column][\/vc_row]\n<\/div>\n","protected":false},"excerpt":{"rendered":"<p>Modalidad presencial<br \/>\n<span style=\"color: #7f7dd1;\" data-darkreader-inline-color=\"\"><strong>programando fechas&#8230;<\/strong><\/span><\/p>\n<hr \/>\n<p><strong>Precio total:<\/strong>1.480\u20ac (El importe del curso se domiciliar\u00e1 en 10 pagos de 142\u20ac mensuales, de octubre de 2025 a julio de 2026).<\/p>\n<hr \/>\n<p>La movilidad de los \u00f3rganos y sus tejidos conectivos restablece el equilibrio y facilita la salud integral en todo el cuerpo&#8230;(<a href=\"#tab-description\">Ver m\u00e1s informaci\u00f3n<\/a>)<\/p>\n","protected":false},"featured_media":15038,"comment_status":"open","ping_status":"closed","template":"","meta":{"_joinchat":[]},"product_brand":[],"product_cat":[617,191,98],"product_tag":[311,249,312],"class_list":{"0":"post-1448","1":"product","2":"type-product","3":"status-publish","4":"has-post-thumbnail","6":"product_cat-imagenes-profesores","7":"product_cat-osteopatia","8":"product_cat-cursos","9":"product_tag-osteo","10":"product_tag-osteopatia-visceral","11":"product_tag-visceral","13":"first","14":"outofstock","15":"virtual","16":"purchasable","17":"product-type-simple"},"_links":{"self":[{"href":"https:\/\/tienda.ismet.es\/index.php\/wp-json\/wp\/v2\/product\/1448","targetHints":{"allow":["GET"]}}],"collection":[{"href":"https:\/\/tienda.ismet.es\/index.php\/wp-json\/wp\/v2\/product"}],"about":[{"href":"https:\/\/tienda.ismet.es\/index.php\/wp-json\/wp\/v2\/types\/product"}],"replies":[{"embeddable":true,"href":"https:\/\/tienda.ismet.es\/index.php\/wp-json\/wp\/v2\/comments?post=1448"}],"wp:featuredmedia":[{"embeddable":true,"href":"https:\/\/tienda.ismet.es\/index.php\/wp-json\/wp\/v2\/media\/15038"}],"wp:attachment":[{"href":"https:\/\/tienda.ismet.es\/index.php\/wp-json\/wp\/v2\/media?parent=1448"}],"wp:term":[{"taxonomy":"product_brand","embeddable":true,"href":"https:\/\/tienda.ismet.es\/index.php\/wp-json\/wp\/v2\/product_brand?post=1448"},{"taxonomy":"product_cat","embeddable":true,"href":"https:\/\/tienda.ismet.es\/index.php\/wp-json\/wp\/v2\/product_cat?post=1448"},{"taxonomy":"product_tag","embeddable":true,"href":"https:\/\/tienda.ismet.es\/index.php\/wp-json\/wp\/v2\/product_tag?post=1448"}],"curies":[{"name":"wp","href":"https:\/\/api.w.org\/{rel}","templated":true}]}}