{"id":1443,"date":"2018-09-04T13:40:01","date_gmt":"2018-09-04T12:40:01","guid":{"rendered":"https:\/\/tienda.ismet.es\/index.php\/producto\/osteopata-craneal\/"},"modified":"2025-04-23T10:10:04","modified_gmt":"2025-04-23T09:10:04","slug":"osteopata-craneal","status":"publish","type":"product","link":"https:\/\/tienda.ismet.es\/index.php\/producto\/osteopata-craneal\/","title":{"rendered":"&#8211; Osteopat\u00eda craneal"},"content":{"rendered":"[vc_row][vc_column][vc_video link=&#8221;&#8221;][vc_column_text]\n<div class=\"woocommerce-product-details__short-description\">\n<h4>Presentaci\u00f3n<\/h4>\n<p><strong>\u00bfQu\u00e9 es la osteopat\u00eda craneal?<\/strong><br \/>\nLa osteopat\u00eda craneal es una terapia manual que se aplica sobre las articulaciones del cr\u00e1neo, y lo hace de forma no invasiva. Tiene como objetivo recuperar el equilibrio, por tanto, permite simult\u00e1neamente activar el proceso de autocuraci\u00f3n del cuerpo.<br \/>\nTrabaja dolencia que tienen su causa en la estructura \u00f3sea del cr\u00e1neo y mand\u00edbula (articulaci\u00f3n t\u00e9mporomandibular), m\u00fasculos que en ella se insertan, gran parte del sistema nervioso central y vegetativo que ella alberga y en la alteraci\u00f3n del funcionamiento de todas estas estructuras. La osteopat\u00eda entiende que el cuerpo es parte de un todo. Por tanto, la osteopat\u00eda craneal no es \u00fanicamente beneficiosa para enfermedades del sistema nervioso (como el estr\u00e9s, falta de sue\u00f1o, ect), sino que tambi\u00e9n es \u00fatil para trabajar dolencoass relacionadas con el sistema respiratorio o digestivo, por ejemplo. El objetivo de estas t\u00e9cnicas es devolver la maleabilidad de los huesos craneales y el equilibrio entre ellos. De esta forma, eliminamos dolores derivados de tensiones suturales, manteniendo tambi\u00e9n un correcto paso de fluidos y estructuras nerviosas en su recorrido por el cr\u00e1neo y agujeros y conductos que en \u00e9l se forman.<\/p>\n<hr \/>\n<h4>Objetivos<\/h4>\n<ul>\n<li>Adquirir los conocimientos, habilidades, t\u00e9cnicas, procedimientos y aptitudes para una pr\u00e1ctica correcta en la atenci\u00f3n a las personas mediante la osteopat\u00eda sacro-craneal.<\/li>\n<li>Conocer la estructura de cada uno de los huesos del cr\u00e1neo y como interact\u00faan entre ellos.<\/li>\n<li>Comprender la relaci\u00f3n del cr\u00e1neo y el resto del organismo.<\/li>\n<li>Comprender la relaci\u00f3n entre el cr\u00e1neo y el sacro.<\/li>\n<li>Evaluar con precisi\u00f3n las posibles lesiones del cr\u00e1neo.<\/li>\n<li>Conocer las t\u00e9cnicas de tratamiento de las lesiones ospteop\u00e1ticas craneales.<\/li>\n<\/ul>\n<h4>Programa<\/h4>\n<ol class=\"cursos\">\n<li>Los cinco componentes del movimiento respiratorio primario (MRP)<\/li>\n<li>Suturas del cr\u00e1neo<\/li>\n<li>Articulaci\u00f3n esfenobasilar<\/li>\n<li>Flexi\u00f3n y extensi\u00f3n SEB<\/li>\n<li>Torsi\u00f3n de la SEB<\/li>\n<li>Compresi\u00f3n y strein de la SEB<\/li>\n<li>Frontal<\/li>\n<li>Parietales<\/li>\n<li>Temporales<\/li>\n<li>V-Spring<\/li>\n<li>Membranas de tensi\u00f3n reciproca<\/li>\n<li>Senos venosos<\/li>\n<li>CV4 y embrollamiento de temporales<\/li>\n<li>Compresi\u00f3n del IV ventr\u00edculo<\/li>\n<li>Balance de temporales sim\u00e9tricos y asim\u00e9tricos<\/li>\n<li>Etmoides, hueso propio de la nariz, unguis y cornete inferior<\/li>\n<li>Maxilar superior y palatino<\/li>\n<li>Unidad pterigopalatina<\/li>\n<li>ATM<\/li>\n<li>Malar, vomer<\/li>\n<li>Exploraci\u00f3n osteopatica del reci\u00e9n nacido<\/li>\n<li>Principios y correcci\u00f3n de lesiones craneales<\/li>\n<li>M\u00e9todos de correcci\u00f3n<\/li>\n<li>Lesiones interoseas esfenooccipitales<\/li>\n<li>Observaci\u00f3n y abordaje del bebe<\/li>\n<li>Examen paliatorio y de movilidad del raquis, pelvis y cadera<\/li>\n<\/ol>\n<p><!--\n\n\n<h4>Impartido por: Julien Alba<\/h4>\n\n\n\n\n<div id=\"imagenes_profe\">\n\n\n<div id=\"cv_profe\">\n\n\n<p class=\"curso\">Oste\u00f3pata franc\u00e9s. Me gradu\u00e9 en el Institut Toulousain d\u2019Ost\u00e9opathie (France) donde curs\u00e9 mi licencia y mi postgrados en osteopat\u00eda (licenciado D.O T.O y nivel 1 RNPC). Form\u00e9 parte del cuadro de profesionales en la cl\u00ednica del ITO de Toulouse en pr\u00e1ctica cl\u00ednica durante cinco a\u00f1os. La medicina, en todas sus formas me atrajo desde peque\u00f1o. V\u00ed en la osteopat\u00eda una forma integrada de ayudar a ciertas patolog\u00edas sin intervenci\u00f3n farmacol\u00f3gica. El oste\u00f3pata tiene un campo de acci\u00f3n muy amplio, desde el beb\u00e9 hasta la persona de avanzada edad, en el embarazo, parto y postparto. Los deportistas de todo \u00e1mbito y nivel encuentran alivio en patolog\u00edas de cualquier nivel y post-traumatismos. Ahora, desde este sector de la medicina en el que estoy completamente formado ofrezco mis servicios y mi soporte.<\/p>\n\n\n\n<\/div>\n\n\n<\/div>\n\n\n--><\/p>\n<div><\/div>\n[\/vc_column_text][\/vc_column][\/vc_row]\n<\/div>\n","protected":false},"excerpt":{"rendered":"<p>Modalidad presencial. <span style=\"color: #7f7dd1;\"><strong><br \/>\nPr\u00f3ximamente<br \/>\n<\/strong><\/span><\/p>\n<hr \/>\n<p><strong>Precio total: 1.455\u20ac.<\/strong>Reserva de plaza 55\u20ac. El importe restante se fraccionar\u00e1 en 10 pagos x 140 \u20ac\/mes, por domiciliaci\u00f3n bancaria<\/p>\n<hr \/>\n<p>Conocer las t\u00e9cnicas de tratamiento de las lesiones osteop\u00e1ticas craneales&#8230;(<a href=\"#tab-description\">Ver m\u00e1s informaci\u00f3n<\/a>)<\/p>\n","protected":false},"featured_media":24301,"comment_status":"open","ping_status":"closed","template":"","meta":{"_joinchat":[]},"product_brand":[],"product_cat":[617,191,98],"product_tag":[310,311,260,248],"class_list":{"0":"post-1443","1":"product","2":"type-product","3":"status-publish","4":"has-post-thumbnail","6":"product_cat-imagenes-profesores","7":"product_cat-osteopatia","8":"product_cat-cursos","9":"product_tag-craneal","10":"product_tag-osteo","11":"product_tag-osteopatia","12":"product_tag-osteopatia-craneal","14":"first","15":"instock","16":"virtual","17":"purchasable","18":"product-type-simple"},"_links":{"self":[{"href":"https:\/\/tienda.ismet.es\/index.php\/wp-json\/wp\/v2\/product\/1443","targetHints":{"allow":["GET"]}}],"collection":[{"href":"https:\/\/tienda.ismet.es\/index.php\/wp-json\/wp\/v2\/product"}],"about":[{"href":"https:\/\/tienda.ismet.es\/index.php\/wp-json\/wp\/v2\/types\/product"}],"replies":[{"embeddable":true,"href":"https:\/\/tienda.ismet.es\/index.php\/wp-json\/wp\/v2\/comments?post=1443"}],"wp:featuredmedia":[{"embeddable":true,"href":"https:\/\/tienda.ismet.es\/index.php\/wp-json\/wp\/v2\/media\/24301"}],"wp:attachment":[{"href":"https:\/\/tienda.ismet.es\/index.php\/wp-json\/wp\/v2\/media?parent=1443"}],"wp:term":[{"taxonomy":"product_brand","embeddable":true,"href":"https:\/\/tienda.ismet.es\/index.php\/wp-json\/wp\/v2\/product_brand?post=1443"},{"taxonomy":"product_cat","embeddable":true,"href":"https:\/\/tienda.ismet.es\/index.php\/wp-json\/wp\/v2\/product_cat?post=1443"},{"taxonomy":"product_tag","embeddable":true,"href":"https:\/\/tienda.ismet.es\/index.php\/wp-json\/wp\/v2\/product_tag?post=1443"}],"curies":[{"name":"wp","href":"https:\/\/api.w.org\/{rel}","templated":true}]}}