{"id":14422,"date":"2022-07-13T16:18:51","date_gmt":"2022-07-13T15:18:51","guid":{"rendered":"https:\/\/tienda.ismet.es\/?post_type=product&#038;p=14422"},"modified":"2026-03-11T13:25:11","modified_gmt":"2026-03-11T12:25:11","slug":"dietoterapia-energetica-para-acupuntores-tratamiento-de-la-obesidad","status":"publish","type":"product","link":"https:\/\/tienda.ismet.es\/index.php\/producto\/dietoterapia-energetica-para-acupuntores-tratamiento-de-la-obesidad\/","title":{"rendered":"&#8211; Dietoterapia energ\u00e9tica para acupuntores, tratamiento de la obesidad tipo Yin y Yang"},"content":{"rendered":"[vc_row][vc_column][vc_video link=&#8221;https:\/\/youtu.be\/1B4HXxVwSNg&#8221;][vc_column_text]\n<hr \/>\n<div class=\"woocommerce-product-details__short-description\">La obesidad y el sobrepeso en nuestra sociedad han alcanzado cifras muy preocupantes y a juzgar por los resultados de las mil y una dietas aparecidas a lo largo de los a\u00f1os, no s\u00f3lo no son la soluci\u00f3n, sino que adem\u00e1s generan una gran frustraci\u00f3n en quienes las practican. La dietoterapia Energ\u00e9tica seg\u00fan la MTC nos propone un abordaje de la obesidad totalmente diferente ya que de entrada contempla dos tipos de obesidad muy bien diferenciados, la de tipo Yin (Femenina) y la de tipo Yang (Masculina) y las propuestas alimentarias para cada tipo de obesidad totalmente diferenciadas en funci\u00f3n del patr\u00f3n energ\u00e9tico predominante, nos garantizaran una p\u00e9rdida de peso real, progresiva y saludable.<\/div>\n<hr \/>\n<h4>Objetivos del curso<\/h4>\n<ul>\n<li>Ofrecer las bases de la Diet\u00e9tica China (Yin \u2013 Yang, Naturaleza, Sabor, Color, textura, m\u00e9todos de cocci\u00f3n).<\/li>\n<li>Proporcionar conocimientos espec\u00edficos sobre Dietoterapia Energ\u00e9tica para el abordaje de la obesidad.<\/li>\n<li>Aportar una doble informaci\u00f3n detallada sobre los alimentos desde dos perspectivas, la energ\u00e9tica basada en la MTC y la cient\u00edfica seg\u00fan par\u00e1metros nutricionales con criterio naturista.<\/li>\n<li>Abordar los distintos S\u00edndromes asociados a la obesidad mediante la Dietoterapia Energ\u00e9tica.<\/li>\n<li>Complementaci\u00f3n de los S\u00edndromes con Fitoterapia China y Acupuntura<\/li>\n<\/ul>\n<hr \/>\n<p><!--\n\n\n<h4>Impartido por: Vicen\u00e7 Fuster Font<\/h4>\n\n\nTiene una gran experiencia tanto docente como cl\u00ednica en la ense\u00f1anza y aplicaci\u00f3n de la Dieto terapia Comparada y con la ayuda de sus alumnos, a lo largo de los a\u00f1os acad\u00e9micos como profesor en Ismet, han realizado numerosas investigaciones en este campo validando los conceptos te\u00f3ricos y energ\u00e9ticos de la Medicina Tradicional China mediante el modelo cient\u00edfico occidental.--><\/p>\n[\/vc_column_text][\/vc_column][\/vc_row]\n","protected":false},"excerpt":{"rendered":"<p>Modalidad online.<span style=\"color: #7f7dd1;\" data-darkreader-inline-color=\"\"><strong>.<br \/>\n\u2022 Del 2 al 31 de marzo 2026.<br \/>\n\u2022 Del 1 al 30 de abril 2026.<br \/>\n\u2022 Del 4 al 31 de mayo 2026.<br \/>\n\u2022 Del 1 al 30 de junio 2026.<br \/>\n\u2022 Del 1 al 30 de julio 2026.<br \/>\n<\/strong><\/span><\/p>\n<hr \/>\n<p>La dietoterapia Energ\u00e9tica seg\u00fan la MTC nos propone un abordaje de la obesidad totalmente diferente ya que de entrada contempla dos tipos de obesidad muy bien diferenciados, la de tipo Yin (Femenina) y la de tipo Yang (Masculina)&#8230; (<a href=\"#tab-description\">Ver m\u00e1s informaci\u00f3n<\/a>)<\/p>\n","protected":false},"featured_media":14427,"comment_status":"open","ping_status":"closed","template":"","meta":{"_joinchat":[]},"product_brand":[],"product_cat":[216,617,90,98,180,201,205,202,203,204],"product_tag":[320,333,646,334,332,234,907],"class_list":{"0":"post-14422","1":"product","2":"type-product","3":"status-publish","4":"has-post-thumbnail","6":"product_cat-fitoki","7":"product_cat-imagenes-profesores","8":"product_cat-medicina-china-y-acupuntura","9":"product_cat-cursos","10":"product_cat-online","11":"product_cat-online-marzo","12":"product_cat-online-abril","13":"product_cat-online-mayo","14":"product_cat-online-junio","15":"product_cat-online-julio","16":"product_tag-acupuntura","17":"product_tag-dietoterapia","18":"product_tag-dietoterapia-energetica","19":"product_tag-mtc","20":"product_tag-obesidad","21":"product_tag-vicenc-fuster","22":"product_tag-yin-y-yang","23":"pa_ediciones-edicion-diciembre","24":"pa_ediciones-edicion-enero","25":"pa_ediciones-edicion-febrero","26":"pa_ediciones-edicion-marzo","27":"pa_ediciones-edicion-abril","28":"pa_ediciones-edicion-mayo","29":"pa_ediciones-edicion-junio","30":"pa_ediciones-edicion-julio","31":"pa_ediciones-edicion-agosto","32":"pa_ediciones-edicion-septiembre","33":"pa_ediciones-edicion-octubre","34":"pa_ediciones-edicion-noviembre","36":"first","37":"instock","38":"purchasable","39":"product-type-variable"},"_links":{"self":[{"href":"https:\/\/tienda.ismet.es\/index.php\/wp-json\/wp\/v2\/product\/14422","targetHints":{"allow":["GET"]}}],"collection":[{"href":"https:\/\/tienda.ismet.es\/index.php\/wp-json\/wp\/v2\/product"}],"about":[{"href":"https:\/\/tienda.ismet.es\/index.php\/wp-json\/wp\/v2\/types\/product"}],"replies":[{"embeddable":true,"href":"https:\/\/tienda.ismet.es\/index.php\/wp-json\/wp\/v2\/comments?post=14422"}],"wp:featuredmedia":[{"embeddable":true,"href":"https:\/\/tienda.ismet.es\/index.php\/wp-json\/wp\/v2\/media\/14427"}],"wp:attachment":[{"href":"https:\/\/tienda.ismet.es\/index.php\/wp-json\/wp\/v2\/media?parent=14422"}],"wp:term":[{"taxonomy":"product_brand","embeddable":true,"href":"https:\/\/tienda.ismet.es\/index.php\/wp-json\/wp\/v2\/product_brand?post=14422"},{"taxonomy":"product_cat","embeddable":true,"href":"https:\/\/tienda.ismet.es\/index.php\/wp-json\/wp\/v2\/product_cat?post=14422"},{"taxonomy":"product_tag","embeddable":true,"href":"https:\/\/tienda.ismet.es\/index.php\/wp-json\/wp\/v2\/product_tag?post=14422"}],"curies":[{"name":"wp","href":"https:\/\/api.w.org\/{rel}","templated":true}]}}