{"id":1435,"date":"2018-09-04T13:39:59","date_gmt":"2018-09-04T12:39:59","guid":{"rendered":"https:\/\/tienda.ismet.es\/index.php\/producto\/farmacologa-aplicada\/"},"modified":"2026-04-22T13:58:48","modified_gmt":"2026-04-22T12:58:48","slug":"farmacologa-aplicada","status":"publish","type":"product","link":"https:\/\/tienda.ismet.es\/index.php\/producto\/farmacologa-aplicada\/","title":{"rendered":"&#8211; Farmacolog\u00eda aplicada"},"content":{"rendered":"[vc_row][vc_column][vc_video link=&#8221;https:\/\/youtu.be\/UqXOr52kBzQ&#8221;][vc_column_text]\n<div class=\"woocommerce-product-details__short-description\">\n<hr \/>\n<h4>Objetivos<\/h4>\n<p>Te\u00f3ricos: conocimientos a recibir por el alumno<\/p>\n<ul>\n<li>Conocimientos sobre Farmacolog\u00eda general (Farmacocin\u00e9tica y Farmacodinamia), es decir, una aproximaci\u00f3n de qu\u00e9 le ocurre al f\u00e1rmaco dentro de un organismo y c\u00f3mo act\u00faa el organismo ante la presencia de un f\u00e1rmaco.<\/li>\n<li>Definiciones de conceptos b\u00e1sicos alrededor de un f\u00e1rmaco: f\u00e1rmaco, droga, medicamento, gen\u00e9rico, bioequivalente, DCI&#8230;.<\/li>\n<li>Presentaci\u00f3n de la farmacolog\u00eda de diferentes grupos terap\u00e9uticos.<\/li>\n<li>La variedad de efectos adversos que pueden surgir en la terap\u00e9utica.<\/li>\n<li>La influencia de un estado fisiol\u00f3gico en la posolog\u00eda, efectos secundarios&#8230;<br \/>\nPr\u00e1cticos: competencias espec\u00edficas: El alumno ser\u00e1 capaz de:<\/li>\n<li>Reconocer los diferentes grupos terap\u00e9uticos.<\/li>\n<li>Familiarizarse con los efectos adversos posibles de un f\u00e1rmaco<\/li>\n<li>Interpretar un prospecto o instrucciones de un f\u00e1rmaco<\/li>\n<li>Encontrar centros de informaci\u00f3n de un medicamento.<\/li>\n<\/ul>\n<h4>Programa del Curso<\/h4>\n<p>1. Principios b\u00e1sicos de Farmacolog\u00eda:<br \/>\n2. Farmacolog\u00eda del Sistema Nervioso Central:<br \/>\n3. Farmacolog\u00eda del estado inflamatorio.<br \/>\nCorticoides:<br \/>\n4. Farmacolog\u00eda gastroenterol\u00f3gica<br \/>\n5. Farmacolog\u00eda cardiovascular. Dislipemias.<br \/>\n6. Hematolog\u00eda. Farmacolog\u00eda del sistema hematopoy\u00e9tico.<br \/>\n7. Diabetes. Tiroides.<br \/>\n8. Farmacolog\u00eda de los procesos infecciosos.<\/p>\n<hr \/>\n<p><!--\n\n\n<h4>Impartido por: Andr\u00e9s O. Rojas, MD<\/h4>\n\n\nM\u00e9dico General Universidad Nacional de Colombia. Medicina General e Integrativa - M\u00e1ster en Acupuntura ISMET (Barcelona). Sinterg\u00e9tica y medicinas bioenerg\u00e9ticas. Terapeuta Floral Integral. Medicina Bioreguladora.--> [\/vc_column_text][\/vc_column][\/vc_row]\n<\/div>\n","protected":false},"excerpt":{"rendered":"<p>Modalidad online (TEAMS)<span style=\"color: #7f7dd1;\"><strong>Planificando fechas.<\/strong><\/span><br \/>\nModalidad presencial. <span style=\"color: #7f7dd1;\">Planificando fechas<\/span><\/p>\n<hr \/>\n<p><strong>Precio especial alumnos ISMET:<\/strong> 167\u20ac<br \/>\n(<a href=\"#tab-description\">Ver m\u00e1s informaci\u00f3n<\/a>)<\/p>\n","protected":false},"featured_media":5833,"comment_status":"open","ping_status":"closed","template":"","meta":{"_joinchat":[]},"product_brand":[],"product_cat":[617,98,180,179],"product_tag":[],"class_list":{"0":"post-1435","1":"product","2":"type-product","3":"status-publish","4":"has-post-thumbnail","6":"product_cat-imagenes-profesores","7":"product_cat-cursos","8":"product_cat-online","9":"product_cat-cursos-presenciales","11":"first","12":"instock","13":"virtual","14":"purchasable","15":"product-type-simple"},"_links":{"self":[{"href":"https:\/\/tienda.ismet.es\/index.php\/wp-json\/wp\/v2\/product\/1435","targetHints":{"allow":["GET"]}}],"collection":[{"href":"https:\/\/tienda.ismet.es\/index.php\/wp-json\/wp\/v2\/product"}],"about":[{"href":"https:\/\/tienda.ismet.es\/index.php\/wp-json\/wp\/v2\/types\/product"}],"replies":[{"embeddable":true,"href":"https:\/\/tienda.ismet.es\/index.php\/wp-json\/wp\/v2\/comments?post=1435"}],"wp:featuredmedia":[{"embeddable":true,"href":"https:\/\/tienda.ismet.es\/index.php\/wp-json\/wp\/v2\/media\/5833"}],"wp:attachment":[{"href":"https:\/\/tienda.ismet.es\/index.php\/wp-json\/wp\/v2\/media?parent=1435"}],"wp:term":[{"taxonomy":"product_brand","embeddable":true,"href":"https:\/\/tienda.ismet.es\/index.php\/wp-json\/wp\/v2\/product_brand?post=1435"},{"taxonomy":"product_cat","embeddable":true,"href":"https:\/\/tienda.ismet.es\/index.php\/wp-json\/wp\/v2\/product_cat?post=1435"},{"taxonomy":"product_tag","embeddable":true,"href":"https:\/\/tienda.ismet.es\/index.php\/wp-json\/wp\/v2\/product_tag?post=1435"}],"curies":[{"name":"wp","href":"https:\/\/api.w.org\/{rel}","templated":true}]}}