{"id":1414,"date":"2018-09-04T13:39:56","date_gmt":"2018-09-04T12:39:56","guid":{"rendered":"https:\/\/tienda.ismet.es\/index.php\/producto\/fitoterapia\/"},"modified":"2026-03-11T13:14:20","modified_gmt":"2026-03-11T12:14:20","slug":"fitoterapia","status":"publish","type":"product","link":"https:\/\/tienda.ismet.es\/index.php\/producto\/fitoterapia\/","title":{"rendered":"&#8211; Fitoterapia, plantas medicinales"},"content":{"rendered":"[vc_row][vc_column][vc_video link=&#8221;https:\/\/www.youtube.com\/watch?v=wY-4N2eFeG8&#8243;][vc_column_text]\n<hr \/>\n<p>En este curso fusionamos la Fitoterapia moderna con la sabidur\u00eda ancestral de la etnobot\u00e1nica, entrando en la profundidad de la aplicaci\u00f3n respaldadas por la ciencia y por miles de a\u00f1os de uso. Veremos tanto plantas de nuestro entorno como de otras medicinas tradicionales. Descubriremos sus posibles usos en la fisiopatolog\u00eda de 10 sistemas corporales, para aprender c\u00f3mo mantener y recuperar la salud natural<\/p>\n<hr \/>\n<h4>Programa del Curso<\/h4>\n<ol>\n<li>Unidad. Introducci\u00f3n a la fitoterapia Definici\u00f3n de la terapia. Evoluci\u00f3n hist\u00f3rica en el uso de la fitoterapia. Sistem\u00e1tica bot\u00e1nica. (introducci\u00f3n) Taxonom\u00eda. Clasificaci\u00f3n. Nomenclatura. Diferentes partes de la planta empleadas en fitoterapia. Terminolog\u00eda en fitoterapia.<\/li>\n<li>Unidad. Materia prima. Formas gal\u00e9nicas y formas de preparaci\u00f3n. V\u00edas de administraci\u00f3n. Materia prima. Concentraci\u00f3n de los principios activos. Recolecci\u00f3n. Conservaci\u00f3n. Formulaci\u00f3n gal\u00e9nica en fitoterapia. Formes de preparaci\u00f3n. V\u00edas de administraci\u00f3n.<\/li>\n<li>Unidad. Componentes qu\u00edmicos en fitoterapia Actividad de los componentes: Principios activos y sustancias con inter\u00e9s nutricional. Naturaleza qu\u00edmica.<\/li>\n<li>Unidad. Prescripci\u00f3n en fitoterapia Estrategia terap\u00e9utica en fitoterapia seg\u00fan el criterio naturista. Presentaciones simples y compuestas. Elecci\u00f3n de la prescripci\u00f3n seg\u00fan la edad, s\u00edndrome cl\u00ednico y el horario de administraci\u00f3n. Reglas para la prescripci\u00f3n de la fitoterapia compuesta. Presentaciones y posolog\u00edas. Duraci\u00f3n del tratamiento. Optimizaci\u00f3n de la ingesta de fitoterapia v\u00eda oral. Las contraindicaciones y las reglas prudenciales en cada sistema o patolog\u00eda. La sensibilidad individual. Interacciones entre fitoterapia y f\u00e1rmacos.<\/li>\n<li>Unidad. Plantas medicinales.<\/li>\n<li>Unidad. Aplicaciones potenciales en fitoterapia. Drenaje y desintoxicaci\u00f3n del organismo. Plantas para: el aparato respiratorio, afecciones oculares, sistema inmunitario, aparato digestivo, con acci\u00f3n cardiovascular, afecciones dermatol\u00f3gicas, el sistema excretor y genitourinario, el sistema m\u00fasculo esquel\u00e9tico, el aparato reproductivo, el sistema nervioso, afecciones endocrinas. Plantas \u00fatiles en la etapa del embarazo, lactancia y pediatr\u00eda. Principios de tratamiento y prescripci\u00f3n en afecciones complejas y patolog\u00eda m\u00faltiple. Las fases y las revisiones peri\u00f3dicas. Las prescripciones seg\u00fan la evoluci\u00f3n.<\/li>\n<li>Unidad. Legislaci\u00f3n en fitoterapia.<\/li>\n<\/ol>\n<hr \/>\n<h4><\/h4>\n<p>.[\/vc_column_text][\/vc_column][\/vc_row]\n","protected":false},"excerpt":{"rendered":"<p>Modalidad online. <span style=\"color: #7f7dd1;\" data-darkreader-inline-color=\"\"><strong><br \/>\nProgramando fechas<\/p>\n<hr \/>\n<p><\/strong><\/span><\/p>\n<hr \/>\n<p>Precio total: 1.380\u20ac. Reserva de plaza:60\u20ac. El importe restante del curso: 10 pagos de 132\u20ac\/mes, a partir del mes de inicio del curso. Una vez abonado importe de matr\u00edcula y cumplimentada hoja inscripci\u00f3n, nos pondremos en contacto contigo para confirmar reserva de plaza y facilitar datos de domiciliaci\u00f3n bancaria. <\/p>\n<hr \/>\n<p>(<a href=\"#tab-description\">Ver m\u00e1s informaci\u00f3n<\/a>)<\/p>\n<hr \/>\n","protected":false},"featured_media":26311,"comment_status":"open","ping_status":"closed","template":"","meta":{"_joinchat":[]},"product_brand":[],"product_cat":[82,184,98,180],"product_tag":[572,573,527,574],"class_list":{"0":"post-1414","1":"product","2":"type-product","3":"status-publish","4":"has-post-thumbnail","6":"product_cat-naturopatia","7":"product_cat-alimentacion-saludable","8":"product_cat-cursos","9":"product_cat-online","10":"product_tag-fito","11":"product_tag-fitoterapia","12":"product_tag-plantas-medicinales","13":"product_tag-tamara-torcellini","14":"pa_modalidad-online","15":"pa_modalidad-presencial","17":"first","18":"instock","19":"purchasable","20":"product-type-variable"},"_links":{"self":[{"href":"https:\/\/tienda.ismet.es\/index.php\/wp-json\/wp\/v2\/product\/1414","targetHints":{"allow":["GET"]}}],"collection":[{"href":"https:\/\/tienda.ismet.es\/index.php\/wp-json\/wp\/v2\/product"}],"about":[{"href":"https:\/\/tienda.ismet.es\/index.php\/wp-json\/wp\/v2\/types\/product"}],"replies":[{"embeddable":true,"href":"https:\/\/tienda.ismet.es\/index.php\/wp-json\/wp\/v2\/comments?post=1414"}],"wp:featuredmedia":[{"embeddable":true,"href":"https:\/\/tienda.ismet.es\/index.php\/wp-json\/wp\/v2\/media\/26311"}],"wp:attachment":[{"href":"https:\/\/tienda.ismet.es\/index.php\/wp-json\/wp\/v2\/media?parent=1414"}],"wp:term":[{"taxonomy":"product_brand","embeddable":true,"href":"https:\/\/tienda.ismet.es\/index.php\/wp-json\/wp\/v2\/product_brand?post=1414"},{"taxonomy":"product_cat","embeddable":true,"href":"https:\/\/tienda.ismet.es\/index.php\/wp-json\/wp\/v2\/product_cat?post=1414"},{"taxonomy":"product_tag","embeddable":true,"href":"https:\/\/tienda.ismet.es\/index.php\/wp-json\/wp\/v2\/product_tag?post=1414"}],"curies":[{"name":"wp","href":"https:\/\/api.w.org\/{rel}","templated":true}]}}