{"id":1413,"date":"2018-09-04T13:39:56","date_gmt":"2018-09-04T12:39:56","guid":{"rendered":"https:\/\/tienda.ismet.es\/index.php\/producto\/fisiologia\/"},"modified":"2025-10-21T10:07:15","modified_gmt":"2025-10-21T09:07:15","slug":"fisiologia","status":"publish","type":"product","link":"https:\/\/tienda.ismet.es\/index.php\/producto\/fisiologia\/","title":{"rendered":"&#8211; Fisiolog\u00eda humana"},"content":{"rendered":"[vc_row][vc_column][vc_video link=&#8221;&#8221;][vc_column_text]\n<div class=\"woocommerce-product-details__short-description\">\n<hr \/>\n<p>Conocer c\u00f3mo funcionan los sistemas y procesos que mantienen al cuerpo humano en equilibrio es esencial para cualquier profesional de la salud, especialmente para aquellos que trabajan desde enfoques naturales o complementarios: Medicina Integrativa, Naturopat\u00eda, Quiropr\u00e1ctica, Acupuntura, Osteopat\u00eda, entre otros.<\/p>\n<p>Independientemente de la t\u00e9cnica o tratamiento que utilices, el objetivo final siempre ser\u00e1 ayudar al ser humano a alcanzar un estado de salud \u00f3ptimo, entendiendo c\u00f3mo sus funciones biol\u00f3gicas afectan su bienestar.<\/p>\n<p>La fisiolog\u00eda humana te proporciona las bases necesarias para <strong>comprender c\u00f3mo los sistemas org\u00e1nicos interact\u00faan entre s\u00ed, c\u00f3mo responden a est\u00edmulos y c\u00f3mo se mantienen en armon\u00eda<\/strong>. Esta comprensi\u00f3n es clave para ofrecer un acompa\u00f1amiento terap\u00e9utico efectivo, adaptado a las necesidades espec\u00edficas de cada persona.<\/p>\n<p>Este curso est\u00e1 dise\u00f1ado para brindarte un conocimiento profundo y accesible sobre los procesos fisiol\u00f3gicos, d\u00e1ndote las herramientas para aplicar esta informaci\u00f3n de manera pr\u00e1ctica en tu labor diaria como terapeuta.<\/p>\n<hr \/>\n<h4>Objetivos<\/h4>\n<ul>\n<li>Dominar la fisiolog\u00eda de los principales sistemas y procesos biol\u00f3gicos del cuerpo humano.<\/li>\n<li>Comprender c\u00f3mo interact\u00faan los \u00f3rganos, tejidos y sistemas para mantener la homeostasis y el equilibrio del organismo.<\/li>\n<li>Desarrollar una visi\u00f3n global e integrada de la fisiolog\u00eda humana, que te permita aplicar los conocimientos de manera pr\u00e1ctica y efectiva en tu pr\u00e1ctica terap\u00e9utica.<\/li>\n<li>Introducirte en los aspectos fisiol\u00f3gicos palpables y observables del cuerpo, para identificar y comprender las respuestas del cuerpo en situaciones de salud y enfermedad.<\/li>\n<\/ul>\n<hr \/>\n<h4>Programa del Curso<\/h4>\n<ol class=\"cursos\">\n<li>M\u00f3dulo 1: Bases de la fisiolog\u00eda<br \/>\n1. La homeostasis. La retroalimentaci\u00f3n<br \/>\n2. El impulso nervioso<br \/>\n3. La contracci\u00f3n muscular<br \/>\n4. La membrana celular y su funci\u00f3n en el intercambio<br \/>\nde sustancias<\/li>\n<li>M\u00f3dulo 2: Sistema cardiocirculatorio<br \/>\n1. El coraz\u00f3n y la contracci\u00f3n del m\u00fasculo card\u00edaco<br \/>\n2. El ciclo card\u00edaco<br \/>\n3. Estimulaci\u00f3n r\u00edtmica del coraz\u00f3n. Electrocardiograma<br \/>\n4. El gasto card\u00edaco<br \/>\n5. Visi\u00f3n general del aparato circulatorio.<br \/>\n6. Componentes del aparato circulatorio<br \/>\n7. Regulaci\u00f3n de la presi\u00f3n arterial y del flujo sangu\u00edneo<br \/>\ntisular<\/li>\n<li>M\u00f3dulo 3: Aparato respiratorio<br \/>\n1. Ventilaci\u00f3n pulmonar<br \/>\n2. El intercambio gaseoso<br \/>\n3. Transporte de ox\u00edgeno y di\u00f3xido de carbono<\/li>\n<li>M\u00f3dulo 4: Sistema nervioso<br \/>\n1. Organizaci\u00f3n del sistema nervioso<br \/>\n2. Control de la funci\u00f3n motora<br \/>\n3. Sistema sensorial som\u00e1tico<br \/>\n4. Fisiolog\u00eda de la conducta<br \/>\n5. Sistema nervioso aut\u00f3nomo<br \/>\n6. La visi\u00f3n<br \/>\n7. El o\u00eddo<br \/>\n8. El gusto y el olfato<\/li>\n<li>M\u00f3dulo 5: Sistema digestivo<br \/>\n1. Introducci\u00f3n a la fisiolog\u00eda gastrointestinal<br \/>\n2. Tr\u00e1nsito intestinal y secreciones del aparato digestivo<br \/>\n3. Digesti\u00f3n y absorci\u00f3n<\/li>\n<li>M\u00f3dulo 6: Aparato excretor<br \/>\n1. Distribuci\u00f3n de los l\u00edquidos en el organismo<br \/>\n2. Fisiolog\u00eda renal I<br \/>\n3. Fisiolog\u00eda renal II<br \/>\n4. Regulaci\u00f3n hormonal renal y micci\u00f3n<\/li>\n<li>M\u00f3dulo 7: La sangre. Sistema inmunitario<br \/>\n1. La sangre<br \/>\n2. Sistema inmunitario<\/li>\n<li>M\u00f3dulo 8: Sistema endocrino. Aparato genital.<br \/>\n1. Sistema endocrino I<br \/>\n2. Sistema endocrino II<br \/>\n3. Aparato genital<\/li>\n<li>M\u00f3dulo 9: Miscel\u00e1nea<br \/>\n1. Metabolismo<br \/>\n2. Control y regulaci\u00f3n de la temperatura corporal<br \/>\n3. Fisiolog\u00eda del deporte<br \/>\n4. Fisiolog\u00eda del hambre, la sed y la saciedad<br \/>\n5. Ritmos biol\u00f3gicos<br \/>\n6. Fisiolog\u00eda del estr\u00e9s<br \/>\n7. Envejecimiento<\/li>\n<\/ol>\n<hr \/>\n<p><!--\n\n\n<h4>Impartido por:<\/h4>\n\n\nVictor Arguelles\nProfesor en la modalidad online. Diplomatura en Fisioterapia. Master en Osteopat\u00eda. Posgrado en fisioterapia del T\u00f3rax. Posgrado en acupuntura aplicada al dolor miofascial y loc. Experiencia como docente y en consulta cl\u00ednica.--><\/p>\n[\/vc_column_text][\/vc_column][\/vc_row]\n<\/div>\n","protected":false},"excerpt":{"rendered":"<p>Modalidad PRESENCIAL Y ONLINE<br \/>\n<span style=\"color: #7f7dd1;\" data-darkreader-inline-color=\"\"><strong><br \/>\nViernes 19 septiembre 2026.<br \/>\nDuraci\u00f3n. 10 meses, del 19 de septiembre 2026 hasta el 19 junio 2026.<br \/>\nHorario. de 9:30 a 13:30h.<br \/>\nModalidad. El curso se ofrece simult\u00e1neamente en modalidad presencial y online.<br \/>\n<\/strong><\/span><\/p>\n<hr \/>\n<p><strong>Precio Total: <\/strong>1.450\u20ac, fraccionado en 10 pagos de 145\u20ac\/mes por domiciliaci\u00f3n bancaria<\/p>\n<hr \/>\n<p> (<a href=\"#tab-description\">Ver m\u00e1s informaci\u00f3n<\/a>)<\/p>\n","protected":false},"featured_media":7034,"comment_status":"open","ping_status":"closed","template":"","meta":{"_joinchat":[]},"product_brand":[],"product_cat":[617,98,180,206,222],"product_tag":[945,935,357,387],"class_list":{"0":"post-1413","1":"product","2":"type-product","3":"status-publish","4":"has-post-thumbnail","6":"product_cat-imagenes-profesores","7":"product_cat-cursos","8":"product_cat-online","9":"product_cat-online-septiembre","10":"product_cat-presencial-septiembre","11":"product_tag-fisio","12":"product_tag-fisiologia-humana","13":"product_tag-masaje","14":"product_tag-tecnicas-manuales","15":"pa_ediciones-edicion-septiembre","16":"pa_ediciones-edicion-octubre","17":"pa_modalidad-online","18":"pa_modalidad-presencial","20":"first","21":"instock","22":"purchasable","23":"product-type-simple"},"_links":{"self":[{"href":"https:\/\/tienda.ismet.es\/index.php\/wp-json\/wp\/v2\/product\/1413","targetHints":{"allow":["GET"]}}],"collection":[{"href":"https:\/\/tienda.ismet.es\/index.php\/wp-json\/wp\/v2\/product"}],"about":[{"href":"https:\/\/tienda.ismet.es\/index.php\/wp-json\/wp\/v2\/types\/product"}],"replies":[{"embeddable":true,"href":"https:\/\/tienda.ismet.es\/index.php\/wp-json\/wp\/v2\/comments?post=1413"}],"wp:featuredmedia":[{"embeddable":true,"href":"https:\/\/tienda.ismet.es\/index.php\/wp-json\/wp\/v2\/media\/7034"}],"wp:attachment":[{"href":"https:\/\/tienda.ismet.es\/index.php\/wp-json\/wp\/v2\/media?parent=1413"}],"wp:term":[{"taxonomy":"product_brand","embeddable":true,"href":"https:\/\/tienda.ismet.es\/index.php\/wp-json\/wp\/v2\/product_brand?post=1413"},{"taxonomy":"product_cat","embeddable":true,"href":"https:\/\/tienda.ismet.es\/index.php\/wp-json\/wp\/v2\/product_cat?post=1413"},{"taxonomy":"product_tag","embeddable":true,"href":"https:\/\/tienda.ismet.es\/index.php\/wp-json\/wp\/v2\/product_tag?post=1413"}],"curies":[{"name":"wp","href":"https:\/\/api.w.org\/{rel}","templated":true}]}}