{"id":14109,"date":"2022-06-27T09:36:44","date_gmt":"2022-06-27T08:36:44","guid":{"rendered":"https:\/\/tienda.ismet.es\/?post_type=product&#038;p=14109"},"modified":"2026-03-17T12:37:15","modified_gmt":"2026-03-17T11:37:15","slug":"biomagnetismo-terapeutico-avanzado-nivel-2-enfermedades-complejas","status":"publish","type":"product","link":"https:\/\/tienda.ismet.es\/index.php\/producto\/biomagnetismo-terapeutico-avanzado-nivel-2-enfermedades-complejas\/","title":{"rendered":"&#8211; Biomagnetismo terap\u00e9utico, avanzado nivel 2, enfermedades complejas"},"content":{"rendered":"[vc_row][vc_column][vc_column_text]\n<div class=\"woocommerce-product-details__short-description\">\n<p>Cada d\u00eda, con la aparici\u00f3n de nuevas enfermedades, los terapeutas de biomagnetismo nos vemos en la necesidad de evolucionar en nuestros sistemas de trabajo para adaptarnos a estas nuevas inc\u00f3gnitas y poder abordar los desaf\u00edos en nuestras consultas. Por norma general, con el paso del tiempo, acuden a nosotros casos m\u00e1s complicados y, si carecemos de los conocimientos adecuados, nos vemos obligados a derivar a otros terapeutas.<\/p>\n<\/div>\n<div class=\"entry-content\">\n<div id=\"contenedor_general\">\n<div id=\"main_contenido\">\n<hr \/>\n<h4>Objetivos y competencias<\/h4>\n<ul>\n<li>Perfeccionamiento de t\u00e9cnicas biomagn\u00e9ticas:<br \/>\nAprende los protocolos m\u00e1s completos y avanzados para abordar enfermedades complejas.<\/li>\n<li>Tratamiento de casos dif\u00edciles:<br \/>\nCapac\u00edtate para tratar enfermedades autoinmunes, degenerativas, c\u00e1ncer y trastornos multifactoriales, entre otros.<\/li>\n<li>Enfoque especializado:<br \/>\nAprende a trabajar con ni\u00f1os, personas dependientes y tambi\u00e9n a realizar tratamientos a distancia.<\/li>\n<li>Complementar con otras terapias:<br \/>\nDescubre c\u00f3mo integrar fitoterapia, terapia ortomolecular y medicina tradicional china para un tratamiento completo y eficaz.<\/li>\n<\/ul>\n<div><\/div>\n<hr \/>\n<h4>\u00bfQu\u00e9 aprender\u00e1s en este curso avanzado?<\/h4>\n<ul>\n<li>+250 pares biomagn\u00e9ticos del sistema avanzado para el tratamiento de enfermedades complejas.<\/li>\n<li>C\u00e1ncer: Expansi\u00f3n y profundizaci\u00f3n de los conocimientos sobre los focos Hammer y la perspectiva de la nueva medicina germ\u00e1nica. Analizaremos la relaci\u00f3n embriol\u00f3gica del proceso tumoral y c\u00f3mo se conecta con las capas cerebrales y los traumas.<\/li>\n<li>Sistema de Rastreo Avanzado Metagen\u00f3mico (sRAM\u00a9): Abordaje de virus, retrovirus, cofactores y su tratamiento con biomagnetismo.<\/li>\n<li>Enfermedades complejas resultantes: Aprende a dar soporte a condiciones como: Celiaqu\u00eda, Esclerosis M\u00faltiple, ELA, Alzheimer, Parkinson, Lupus, y muchas m\u00e1s.<\/li>\n<li>Tratamientos complementarios: Aprende a complementar tus sesiones con fitoterapia y terapia ortomolecular.<\/li>\n<li>Metales pesados: Abordaje de enfermedades derivadas de la acumulaci\u00f3n de metales pesados.<\/li>\n<li>Relaci\u00f3n con Medicina Tradicional China: C\u00f3mo complementar el biomagnetismo con los principios de la MTC para potenciar los resultados.<\/li>\n<li>Test del sustituto y representante: Aprende a aplicar estos test mediante la f\u00edsica cu\u00e1ntica para mejorar la efectividad del tratamiento.<\/li>\n<li>Integraci\u00f3n de conocimientos: Realiza sesiones completas de biomagnetismo aplicando los conocimientos adquiridos, tanto del primer como del segundo nivel.<\/li>\n<\/ul>\n<\/div>\n<\/div>\n<\/div>\n<hr \/>\n<h4>[\/vc_column_text][\/vc_column][\/vc_row]<\/h4>\n","protected":false},"excerpt":{"rendered":"<p>Modalidad online.<span style=\"color: #7f7dd1;\" data-darkreader-inline-color=\"\"><strong><br \/>\n\u2022 Del 2 al 31 de marzo 2026.<br \/>\n\u2022 Del 1 al 30 de abril 2026.<br \/>\n\u2022 Del 4 al 31 de mayo 2026.<br \/>\n\u2022 Del 1 al 30 de junio 2026.<br \/>\n\u2022 Del 1 al 30 de julio 2026.<br \/>\n<\/strong><\/span><\/p>\n<hr \/>\n<p>Modalidad presencial. <span style=\"color: #7f7dd1;\" data-darkreader-inline-color=\"\"><strong><br \/>\nprogramando fechas<\/strong><\/span><\/p>\n<hr \/>\n<p>Precio curso presencial: 360\u20ac. Reserva de plaza: 100\u20ac. El importe restante se fraccionar\u00e1 en 2 pagos de 130\u20ac, a abonar los d\u00edas 10 de enero y 7 de febrero 2026.<\/p>\n<hr \/>\n<p>Biomagnetismo es una disciplina terap\u00e9utica que busca el equilibrio bioenerg\u00e9tico, la alteraci\u00f3n del cual, tiene repercusiones funcionales. A trav\u00e9s de imanes, se rastrea el cuerpo y se detectan los puntos que originan el mal funcionamiento de un \u00f3rgano y la presencia de virus, bacterias, hongos o par\u00e1sitos. Es un m\u00e9todo totalmente inocuo. (<a href=\"#tab-description\">Ver m\u00e1s informaci\u00f3n<\/a>)<\/p>\n<hr \/>\n","protected":false},"featured_media":32009,"comment_status":"open","ping_status":"closed","template":"","meta":{"_joinchat":[]},"product_brand":[],"product_cat":[617,183,98,201,205,202,203,204,179],"product_tag":[381,382,425,424,423],"class_list":{"0":"post-14109","1":"product","2":"type-product","3":"status-publish","4":"has-post-thumbnail","6":"product_cat-imagenes-profesores","7":"product_cat-terapias-energeticas","8":"product_cat-cursos","9":"product_cat-online-marzo","10":"product_cat-online-abril","11":"product_cat-online-mayo","12":"product_cat-online-junio","13":"product_cat-online-julio","14":"product_cat-cursos-presenciales","15":"product_tag-axel-marco","16":"product_tag-biomagnetismo","17":"product_tag-biomagnetismo-terapeutico","18":"product_tag-enfermedades-complejas","19":"product_tag-imanes","20":"pa_ediciones-edicion-diciembre","21":"pa_ediciones-edicion-enero","22":"pa_ediciones-edicion-febrero","23":"pa_ediciones-edicion-marzo","24":"pa_ediciones-edicion-abril","25":"pa_ediciones-edicion-mayo","26":"pa_ediciones-edicion-junio","27":"pa_ediciones-edicion-julio","28":"pa_ediciones-edicion-agosto","29":"pa_ediciones-edicion-septiembre","30":"pa_ediciones-edicion-octubre","31":"pa_ediciones-edicion-noviembre","32":"pa_modalidad-online","33":"pa_modalidad-presencial","35":"first","36":"instock","37":"purchasable","38":"product-type-variable"},"_links":{"self":[{"href":"https:\/\/tienda.ismet.es\/index.php\/wp-json\/wp\/v2\/product\/14109","targetHints":{"allow":["GET"]}}],"collection":[{"href":"https:\/\/tienda.ismet.es\/index.php\/wp-json\/wp\/v2\/product"}],"about":[{"href":"https:\/\/tienda.ismet.es\/index.php\/wp-json\/wp\/v2\/types\/product"}],"replies":[{"embeddable":true,"href":"https:\/\/tienda.ismet.es\/index.php\/wp-json\/wp\/v2\/comments?post=14109"}],"wp:featuredmedia":[{"embeddable":true,"href":"https:\/\/tienda.ismet.es\/index.php\/wp-json\/wp\/v2\/media\/32009"}],"wp:attachment":[{"href":"https:\/\/tienda.ismet.es\/index.php\/wp-json\/wp\/v2\/media?parent=14109"}],"wp:term":[{"taxonomy":"product_brand","embeddable":true,"href":"https:\/\/tienda.ismet.es\/index.php\/wp-json\/wp\/v2\/product_brand?post=14109"},{"taxonomy":"product_cat","embeddable":true,"href":"https:\/\/tienda.ismet.es\/index.php\/wp-json\/wp\/v2\/product_cat?post=14109"},{"taxonomy":"product_tag","embeddable":true,"href":"https:\/\/tienda.ismet.es\/index.php\/wp-json\/wp\/v2\/product_tag?post=14109"}],"curies":[{"name":"wp","href":"https:\/\/api.w.org\/{rel}","templated":true}]}}