{"id":13772,"date":"2022-06-02T09:55:43","date_gmt":"2022-06-02T08:55:43","guid":{"rendered":"https:\/\/tienda.ismet.es\/?post_type=product&#038;p=13772"},"modified":"2025-04-23T09:27:18","modified_gmt":"2025-04-23T08:27:18","slug":"tecnicas-lewit-y-mitchell-dos-tecnicas-imprescindibles-en-patologias-agudas-musculoesqueleticas","status":"publish","type":"product","link":"https:\/\/tienda.ismet.es\/index.php\/producto\/tecnicas-lewit-y-mitchell-dos-tecnicas-imprescindibles-en-patologias-agudas-musculoesqueleticas\/","title":{"rendered":"&#8211; T\u00e9cnicas Lewit y Mitchell, dos t\u00e9cnicas imprescindibles en patolog\u00edas agudas musculoesquel\u00e9ticas"},"content":{"rendered":"[vc_row][vc_column][vc_video link=&#8221;https:\/\/youtu.be\/QzZKIrXwm7E&#8221;][vc_column_text]\n<div class=\"woocommerce-product-details__short-description\">\n<hr \/>\n<h4>Programa del Curso<\/h4>\n<ol>\n<li>Aprendizaje de las t\u00e9cnicas y saberlas aplicar convenientemente en distintas patolog\u00edas concretas.\n<ul>\n<li><b>Aplicaci\u00f3n pr\u00e1ctica<\/b><\/li>\n<li>Relajaci\u00f3n postisom\u00e9trica de Lewitt<\/li>\n<li>T\u00e9cnica Miotensiva de Mitchell<\/li>\n<li>Concepto de T.E.M.<\/li>\n<li><b>Relajaci\u00f3n postisom\u00e9trica de LEWIT<\/b><\/li>\n<li>Concepto, t\u00e9cnica y efecto fisiol\u00f3gico<\/li>\n<li>Indicaciones<\/li>\n<li>Aplicaci\u00f3n pr\u00e1ctica en patolog\u00edas agudas:<\/li>\n<li>Cervicales: contracturas, pinzamientos, artrosis, patolog\u00edas disco<\/li>\n<li>Hombro: tendinopat\u00edas, Bursitis<\/li>\n<li>Lumbares: lumbalgias agudas musculares o patolog\u00edas discales, lumbalgia del embarazo<\/li>\n<li>Cadera: coxartrosis, sacroilitis<\/li>\n<li>Rodilla: condropat\u00eda rotuliana tendinopat\u00eda pata de ganso<\/li>\n<li>Tobillo: esguince agudo y cr\u00f3nico<\/li>\n<li><b>T\u00e9cnica MITCHELL<\/b><\/li>\n<li>Concepto, t\u00e9cnica y efecto fisiol\u00f3gico<\/li>\n<li>Indicaciones<\/li>\n<li>Aplicaci\u00f3n pr\u00e1ctica en patolog\u00edas:<\/li>\n<li>Cervicales: Rotaci\u00f3n<\/li>\n<li>Bruxismo: maseteros: ATM<\/li>\n<li>Dorsalgias escapulares<\/li>\n<li>Dorsalgias T11-L2<\/li>\n<li>Lumbalgias L3-L5<\/li>\n<li>Sacroileitis<\/li>\n<li>Tendinitis rotuliana<\/li>\n<li>Periostitis<\/li>\n<li>Astr\u00e1galo impactado<\/li>\n<\/ul>\n<\/li>\n<\/ol>\n<hr \/>\n<p><!--\n\n\n<h4>Impartido por: Jordi Sagrera Ferrandiz.<\/h4>\n\n\nLic. Medicina y cirug\u00eda UB 1973. Acreditado como m\u00e9dico naturista en el colegio de m\u00e9dicos de Barcelona (2005). Magisterio en Medicina Manual y Osteopat\u00eda en la Univ. Complutense de Madrid. Especializado en Terapias Manuales: Masaje y Osteopat\u00eda. Profesor externo en la Univ. Barcelona, Complutense de Madrid y La Cat\u00f3lica de Montevideo. Miembro de Semooym (sociedad espa\u00f1ola de Medicina Ortop\u00e9dica y manual). Asesor m\u00e9dico de RBA editores y autor de diversos libros. Profesor en cursos de pre y postgrado en distintas Universidades. Asesor m\u00e9dico ISMET en la elaboraci\u00f3n e impartici\u00f3n en distintos cursos.--> [\/vc_column_text][\/vc_column][\/vc_row]\n<\/div>\n","protected":false},"excerpt":{"rendered":"<p>Modalidad presencial<br \/>\n<span style=\"color: #7f7dd1;\" data-darkreader-inline-color=\"\"><strong><br \/>\nPlanificando fechas<\/strong><\/span><\/p>\n<hr \/>\n<p><strong>Precio Total: <\/strong>160\u20ac. Se abonar\u00e1 50\u20ac de reserva de plaza, y el resto (110\u20ac), el 1\u00ba d\u00eda de curso. Plazas limitadas; es necesario reservar<br \/>\nplaza con antelaci\u00f3n. Grupo m\u00ednimo: 5 alumnos<\/p>\n<p>(<a href=\"#tab-description\">Ver m\u00e1s informaci\u00f3n<\/a>)<\/p>\n","protected":false},"featured_media":13773,"comment_status":"open","ping_status":"closed","template":"","meta":{"_joinchat":[]},"product_brand":[],"product_cat":[617,89,98,179],"product_tag":[380,611,612,614,613,519],"class_list":{"0":"post-13772","1":"product","2":"type-product","3":"status-publish","4":"has-post-thumbnail","6":"product_cat-imagenes-profesores","7":"product_cat-terapias-manuales","8":"product_cat-cursos","9":"product_cat-cursos-presenciales","10":"product_tag-jordi-sagrera-ferrandiz","11":"product_tag-lewit","12":"product_tag-mitchell","13":"product_tag-musculoesqueleticas","14":"product_tag-patologias-agudas","15":"product_tag-terapia-manual","17":"first","18":"instock","19":"virtual","20":"purchasable","21":"product-type-simple"},"_links":{"self":[{"href":"https:\/\/tienda.ismet.es\/index.php\/wp-json\/wp\/v2\/product\/13772","targetHints":{"allow":["GET"]}}],"collection":[{"href":"https:\/\/tienda.ismet.es\/index.php\/wp-json\/wp\/v2\/product"}],"about":[{"href":"https:\/\/tienda.ismet.es\/index.php\/wp-json\/wp\/v2\/types\/product"}],"replies":[{"embeddable":true,"href":"https:\/\/tienda.ismet.es\/index.php\/wp-json\/wp\/v2\/comments?post=13772"}],"wp:featuredmedia":[{"embeddable":true,"href":"https:\/\/tienda.ismet.es\/index.php\/wp-json\/wp\/v2\/media\/13773"}],"wp:attachment":[{"href":"https:\/\/tienda.ismet.es\/index.php\/wp-json\/wp\/v2\/media?parent=13772"}],"wp:term":[{"taxonomy":"product_brand","embeddable":true,"href":"https:\/\/tienda.ismet.es\/index.php\/wp-json\/wp\/v2\/product_brand?post=13772"},{"taxonomy":"product_cat","embeddable":true,"href":"https:\/\/tienda.ismet.es\/index.php\/wp-json\/wp\/v2\/product_cat?post=13772"},{"taxonomy":"product_tag","embeddable":true,"href":"https:\/\/tienda.ismet.es\/index.php\/wp-json\/wp\/v2\/product_tag?post=13772"}],"curies":[{"name":"wp","href":"https:\/\/api.w.org\/{rel}","templated":true}]}}