{"id":13709,"date":"2022-05-27T12:55:07","date_gmt":"2022-05-27T11:55:07","guid":{"rendered":"https:\/\/tienda.ismet.es\/?post_type=product&#038;p=13709"},"modified":"2026-03-11T11:10:15","modified_gmt":"2026-03-11T10:10:15","slug":"dietoterapia-energetica-para-acupuntores-y-dolor","status":"publish","type":"product","link":"https:\/\/tienda.ismet.es\/index.php\/producto\/dietoterapia-energetica-para-acupuntores-y-dolor\/","title":{"rendered":"&#8211; Dietoterapia energ\u00e9tica para acupuntores y dolor"},"content":{"rendered":"[vc_row][vc_column][vc_video link=&#8221;&#8221;][vc_column_text]\n<hr \/>\n<div class=\"woocommerce-product-details__short-description\">La MTC asocia los dolores a un estancamiento de Qi o Xue, que pueden estar asociados a otros factores pat\u00f3genos como la humedad, el fr\u00edo, el calor, el viento o una combinaci\u00f3n de ellos. Si bien es cierto que algunas t\u00e9cnicas de la MTC son muy efectivas para el tratamiento del dolor, tambi\u00e9n lo es que la alimentaci\u00f3n puede jugar un papel determinante para mitigarlo. La dietoterapia Energ\u00e9tica seg\u00fan la MTC se basa en los mismos principios y fundamentos que la acupuntura o la fitoterapia, combinando las propiedades de los alimentos en funci\u00f3n de sus sabores, naturalezas y\/o colores, adem\u00e1s de tener en cuenta tambi\u00e9n otros aspectos m\u00e1s sutiles como por ejemplo los diferentes tipos de preparaci\u00f3n culinaria de los alimentos.<\/p>\n<p class=\"curso\">En este curso nos centraremos en el abordaje de las causas principales de dolor que acuden a nuestras consultas: <strong>Patolog\u00edas del raquis, contracturas, tendinitis, artrosis, osteoporosis y fibromialgia<\/strong><\/p>\n<\/div>\n<hr \/>\n<h4>Objetivos del curso<\/h4>\n<ul>\n<li>Dar a conocer las bases de la Diet\u00e9tica China (Yin \u2013 Yang, Naturaleza, Sabor, Color, textura, m\u00e9todos de cocci\u00f3n)<\/li>\n<li>Proporcionar conocimientos espec\u00edficos sobre dietoterapia Energ\u00e9tica para el abordaje de la mayor parte de las causas del dolor.<\/li>\n<li>Aportar una doble informaci\u00f3n detallada sobre los alimentos desde dos perspectivas, la energ\u00e9tica basada en la MTC y la cient\u00edfica seg\u00fan par\u00e1metros nutricionales con criterio naturista.<\/li>\n<li>Abordar las causas m\u00e1s comunes de dolor desde la dietoterapia Energ\u00e9tica.<\/li>\n<li>Complementar de los S\u00edndromes con Fitoterapia China y Acupuntura.<\/li>\n<\/ul>\n<hr \/>\n<p><!--\n\n\n<h4>Impartido por: Vicen\u00e7 Fuster Font<\/h4>\n\n\nTiene una gran experiencia tanto docente como cl\u00ednica en la ense\u00f1anza y aplicaci\u00f3n de la Dietoterapia Comparada y con la ayuda de sus alumnos, a lo largo de los a\u00f1os acad\u00e9micos como profesor en Ismet, han realizado numerosas investigaciones en este campo validando los conceptos te\u00f3ricos y energ\u00e9ticos de la Medicina Tradicional China mediante el modelo cient\u00edfico occidental.-->[\/vc_column_text][\/vc_column][\/vc_row]\n","protected":false},"excerpt":{"rendered":"<p>Modalidad online.<span style=\"color: #7f7dd1;\" data-darkreader-inline-color=\"\"><strong><br \/>\n\u2022 Del 2 al 31 de marzo 2026.<br \/>\n\u2022 Del 1 al 30 de abril 2026.<br \/>\n\u2022 Del 4 al 31 de mayo 2026.<br \/>\n\u2022 Del 1 al 30 de junio 2026.<br \/>\n\u2022 Del 1 al 30 de julio 2026.<\/strong><\/span><\/p>\n<p>&nbsp;<\/p>\n<hr \/>\n<p>Precio total: 160\u20ac\/m\u00f3dulo.<br \/>\nPrecio especial: Club Fitoki y socios de la SAC: 120\u20ac. Plazas Limitadas.<\/p>\n<p>La dietoterapia energ\u00e9tica seg\u00fan la MTC se basa en los mismos principios y fundamentos que la acupuntura o la fitoterapia&#8230; (<a href=\"#tab-description\">Ver m\u00e1s informaci\u00f3n<\/a>)<\/p>\n","protected":false},"featured_media":13714,"comment_status":"open","ping_status":"closed","template":"","meta":{"_joinchat":[]},"product_brand":[],"product_cat":[216,617,90,98,180,201,205,202,203,204],"product_tag":[333,646,436,866],"class_list":{"0":"post-13709","1":"product","2":"type-product","3":"status-publish","4":"has-post-thumbnail","6":"product_cat-fitoki","7":"product_cat-imagenes-profesores","8":"product_cat-medicina-china-y-acupuntura","9":"product_cat-cursos","10":"product_cat-online","11":"product_cat-online-marzo","12":"product_cat-online-abril","13":"product_cat-online-mayo","14":"product_cat-online-junio","15":"product_cat-online-julio","16":"product_tag-dietoterapia","17":"product_tag-dietoterapia-energetica","18":"product_tag-dolor","19":"product_tag-vicenc-fuster-font","20":"pa_ediciones-edicion-diciembre","21":"pa_ediciones-edicion-enero","22":"pa_ediciones-edicion-febrero","23":"pa_ediciones-edicion-marzo","24":"pa_ediciones-edicion-abril","25":"pa_ediciones-edicion-mayo","26":"pa_ediciones-edicion-junio","27":"pa_ediciones-edicion-julio","28":"pa_ediciones-edicion-agosto","29":"pa_ediciones-edicion-septiembre","30":"pa_ediciones-edicion-octubre","31":"pa_ediciones-edicion-noviembre","33":"first","34":"instock","35":"purchasable","36":"product-type-variable"},"_links":{"self":[{"href":"https:\/\/tienda.ismet.es\/index.php\/wp-json\/wp\/v2\/product\/13709","targetHints":{"allow":["GET"]}}],"collection":[{"href":"https:\/\/tienda.ismet.es\/index.php\/wp-json\/wp\/v2\/product"}],"about":[{"href":"https:\/\/tienda.ismet.es\/index.php\/wp-json\/wp\/v2\/types\/product"}],"replies":[{"embeddable":true,"href":"https:\/\/tienda.ismet.es\/index.php\/wp-json\/wp\/v2\/comments?post=13709"}],"wp:featuredmedia":[{"embeddable":true,"href":"https:\/\/tienda.ismet.es\/index.php\/wp-json\/wp\/v2\/media\/13714"}],"wp:attachment":[{"href":"https:\/\/tienda.ismet.es\/index.php\/wp-json\/wp\/v2\/media?parent=13709"}],"wp:term":[{"taxonomy":"product_brand","embeddable":true,"href":"https:\/\/tienda.ismet.es\/index.php\/wp-json\/wp\/v2\/product_brand?post=13709"},{"taxonomy":"product_cat","embeddable":true,"href":"https:\/\/tienda.ismet.es\/index.php\/wp-json\/wp\/v2\/product_cat?post=13709"},{"taxonomy":"product_tag","embeddable":true,"href":"https:\/\/tienda.ismet.es\/index.php\/wp-json\/wp\/v2\/product_tag?post=13709"}],"curies":[{"name":"wp","href":"https:\/\/api.w.org\/{rel}","templated":true}]}}