{"id":12789,"date":"2022-03-07T14:53:04","date_gmt":"2022-03-07T13:53:04","guid":{"rendered":"https:\/\/tienda.ismet.es\/?post_type=product&#038;p=12789"},"modified":"2026-03-03T14:28:17","modified_gmt":"2026-03-03T13:28:17","slug":"facioterapia-dien-chan-nivel-3-dien-chan-clinic","status":"publish","type":"product","link":"https:\/\/tienda.ismet.es\/index.php\/producto\/facioterapia-dien-chan-nivel-3-dien-chan-clinic\/","title":{"rendered":"&#8211; Facioterapia III: Dien-Chan clinic"},"content":{"rendered":"[vc_row][vc_column][vc_video link=&#8221;https:\/\/youtu.be\/uKu31VNJFP0&#8243;][vc_column_text]\n<hr \/>\n<div class=\"woocommerce-product-details__short-description\">\n<h4>Objetivos<\/h4>\n<p>Mejorar la capacidad de proyectar los primeros esquemas de reflexi\u00f3n entre ellos, para crear \u00abpuentes reflexol\u00f3gicos\u00bb y verificar que \u00abuno es todo y todo es uno\u00bb tal y como nos ense\u00f1\u00f3 el principio del I-Ching y la base filos\u00f3fica del Dien Chan, el TUY. Aprender a dise\u00f1ar protocolos de tratamiento personalizados (DienChan\u2019clinic) ya que ahora somos capaces de aplicar correctamente las f\u00f3rmulas de puntos (DienChan\u2019pro) y de proyectar sobre cualquier rostro los esquemas de reflexi\u00f3n (DienChan\u2019reflex). La experiencia y los conocimientos obtenidos en otras t\u00e9cnicas terap\u00e9uticas nos ser\u00e1n de gran ayuda para nutrir los tratamientos multirreflexol\u00f3gicos que vamos a construir.<\/p>\n<hr \/>\n<h4>Programa del Curso<\/h4>\n<ul>\n<li>Los esquemas de reflexi\u00f3n complementarios.<\/li>\n<li>Los esquemas in\u00e9ditos del aparato reproductor femenino.<\/li>\n<li>Tratamientos y f\u00f3rmulas dedicados a las alteraciones hormonales.<\/li>\n<li>Tratamientos y f\u00f3rmulas de Wellness.<\/li>\n<li>Proyecciones detalladas de la columna vertebral.<\/li>\n<li>Estudio y utilizaci\u00f3n del esquema de reflexi\u00f3n de los 12 pares de nervios craneales.<\/li>\n<li>Multiproyecciones en orejas, pies y manos de los esquemas del Dien Chan.<\/li>\n<li>Multiproyecciones del sistema urinario.<\/li>\n<li>Los cinco elementos de la MTC en Dien Chan.<\/li>\n<\/ul>\n<hr \/>\n<p><!--\n\n\n<h4>Impartido por: Montse Garc\u00eda<\/h4>\n\n\nFacioterapeuta, Formadora certificada en Facioterapia-Dien Chan por el Profesor Dr. B\u00f9i Qu\u00f4c Ch\u00e2u en Espa\u00f1a (2004) y en Ho Chi Minh, en Vietnam (2006 y 2009). Natur\u00f3pata, Quiromasajista, Experta en reflexoterapia podal y masaje deportivo. Coordinadora de masajistas deportivos en competiciones de \u00e1mbito nacional e internacional.--><\/p>\n[\/vc_column_text][\/vc_column][\/vc_row]\n<\/div>\n","protected":false},"excerpt":{"rendered":"<p>Modalidad presencial. <span style=\"color: #7f7dd1;\"><br \/>\n<strong>Jueves 4 &#8211; 11 y 18 junio 2026.<br \/>\nDe 15:30 a 19:30 h.<\/strong><br \/>\n<\/span><\/p>\n<hr \/>\n<p><strong>Precio Total: <\/strong> 300\u20ac. Plazas limitadas. Es necesario reservar con antelaci\u00f3n. Se abonar\u00e1 de la siguiente manera: Reserva plaza: 50\u20ac, y 250\u20ac restantes se abonar\u00e1n el 1er d\u00eda de clase<\/p>\n<hr \/>\n<p>En este nivel, profesionalizamos m\u00e1s la t\u00e9cnica Dien Chan&#8230;(<a href=\"#tab-description\">Ver m\u00e1s informaci\u00f3n<\/a>)<\/p>\n","protected":false},"featured_media":13263,"comment_status":"open","ping_status":"closed","template":"","meta":{"_joinchat":[]},"product_brand":[],"product_cat":[617,89,182,98,179,199],"product_tag":[413,408,859,220],"class_list":{"0":"post-12789","1":"product","2":"type-product","3":"status-publish","4":"has-post-thumbnail","6":"product_cat-imagenes-profesores","7":"product_cat-terapias-manuales","8":"product_cat-wellness-y-estetica","9":"product_cat-cursos","10":"product_cat-cursos-presenciales","11":"product_cat-presencial-junio","12":"product_tag-dien-chan-clinic","13":"product_tag-facioterapia","14":"product_tag-facioterapia-iii","15":"product_tag-montse-garcia","17":"first","18":"outofstock","19":"virtual","20":"purchasable","21":"product-type-simple"},"_links":{"self":[{"href":"https:\/\/tienda.ismet.es\/index.php\/wp-json\/wp\/v2\/product\/12789","targetHints":{"allow":["GET"]}}],"collection":[{"href":"https:\/\/tienda.ismet.es\/index.php\/wp-json\/wp\/v2\/product"}],"about":[{"href":"https:\/\/tienda.ismet.es\/index.php\/wp-json\/wp\/v2\/types\/product"}],"replies":[{"embeddable":true,"href":"https:\/\/tienda.ismet.es\/index.php\/wp-json\/wp\/v2\/comments?post=12789"}],"wp:featuredmedia":[{"embeddable":true,"href":"https:\/\/tienda.ismet.es\/index.php\/wp-json\/wp\/v2\/media\/13263"}],"wp:attachment":[{"href":"https:\/\/tienda.ismet.es\/index.php\/wp-json\/wp\/v2\/media?parent=12789"}],"wp:term":[{"taxonomy":"product_brand","embeddable":true,"href":"https:\/\/tienda.ismet.es\/index.php\/wp-json\/wp\/v2\/product_brand?post=12789"},{"taxonomy":"product_cat","embeddable":true,"href":"https:\/\/tienda.ismet.es\/index.php\/wp-json\/wp\/v2\/product_cat?post=12789"},{"taxonomy":"product_tag","embeddable":true,"href":"https:\/\/tienda.ismet.es\/index.php\/wp-json\/wp\/v2\/product_tag?post=12789"}],"curies":[{"name":"wp","href":"https:\/\/api.w.org\/{rel}","templated":true}]}}