{"id":11684,"date":"2021-12-13T15:18:44","date_gmt":"2021-12-13T14:18:44","guid":{"rendered":"https:\/\/tienda.ismet.es\/?post_type=product&#038;p=11684"},"modified":"2025-04-23T09:29:48","modified_gmt":"2025-04-23T08:29:48","slug":"lesion-muscular-latigazo-cervical-y-terapia-manual","status":"publish","type":"product","link":"https:\/\/tienda.ismet.es\/index.php\/producto\/lesion-muscular-latigazo-cervical-y-terapia-manual\/","title":{"rendered":"&#8211; Lesi\u00f3n muscular, latigazo cervical y terapia manual"},"content":{"rendered":"[vc_row][vc_column][vc_video link=&#8221;https:\/\/www.youtube.com\/watch?v=lmLRJSBvTkw&#8221;][vc_column_text]\n<hr \/>\n<div class=\"woocommerce-product-details__short-description\">\n<h4>Presentaci\u00f3n<\/h4>\n<p>El Wiplash o latigazo cervical es la lesi\u00f3n producida com\u00fanmente por<br \/>\ntraumatismo indirecto y que repercute en la regi\u00f3n cervical,<br \/>\nprovocando un movimiento r\u00e1pido y consecutivo de flexoextensi\u00f3n.<br \/>\nEsto nos puede llevar a una amplia posibilidad de lesiones,<br \/>\ncontracturas, esguinces de diverso grado, hernias discales e incluso<br \/>\nfracturas.Una vez se efect\u00faa el diagn\u00f3stico en urgencias, el<br \/>\ntratamiento m\u00e9dico y posterior rehabilitador, son muchas las<br \/>\npersonas que tienen secuelas una vez dados de alta, tales como<br \/>\ndolor cervical o mareos.<br \/>\nEs en esta fase cuando nuestro abordaje con terapia manual est\u00e1<br \/>\nindicada, y veremos resultados satisfactorios.<br \/>\nEn cuanto a las lesiones musculares, el alumno sabr\u00e1 reconocer una<br \/>\nposible lesi\u00f3n aguda en campo deportivo o en camilla en fase aguda,<br \/>\ny el enfoque directo del tratamiento a seguir tanto en fase aguda<br \/>\ncomo en fase subaguda y cr\u00f3nica.<\/p>\n<hr \/>\n<h4>Programa<\/h4>\n<ol>\n<li>Diferenciaci\u00f3n entre contractura, elongaci\u00f3n y rotura. Tipos de lesi\u00f3n<br \/>\nmuscular. Lesiones agudas, semiolog\u00eda y exploraci\u00f3n. Lesiones<br \/>\ncr\u00f3nicas, balance muscular. Protocolo de tratamiento en lesiones<br \/>\nagudas. Protocolo de tratamiento en lesiones cr\u00f3nicas. T\u00e9cnicas de<br \/>\ntejido blando: Mitchell, ARRE, masaje y Maes<br \/>\nAplicaci\u00f3n de las t\u00e9cnicas en m\u00fasculos concretos.<\/li>\n<li>WIPLASH (latigazo Cervical): Exploraci\u00f3n y tratamiento manual.<br \/>\nConcepto de lesi\u00f3n. Biomec\u00e1nica. Anamnesis. Exploraci\u00f3n movilidad.<br \/>\nTests ortop\u00e9dicos-osteop\u00e1ticos<br \/>\nTratamiento: T\u00e9cnica de Arrastre cervical y hombro. Masaje<br \/>\nespec\u00edfico cervical. Movilizaciones de descarga. T\u00e9cnicas de relajaci\u00f3n<br \/>\npostisom\u00e9tricas. Maes. Movilizaciones con toalla. Estiramiento<br \/>\nmuscular cervical<\/li>\n<\/ol>\n<p><!--\n\n\n<h4>Impartido por: Jordi Sagrera Ferrandiz.<\/h4>\n\n\nLic. Medicina y cirug\u00eda UB 1973. Acreditado como m\u00e9dico naturista en el colegio de m\u00e9dicos de Barcelona (2005). Magister en Medicina Manual y Osteopat\u00eda en la Univ. Complutense de Madrid. Especializado en Terapias Manuales: Masaje y Osteopat\u00eda. Profesor externo en la Univ. Barcelona, Complutense de Madrid y La Cat\u00f3lica de Montevideo. Miembro de Semooym (sociedad espa\u00f1ola de Medicina Ortop\u00e9dica y manual). Asesor m\u00e9dico de RBA editores y autor de diversos libros. Profesor en cursos de pre y postgrado en distintas Universidades. Asesor m\u00e9dico ISMET en la elaboraci\u00f3n e impartici\u00f3n en distintos cursos.\n\n\n<h4>Impartido por: Dr. C. Daniel Str\u00e1n Frugoni.<\/h4>\n\n\nDoctor en Medicina. Estudios de Post-Grado en Medicina Interna. Especialista en Medicina Ortop\u00e9dica Manual. Autor del M\u00e9todo de abordaje del S\u00edndrome Neuro-Mio-Fascial que lleva su nombre, en base a la T\u00e9cnica de R. Nimmo. Director de los Cursos de Formaci\u00f3n en T\u00e9cnicas de Ortopedia Manual en Montevideo-Uruguay. Docente externo en la Universidad Cat\u00f3lica del Uruguay.Miembro de la Sociedad Espa\u00f1ola de Medicina Ortop\u00e9dica Osteop\u00e1tica y Manual (SEMOOYM), Formador y Profesor de sus cursos. Fue miembro cofundador del Grupo Barcelona de Medicina Ortop\u00e9dica I Manual (GBMOIM 2003 al 2017) y Profesor de sus cursos.--><br \/>\n[\/vc_column_text][\/vc_column][\/vc_row]\n<\/div>\n","protected":false},"excerpt":{"rendered":"<p>Modalidad presencial<br \/>\n<span style=\"color: #7f7dd1;\"><strong>Planificando fechas<\/strong><br \/>\n<\/span><\/p>\n<hr \/>\n<p><strong>Precio total:<\/strong> 70\u20ac. Se abonar\u00e1 50\u20ac de reserva de plaza, y el resto del importe (20\u20ac), se abonar\u00e1 el 1\u00ba d\u00eda de curso.<\/p>\n<hr \/>\n<p>Este programa pretende trabajar la aplicaci\u00f3n pr\u00e1ctica del tratamiento de las disfunciones encontradas con terapias manuales combinadas, sobre un diagn\u00f3stico preestablecido&#8230;(<a href=\"#tab-description\">Ver m\u00e1s informaci\u00f3n<\/a>)<\/p>\n","protected":false},"featured_media":11685,"comment_status":"open","ping_status":"closed","template":"","meta":{"_joinchat":[]},"product_brand":[],"product_cat":[617,89,98,179],"product_tag":[236],"class_list":{"0":"post-11684","1":"product","2":"type-product","3":"status-publish","4":"has-post-thumbnail","6":"product_cat-imagenes-profesores","7":"product_cat-terapias-manuales","8":"product_cat-cursos","9":"product_cat-cursos-presenciales","10":"product_tag-dr-sagrera","11":"pa_ediciones-edicion-mayo","12":"pa_modalidad-online","14":"first","15":"instock","16":"virtual","17":"purchasable","18":"product-type-simple"},"_links":{"self":[{"href":"https:\/\/tienda.ismet.es\/index.php\/wp-json\/wp\/v2\/product\/11684","targetHints":{"allow":["GET"]}}],"collection":[{"href":"https:\/\/tienda.ismet.es\/index.php\/wp-json\/wp\/v2\/product"}],"about":[{"href":"https:\/\/tienda.ismet.es\/index.php\/wp-json\/wp\/v2\/types\/product"}],"replies":[{"embeddable":true,"href":"https:\/\/tienda.ismet.es\/index.php\/wp-json\/wp\/v2\/comments?post=11684"}],"wp:featuredmedia":[{"embeddable":true,"href":"https:\/\/tienda.ismet.es\/index.php\/wp-json\/wp\/v2\/media\/11685"}],"wp:attachment":[{"href":"https:\/\/tienda.ismet.es\/index.php\/wp-json\/wp\/v2\/media?parent=11684"}],"wp:term":[{"taxonomy":"product_brand","embeddable":true,"href":"https:\/\/tienda.ismet.es\/index.php\/wp-json\/wp\/v2\/product_brand?post=11684"},{"taxonomy":"product_cat","embeddable":true,"href":"https:\/\/tienda.ismet.es\/index.php\/wp-json\/wp\/v2\/product_cat?post=11684"},{"taxonomy":"product_tag","embeddable":true,"href":"https:\/\/tienda.ismet.es\/index.php\/wp-json\/wp\/v2\/product_tag?post=11684"}],"curies":[{"name":"wp","href":"https:\/\/api.w.org\/{rel}","templated":true}]}}