{"id":10792,"date":"2021-10-06T12:13:57","date_gmt":"2021-10-06T10:13:57","guid":{"rendered":"https:\/\/tienda.ismet.es\/?post_type=product&#038;p=10792"},"modified":"2026-01-14T16:18:20","modified_gmt":"2026-01-14T15:18:20","slug":"kinesiologia-global","status":"publish","type":"product","link":"https:\/\/tienda.ismet.es\/index.php\/producto\/kinesiologia-global\/","title":{"rendered":"&#8211; Kinesiolog\u00eda Global"},"content":{"rendered":"[vc_row][vc_column][vc_video link=&#8221;https:\/\/youtu.be\/FEYq29L5My8&#8243;][vc_column_text]\n<hr \/>\n<div class=\"woocommerce-product-details__short-description\">\nLa Kinesiolog\u00eda es una disciplina terap\u00e9utica basada en la comunicaci\u00f3n neuromuscular que permite la integraci\u00f3n entre quien realiza la terapia y quien la recibe, siendo lo m\u00e1s destacable de la Kinesiolog\u00eda Global su esp\u00edritu integrador, al tomar conceptos y formas de trabajo de la Medicina Tradicional China, las Terapias Manuales, la Naturopat\u00eda, la Psicoterapia y T\u00e9cnicas Crecimiento Personal. Este m\u00f3dulo forma parte del curso Kinesiolog\u00eda Global y es totalmente funcional e independiente, siendo la puerta de entrada a la Kinesiolog\u00eda y abriendo el camino para cursar el resto de los m\u00f3dulos de la Kinesiolog\u00eda global.<\/p>\n<hr \/>\n<h4>Programa<\/h4>\n<ul>\n<li>Aprender a testar: m\u00e9todos y t\u00e9cnicas (B1)<\/li>\n<li>Cuerpo de la Estructura (C1)<\/li>\n<li>Cuerpo de la Bioqu\u00edmica y Nutrici\u00f3n (C2)<\/li>\n<li>Cuerpo de la Psique (C3)<\/li>\n<li>Cuerpo de la Informaci\u00f3n (El\u00e9ctrico, energ\u00e9tico y vibracional) (C4)<\/li>\n<li>Cuerpo sutil (C5).<\/li>\n<li>Geobiolog\u00eda (O1)<\/li>\n<li>M\u00f3dulo de consolidaci\u00f3n<\/li>\n<\/ul>\n<hr \/>\n<h4>Objetivos<\/h4>\n<p>Aprender las t\u00e9cnicas de testeo propias de la Kinesiolog\u00eda: M\u00fasculo indicador, Cadenas musculares, tanto con los brazos como con los pies. El test se trabaja en camilla, sentados y de pie. Conocer y manejar los m\u00e9todos que se emplean en una sesi\u00f3n de trabajo. Capacitarnos para utilizar el test y la metodolog\u00eda en todas las situaciones y circunstancias, siendo el objetivo principal del curso el poder utilizar las t\u00e9cnicas aprendidas desde el minuto cero<\/p>\n<hr \/>\n<p><!--\n\n\n<h4>Impartido por: Jaume Porta Vidal<\/h4>\n\n\nGraduado en Medicina Tradicional China, Terapeuta Shiatsu, Yuki, Tuina, Qigong terap\u00e9utico y RBE, Aroma terapeuta, Kinesi\u00f3logo (Global, Emocional, Bioqu\u00edmica, Qu\u00e1ntica Vibracional), Bioingenier\u00eda Cu\u00e1ntica, VRT Reflexolog\u00eda vertical, Par Biomagn\u00e9tico, Instructor de Taichi y Qigong, Reset ATM Certified, Masaje Ayurv\u00e9dico, Maestr\u00edas de Reiki. Software engineer.--><\/p>\n[\/vc_column_text][\/vc_column][\/vc_row]\n<\/div>\n","protected":false},"excerpt":{"rendered":"<p>Modalidad presencial.<br \/>\n<u>&#8211; M\u00f3dulo B1: Aprender a testar: <\/u><br \/>\nPlanificando fechas.<br \/>\n<u>&#8211; M\u00f3dulo C4: Cuerpo de la informaci\u00f3n:<\/u><br \/>\nPlanificando fechas.<br \/>\n<u>&#8211; M\u00f3dulo C2: Cuerpo de la bioqu\u00edmica y nutrici\u00f3n:<\/u><br \/>\nPlanificando fechas.<br \/>\n<u>&#8211; M\u00f3dulo C3: Cuerpo de la psique:<\/u><br \/>\nPlanificando fechas<br \/>\n<u>&#8211; M\u00f3dulo C1: Cuerpo de la estructura:<\/u><br \/>\nPlanificando fechas<br \/>\n<u>&#8211; M\u00f3dulo C5: Cuerpo sutil:<\/u><br \/>\nPlanificando fechas<br \/>\n<u>&#8211; M\u00f3dulo O1: Geobiolog\u00eda:<\/u><br \/>\nPlanificando fechas<br \/>\n<u>&#8211; M\u00f3dulo C4: Cuerpo de Consolidaci\u00f3n:<\/u><br \/>\nPlanificando fechas<\/p>\n<hr \/>\n<p>Aprende las t\u00e9cnicas y m\u00e9todos para testar en una sesi\u00f3n de kinesiolog\u00eda&#8230; (<a href=\"#tab-description\">Ver m\u00e1s informaci\u00f3n<\/a>)<\/p>\n","protected":false},"featured_media":12168,"comment_status":"open","ping_status":"closed","template":"","meta":{"_joinchat":[]},"product_brand":[],"product_cat":[617,183,98,179,196],"product_tag":[590,522,520,521,900,819],"class_list":{"0":"post-10792","1":"product","2":"type-product","3":"status-publish","4":"has-post-thumbnail","6":"product_cat-imagenes-profesores","7":"product_cat-terapias-energeticas","8":"product_cat-cursos","9":"product_cat-cursos-presenciales","10":"product_cat-presencial-marzo","11":"product_tag-aprender-a-testar","12":"product_tag-global","13":"product_tag-kine","14":"product_tag-kinesiologia","15":"product_tag-kinesiologia-gobal","16":"product_tag-testar","17":"pa_ediciones-edicion-octubre","18":"pa_ediciones-edicion-noviembre","20":"first","21":"instock","22":"product-type-variable"},"_links":{"self":[{"href":"https:\/\/tienda.ismet.es\/index.php\/wp-json\/wp\/v2\/product\/10792","targetHints":{"allow":["GET"]}}],"collection":[{"href":"https:\/\/tienda.ismet.es\/index.php\/wp-json\/wp\/v2\/product"}],"about":[{"href":"https:\/\/tienda.ismet.es\/index.php\/wp-json\/wp\/v2\/types\/product"}],"replies":[{"embeddable":true,"href":"https:\/\/tienda.ismet.es\/index.php\/wp-json\/wp\/v2\/comments?post=10792"}],"wp:featuredmedia":[{"embeddable":true,"href":"https:\/\/tienda.ismet.es\/index.php\/wp-json\/wp\/v2\/media\/12168"}],"wp:attachment":[{"href":"https:\/\/tienda.ismet.es\/index.php\/wp-json\/wp\/v2\/media?parent=10792"}],"wp:term":[{"taxonomy":"product_brand","embeddable":true,"href":"https:\/\/tienda.ismet.es\/index.php\/wp-json\/wp\/v2\/product_brand?post=10792"},{"taxonomy":"product_cat","embeddable":true,"href":"https:\/\/tienda.ismet.es\/index.php\/wp-json\/wp\/v2\/product_cat?post=10792"},{"taxonomy":"product_tag","embeddable":true,"href":"https:\/\/tienda.ismet.es\/index.php\/wp-json\/wp\/v2\/product_tag?post=10792"}],"curies":[{"name":"wp","href":"https:\/\/api.w.org\/{rel}","templated":true}]}}