{"id":10739,"date":"2021-10-04T12:47:08","date_gmt":"2021-10-04T10:47:08","guid":{"rendered":"https:\/\/tienda.ismet.es\/?post_type=product&#038;p=10739"},"modified":"2025-07-16T12:55:50","modified_gmt":"2025-07-16T11:55:50","slug":"solicitud-de-titulo-de-diploma-individual","status":"publish","type":"product","link":"https:\/\/tienda.ismet.es\/index.php\/producto\/solicitud-de-titulo-de-diploma-individual\/","title":{"rendered":"Solicitar diploma curso individual"},"content":{"rendered":"","protected":false},"excerpt":{"rendered":"<p>En esta p\u00e1gina puedes solicitar tu diploma o un duplicado.<\/p>\n<ul>\n<li style=\"display: row;\"><strong>Diploma individual de curso<br \/>\n<\/strong>Opci\u00f3n disponible si desea un diploma individual de una asignatura concreta dentro de un Programa Formativo o bien de un curso que ha realizado como monogr\u00e1fico.<br \/>\nLa expedici\u00f3n del diploma se realizar\u00e1 en un plazo de 15 a 30 d\u00edas naturales a partir de la fecha de recepci\u00f3n de la solicitud.<\/li>\n<li><strong>Duplicado diploma individual de curso<br \/>\n<\/strong>Si ha extraviado un diploma individual de curso, puede solicitar un duplicado del mismo. La expedici\u00f3n del diploma se realizar\u00e1 en un plazo de 15 a 30 d\u00edas naturales a partir de la fecha de recepci\u00f3n de la solicitud.<\/li>\n<\/ul>\n<p><span style=\"color: #ff0000;\"><strong>Importante:<\/strong><\/span><\/p>\n<ul>\n<li>Una vez gestionado el diploma por Secretar\u00eda, se enviar\u00e1 un e-mail o mensaje de m\u00f3vil al solicitante para avisar de su recepci\u00f3n.<\/li>\n<li>Si el alumno no pudiera desplazarse presencialmente a Secretar\u00eda para recoger el diploma, podr\u00e1 enviar una persona en su nombre o contratar un servicio de mensajer\u00eda (la contrataci\u00f3n y gastos corren a cargo del alumno).<\/li>\n<\/ul>\n","protected":false},"featured_media":29663,"comment_status":"open","ping_status":"closed","template":"","meta":{"_joinchat":[]},"product_brand":[],"product_cat":[88,261],"product_tag":[263,930,931,262,932],"class_list":{"0":"post-10739","1":"product","2":"type-product","3":"status-publish","4":"has-post-thumbnail","6":"product_cat-otros","7":"product_cat-diplomas-y-titulos","8":"product_tag-certificados","9":"product_tag-diploma","10":"product_tag-diploma-curso","11":"product_tag-diplomas","12":"product_tag-duplicado","14":"first","15":"instock","16":"sold-individually","17":"taxable","18":"shipping-taxable","19":"purchasable","20":"product-type-variable"},"_links":{"self":[{"href":"https:\/\/tienda.ismet.es\/index.php\/wp-json\/wp\/v2\/product\/10739","targetHints":{"allow":["GET"]}}],"collection":[{"href":"https:\/\/tienda.ismet.es\/index.php\/wp-json\/wp\/v2\/product"}],"about":[{"href":"https:\/\/tienda.ismet.es\/index.php\/wp-json\/wp\/v2\/types\/product"}],"replies":[{"embeddable":true,"href":"https:\/\/tienda.ismet.es\/index.php\/wp-json\/wp\/v2\/comments?post=10739"}],"wp:featuredmedia":[{"embeddable":true,"href":"https:\/\/tienda.ismet.es\/index.php\/wp-json\/wp\/v2\/media\/29663"}],"wp:attachment":[{"href":"https:\/\/tienda.ismet.es\/index.php\/wp-json\/wp\/v2\/media?parent=10739"}],"wp:term":[{"taxonomy":"product_brand","embeddable":true,"href":"https:\/\/tienda.ismet.es\/index.php\/wp-json\/wp\/v2\/product_brand?post=10739"},{"taxonomy":"product_cat","embeddable":true,"href":"https:\/\/tienda.ismet.es\/index.php\/wp-json\/wp\/v2\/product_cat?post=10739"},{"taxonomy":"product_tag","embeddable":true,"href":"https:\/\/tienda.ismet.es\/index.php\/wp-json\/wp\/v2\/product_tag?post=10739"}],"curies":[{"name":"wp","href":"https:\/\/api.w.org\/{rel}","templated":true}]}}