{"id":10719,"date":"2021-10-04T11:45:09","date_gmt":"2021-10-04T09:45:09","guid":{"rendered":"https:\/\/tienda.ismet.es\/?post_type=product&#038;p=10719"},"modified":"2025-10-21T09:58:14","modified_gmt":"2025-10-21T08:58:14","slug":"solicitud-de-titulo-de-programa-formativo","status":"publish","type":"product","link":"https:\/\/tienda.ismet.es\/index.php\/producto\/solicitud-de-titulo-de-programa-formativo\/","title":{"rendered":"Solicitar t\u00edtulo formativo"},"content":{"rendered":"","protected":false},"excerpt":{"rendered":"<p>En esta p\u00e1gina puedes solicitar tu t\u00edtulo o un duplicado.<\/p>\n<ul>\n<li style=\"display: row;\"><strong>Solicitar t\u00edtulo de programa formativo<br \/>\n<\/strong>Para solicitar el T\u00edtulo, es imprescindible tener aprobadas todas las asignaturas que comprenden el programa formativo matriculado, haber finalizado las pr\u00e1cticas cl\u00ednicas, en caso de que las haya en esa titulaci\u00f3n, y haber abonado en su totalidad los pagos del curso.\u00a0Una vez comprobados los puntos anteriores, la expedici\u00f3n del t\u00edtulo se realizar\u00e1 en un plazo de 15 a 30 d\u00edas naturales a partir de la fecha de recepci\u00f3n de la solicitud.<\/li>\n<li><strong>Solicitar duplicado<br \/>\n<\/strong>Si ha extraviado un T\u00edtulo de Programa Formativo, puede solicitar un duplicado del mismo. La expedici\u00f3n del t\u00edtulo se realizar\u00e1 en un plazo de 15 a 30 d\u00edas naturales a partir de la fecha de recepci\u00f3n de la solicitud.<\/li>\n<\/ul>\n<p><span style=\"color: #ff0000;\"><strong>Importante:<\/strong><\/span><\/p>\n<ul>\n<li>Una vez recibido el t\u00edtulo en Secretar\u00eda, se enviar\u00e1 un e-mail o mensaje de m\u00f3vil al solicitante para avisar de su recepci\u00f3n. Cuando el alumno recoja el t\u00edtulo, deber\u00e1 firmar un registro de recepci\u00f3n del mismo.<\/li>\n<li>Si no pudiera desplazarse presencialmente a Secretar\u00eda para recoger el t\u00edtulo, podr\u00e1 enviar una persona en su nombre o contratar un servicio de mensajer\u00eda (la contrataci\u00f3n y gastos corren a cargo del alumno).<\/li>\n<\/ul>\n","protected":false},"featured_media":29665,"comment_status":"open","ping_status":"closed","template":"","meta":{"_joinchat":[]},"product_brand":[],"product_cat":[88,261],"product_tag":[263,262,398,933],"class_list":{"0":"post-10719","1":"product","2":"type-product","3":"status-publish","4":"has-post-thumbnail","6":"product_cat-otros","7":"product_cat-diplomas-y-titulos","8":"product_tag-certificados","9":"product_tag-diplomas","10":"product_tag-programa-formativo","11":"product_tag-titulo-formativo","13":"first","14":"instock","15":"sold-individually","16":"taxable","17":"shipping-taxable","18":"purchasable","19":"product-type-variable"},"_links":{"self":[{"href":"https:\/\/tienda.ismet.es\/index.php\/wp-json\/wp\/v2\/product\/10719","targetHints":{"allow":["GET"]}}],"collection":[{"href":"https:\/\/tienda.ismet.es\/index.php\/wp-json\/wp\/v2\/product"}],"about":[{"href":"https:\/\/tienda.ismet.es\/index.php\/wp-json\/wp\/v2\/types\/product"}],"replies":[{"embeddable":true,"href":"https:\/\/tienda.ismet.es\/index.php\/wp-json\/wp\/v2\/comments?post=10719"}],"wp:featuredmedia":[{"embeddable":true,"href":"https:\/\/tienda.ismet.es\/index.php\/wp-json\/wp\/v2\/media\/29665"}],"wp:attachment":[{"href":"https:\/\/tienda.ismet.es\/index.php\/wp-json\/wp\/v2\/media?parent=10719"}],"wp:term":[{"taxonomy":"product_brand","embeddable":true,"href":"https:\/\/tienda.ismet.es\/index.php\/wp-json\/wp\/v2\/product_brand?post=10719"},{"taxonomy":"product_cat","embeddable":true,"href":"https:\/\/tienda.ismet.es\/index.php\/wp-json\/wp\/v2\/product_cat?post=10719"},{"taxonomy":"product_tag","embeddable":true,"href":"https:\/\/tienda.ismet.es\/index.php\/wp-json\/wp\/v2\/product_tag?post=10719"}],"curies":[{"name":"wp","href":"https:\/\/api.w.org\/{rel}","templated":true}]}}