{"id":10667,"date":"2021-10-01T10:57:45","date_gmt":"2021-10-01T09:57:45","guid":{"rendered":"https:\/\/tienda.ismet.es\/?post_type=product&#038;p=10667"},"modified":"2026-05-15T12:26:24","modified_gmt":"2026-05-15T11:26:24","slug":"nutricion-y-suplementacion-en-apoyo-oncologico","status":"publish","type":"product","link":"https:\/\/tienda.ismet.es\/index.php\/producto\/nutricion-y-suplementacion-en-apoyo-oncologico\/","title":{"rendered":"&#8211; Nutrici\u00f3n y suplementaci\u00f3n en apoyo oncol\u00f3gico"},"content":{"rendered":"[vc_row][vc_column][vc_video link=&#8221;https:\/\/youtu.be\/DzcmzDNMsPw&#8221;][vc_column_text]\n<hr \/>\n<div class=\"woocommerce-product-details__short-description\">\n<ol class=\"cursos\">\n<li>El c\u00e1ncer supera a la enfermedad cardiovascular como principal causa de mortalidad en pa\u00edses con ingresos altos llegando a duplicar la cifra de los no desarrollados.<\/li>\n<li>Espa\u00f1a, seg\u00fan el INE, con el 27,86% de los fallecimientos, el c\u00e1ncer constituye la segunda causa de mortalidad tras las enfermedades cardiovasculares con un 29,66 % del total.<\/li>\n<li>El n\u00famero de tumores diagnosticados en nuestro pa\u00eds en el a\u00f1o 2019 alcanz\u00f3 la cifra de 277.234.<\/li>\n<li>La incidencia ha aumentado un 12% en los \u00faltimos 5 a\u00f1os.<\/li>\n<li>En mujeres el incremento fue de casi un 18 % mientras que en los hombres ha sido de un 8%.<\/li>\n<li>Su tratamiento, en los pa\u00edses avanzados, cada vez m\u00e1s, pasa por un conjunto de acciones terap\u00e9uticas que apoyan los tratamientos de quimioterapia, radioterapia o cirug\u00eda con otros que incluyen, de manera integrativa, la Nutrici\u00f3n, la Suplementaci\u00f3n (Nut \/ Sup), t\u00e9cnicas de relajaci\u00f3n y respiraci\u00f3n, meditaci\u00f3n, osteopat\u00eda, quiropr\u00e1ctica, masaje, etc\u2026<\/li>\n<li>En este Curso se ofrece informaci\u00f3n fehaciente y contrastada cient\u00edficamente de las dos primeras terapias (Nut \/ Sup) como un apoyo efectivo y, muchas veces, resolutivo en los casos de tumor y c\u00e1ncer.<\/li>\n<\/ol>\n<\/div>\n<hr \/>\n<h4>Objetivos y programa<\/h4>\n<ul>\n<li>Presentar un panorama de las herramientas que la Nut \/ Sup pueden prestar, como apoyo, a las t\u00e9cnicas oncol\u00f3gicas convencionales: quimioterapia, radioterapia (QT y RT) y cirug\u00eda.<\/li>\n<li>Valorar el papel de la Nut \/ Sup en la vertiente preventiva y de tratamiento propiamente oncol\u00f3gico.<\/li>\n<li>Proporcionar al alumnado las herramientas \u00f3ptimas para poder abordar un acompa\u00f1amiento de QT, RT o cirug\u00eda con el apoyo de la Nut \/ Sup.<\/li>\n<li>El alumnado recibir\u00e1 informaci\u00f3n de las Dietas m\u00e1s efectivas y los suplementos m\u00e1s contrastados por las publicaciones cient\u00edficas.<\/li>\n<li>En los cap\u00edtulos finales tambi\u00e9n se impartir\u00e1n las rese\u00f1as de un generoso conjunto de suplementos de probada eficacia en oncolog\u00eda; as\u00ed como tambi\u00e9n m\u00faltiples protocolos pr\u00e1cticos en el d\u00eda a d\u00eda para apoyar los tratamientos de QT o RT distinguiendo cu\u00e1ndo y c\u00f3mo suplementar antes, durante y despu\u00e9s de la QT \/ RT.<\/li>\n<\/ul>\n<hr \/>\n<h4>Programa<\/h4>\n<ol>\n<li>EPIDEMIOLOG\u00cdA ONCOL\u00d3GICA<\/li>\n<li>QU\u00c9 ES EL C\u00c1NCER Y CU\u00c1LES SON SUS FASES Y ORIGEN<\/li>\n<li>METABOLISMO DE LAS C\u00c9LULAS CANCEROSAS<\/li>\n<li>CARACTER\u00cdSTICAS DE LA ENFERMEDAD TUMORAL<\/li>\n<li>TERAPIAS INTEGRATIVAS EN APOYO ONCOL\u00d3GICO<\/li>\n<li>TRATAMIENTOS ONCOL\u00d3GICOS CONVENCIONALES versus FITOTERAPIA<\/li>\n<li>NUTRICI\u00d3N EN LA PREVENCI\u00d3N Y EL TRATAMIENTO ONCOL\u00d3GICO<\/li>\n<li>SUPLEMENTACI\u00d3N NUTRICIONAL (Micronutrici\u00f3n) EN APOYO ONCOL\u00d3GICO<\/li>\n<li>Suplementos de demostrada eficacia para mitigar los efectos secundarios de la QT \/ RT<\/li>\n<li>Suplementos que mejoran la QT y Suplementos que la interfieren<\/li>\n<li>Protocolos de suplementaci\u00f3n en apoyo de QT: Gemcitabina, FEC, FOLFOX, R-CHOP, Temozolomida<\/li>\n<li>Anexo: LOS BUENOS CONTACTOS<\/li>\n<\/ol>\n<hr \/>\n<p><!--\n\n\n<h4>Impartido por: Enric Ser<\/h4>\n\n\nDiplomado en Terapias Naturales (Universidad Aut\u00f3noma de Barcelona y por el Real centro Universitario Reina M\u00aa Cristina de Madrid). Dr. in Naturopathy por la American University of Natural Medic (Florida\/EUA). T\u00e9cnica Higienista por Nature et Vie (Lorient-France). Profesor titular del \u00e1rea de Terapia Ortomolecular en ISMET. Profesor colaborador en diversos cursos Posgrado de la Escuela Universitaria de Ciencias de la Salud de Vic (Barcelona) y de la Escuela de Enfermer\u00eda Gimbernat (Sant Cugat-Barcelona). Autor de diversos libros ya publicados de Terapia Biol\u00f3gica e Historia de la Medicina y ex-colaborador de distintas publicaciones del sector (Cuerpomente, Vital, Vivir con salud, Diet\u00e9tica y salud). Premio Nacional de Investigaci\u00f3n Educativa del Ministerio de Educaci\u00f3n y Ciencia...-->[\/vc_column_text][\/vc_column][\/vc_row]\n","protected":false},"excerpt":{"rendered":"<p>Modalidad online.<span style=\"color: #7f7dd1;\" data-darkreader-inline-color=\"\"><strong><br \/>\n\u2022 Del 1 al 30 de junio 2026.<br \/>\n\u2022 Del 1 al 30 de julio 2026.<br \/>\n\u2022 Del 1 al 30 de septiembre 2026.<br \/>\n\u2022 Del 1 al 30 de octubre 2026.<br \/>\n\u2022 Del 2 al 30 de noviembre 2026.<br \/>\n\u2022 Del 1 al 31 de diciembre 2026.<br \/>\n<\/strong><\/span><\/p>\n<hr \/>\n<p>El c\u00e1ncer supera a la enfermedad cardiovascular como principal causa de mortalidad en pa\u00edses con ingresos altos llegando a duplicar la cifra de los no desarrollados&#8230;(<a href=\"#tab-description\">Ver m\u00e1s informaci\u00f3n<\/a>)<\/p>\n","protected":false},"featured_media":24334,"comment_status":"open","ping_status":"closed","template":"","meta":{"_joinchat":[]},"product_brand":[],"product_cat":[223,617,82,184,98,180,203,204,206,224,187,188],"product_tag":[315,724,219,328,327],"class_list":{"0":"post-10667","1":"product","2":"type-product","3":"status-publish","4":"has-post-thumbnail","6":"product_cat-black-friday","7":"product_cat-imagenes-profesores","8":"product_cat-naturopatia","9":"product_cat-alimentacion-saludable","10":"product_cat-cursos","11":"product_cat-online","12":"product_cat-online-junio","13":"product_cat-online-julio","14":"product_cat-online-septiembre","15":"product_cat-online-octubre","16":"product_cat-online-noviembre","17":"product_cat-online-diciembre","18":"product_tag-alimentacion-saludable","19":"product_tag-apoyo-oncologico","20":"product_tag-enric-ser","21":"product_tag-nutricion","22":"product_tag-suplementacion","23":"pa_ediciones-edicion-diciembre","24":"pa_ediciones-edicion-enero","25":"pa_ediciones-edicion-febrero","26":"pa_ediciones-edicion-marzo","27":"pa_ediciones-edicion-abril","28":"pa_ediciones-edicion-mayo","29":"pa_ediciones-edicion-junio","30":"pa_ediciones-edicion-julio","31":"pa_ediciones-edicion-agosto","32":"pa_ediciones-edicion-septiembre","33":"pa_ediciones-edicion-octubre","34":"pa_ediciones-edicion-noviembre","36":"first","37":"instock","38":"purchasable","39":"product-type-variable"},"_links":{"self":[{"href":"https:\/\/tienda.ismet.es\/index.php\/wp-json\/wp\/v2\/product\/10667","targetHints":{"allow":["GET"]}}],"collection":[{"href":"https:\/\/tienda.ismet.es\/index.php\/wp-json\/wp\/v2\/product"}],"about":[{"href":"https:\/\/tienda.ismet.es\/index.php\/wp-json\/wp\/v2\/types\/product"}],"replies":[{"embeddable":true,"href":"https:\/\/tienda.ismet.es\/index.php\/wp-json\/wp\/v2\/comments?post=10667"}],"wp:featuredmedia":[{"embeddable":true,"href":"https:\/\/tienda.ismet.es\/index.php\/wp-json\/wp\/v2\/media\/24334"}],"wp:attachment":[{"href":"https:\/\/tienda.ismet.es\/index.php\/wp-json\/wp\/v2\/media?parent=10667"}],"wp:term":[{"taxonomy":"product_brand","embeddable":true,"href":"https:\/\/tienda.ismet.es\/index.php\/wp-json\/wp\/v2\/product_brand?post=10667"},{"taxonomy":"product_cat","embeddable":true,"href":"https:\/\/tienda.ismet.es\/index.php\/wp-json\/wp\/v2\/product_cat?post=10667"},{"taxonomy":"product_tag","embeddable":true,"href":"https:\/\/tienda.ismet.es\/index.php\/wp-json\/wp\/v2\/product_tag?post=10667"}],"curies":[{"name":"wp","href":"https:\/\/api.w.org\/{rel}","templated":true}]}}