{"id":756,"date":"2017-08-11T02:21:23","date_gmt":"2017-08-11T02:21:23","guid":{"rendered":"http:\/\/quinto.kutethemes.net\/?page_id=756"},"modified":"2019-12-18T13:46:46","modified_gmt":"2019-12-18T11:46:46","slug":"aviso-legal","status":"publish","type":"page","link":"https:\/\/tienda.ismet.es\/index.php\/aviso-legal\/","title":{"rendered":"Texto legal"},"content":{"rendered":"[vc_row][vc_column vc_custom_design_options_reponsive=&#8221;%5B%7B%22screen%22%3A%221366%22%7D%5D&#8221; vc_column_reponsive=&#8221;%5B%7B%22screen%22%3A%221366%22%2C%22unit%22%3A%22%25%22%7D%5D&#8221; css=&#8221;.vc_custom_1503474398506{margin-top: 15px !important;}&#8221; responsive_js_composer_custom_id=&#8221;6b796388-598d6f4664aff&#8221;][vc_raw_html vc_custom_design_options_reponsive=&#8221;%5B%7B%22screen%22%3A%221366%22%2C%22background_image_none%22%3A%22yes%22%7D%5D&#8221; responsive_js_composer_custom_id=&#8221;responsive_js_composer_custom_css_211366765&#8243;]JTNDaDQlMjBjbGFzcyUzRCUyMnRpdGxlLXByb2R1Y3QlMjIlM0VUZXh0byUyMGxlZ2FsJTIweSUyMHByaXZhY2lkYWQlM0MlMkZoNCUzRSUwQQ==[\/vc_raw_html][vc_column_text]Esta p\u00e1gina Web es propiedad de ISMET INSTITUT, S.L. con NIF n\u00ba B59945329 y domicilio en FLORIDABLANCA, 18-20 08015 Barcelona ( BARCELONA ) e Inscrita en el Registro Mercantil de Barcelona en el Tomo 21989 Folio 34 Hoja B30582 Inscripci\u00f3n 2\u00aa (o, alternativamente, registro especial o n\u00famero de autorizaci\u00f3n)<br \/>\nPara cualquier consulta o propuesta, cont\u00e1ctenos en el e-mail: info@ismet.es<br \/>\nEsta p\u00e1gina Web se rige por la normativa exclusivamente aplicable en Espa\u00f1a, quedando sometida a ella, tanto nacionales como extranjeros que utilicen esta Web.<br \/>\nEl acceso a nuestra p\u00e1gina Web por parte del USUARIO es gratuito y est\u00e1 condicionado a la previa lectura y aceptaci\u00f3n integra, expresa y sin reservas de las presentes CONDICIONES GENERALES DE USO vigentes en el momento del acceso, que rogamos lea detenidamente. El USUARIO en el momento que utiliza nuestro portal, sus contenidos o servicios, acepta y se somete expresamente a las condiciones generales de uso del mismo. Si el usuario no estuviere de acuerdo con las presentes condiciones de uso, deber\u00e1 abstenerse de utilizar este portal y operar por medio del mismo.<br \/>\nEn cualquier momento podremos modificar la presentaci\u00f3n y configuraci\u00f3n de nuestra Web, ampliar o reducir servicios, e incluso suprimirla de la Red, as\u00ed como los servicios y contenidos prestados, todo ello de forma unilateral y sin previo aviso.[\/vc_column_text][vc_text_separator title=&#8221;Propiedad intelectual&#8221; i_icon_fontawesome=&#8221;fa fa-angle-double-right&#8221; i_color=&#8221;mulled_wine&#8221; title_align=&#8221;separator_align_left&#8221; align=&#8221;align_left&#8221; color=&#8221;white&#8221; border_width=&#8221;5&#8243; el_width=&#8221;70&#8243; add_icon=&#8221;true&#8221; css=&#8221;.vc_custom_1576667018624{margin-top: 20px !important;margin-bottom: 20px !important;}&#8221;][vc_column_text]Todos los contenidos, textos, im\u00e1genes, marcas y c\u00f3digos fuente son de nuestra propiedad o de terceros a los que se han adquirido sus derechos de explotaci\u00f3n, y est\u00e1n protegidos por los derechos de Propiedad Intelectual e Industrial.<br \/>\nEl usuario \u00fanicamente tiene derecho a un uso privado de los mismos, sin \u00e1nimo de lucro, y necesita autorizaci\u00f3n expresa para modificarlos, reproducirlos, explotarlos, distribuirlos o ejercer cualquier derecho perteneciente a su titular.[\/vc_column_text][vc_text_separator title=&#8221;Condiciones de acceso&#8221; i_icon_fontawesome=&#8221;fa fa-angle-double-right&#8221; i_color=&#8221;mulled_wine&#8221; title_align=&#8221;separator_align_left&#8221; align=&#8221;align_left&#8221; color=&#8221;white&#8221; border_width=&#8221;5&#8243; el_width=&#8221;70&#8243; add_icon=&#8221;true&#8221; css=&#8221;.vc_custom_1576667047760{margin-top: 20px !important;margin-bottom: 20px !important;}&#8221;][vc_column_text]El acceso a nuestra p\u00e1gina Web es gratuito y no exige previa suscripci\u00f3n o registro.<br \/>\nEl env\u00edo de datos personales implica la aceptaci\u00f3n expresa por parte del USUARIO de nuestra pol\u00edtica de privacidad.<br \/>\nEl usuario debe acceder a nuestra p\u00e1gina Web conforme a la buena fe, las normas de orden p\u00fablico y a las presentes Condiciones Generales de uso. El acceso a nuestro sitio Web se realiza bajo la propia y exclusiva responsabilidad del usuario, que responder\u00e1 en todo caso de los da\u00f1os y perjuicios que pueda causar a terceros o a nosotros mismos.<br \/>\nTeniendo en cuenta la imposibilidad de control respecto a la informaci\u00f3n, contenidos y servicios que contengan otras p\u00e1ginas web a los que se pueda acceder a trav\u00e9s de los enlaces que nuestra p\u00e1gina web pueda poner a su disposici\u00f3n, le comunicamos que quedamos eximidos de cualquier responsabilidad por los da\u00f1os y perjuicios de toda clase que pudiesen derivar por la utilizaci\u00f3n de esas p\u00e1ginas web, ajenas a nuestra empresa, por parte del usuario.[\/vc_column_text][vc_text_separator title=&#8221;Pol\u00edtica de privacidad&#8221; i_icon_fontawesome=&#8221;fa fa-angle-double-right&#8221; i_color=&#8221;mulled_wine&#8221; title_align=&#8221;separator_align_left&#8221; align=&#8221;align_left&#8221; color=&#8221;white&#8221; border_width=&#8221;5&#8243; el_width=&#8221;70&#8243; add_icon=&#8221;true&#8221; css=&#8221;.vc_custom_1576667487069{margin-top: 20px !important;margin-bottom: 20px !important;}&#8221;][vc_column_text]\n<p class=\"curso\">La confidencialidad y la seguridad son valores primordiales de ISMET INSTITUT, S.L. y, en consecuencia, asumimos el compromiso de garantizar la privacidad del Usuario en todo momento y de no recabar informaci\u00f3n innecesaria. A continuaci\u00f3n, le proporcionamos toda la informaci\u00f3n necesaria sobre nuestra Pol\u00edtica de Privacidad en relaci\u00f3n con los datos personales que recabamos, explic\u00e1ndole:<\/p>\n<ul class=\"cursos\">\n<li>Qui\u00e9n es el responsable del tratamiento de sus datos.<\/li>\n<li>Para qu\u00e9 finalidades recabamos los datos que le solicitamos.<\/li>\n<li>Cu\u00e1l es la legitimaci\u00f3n para su tratamiento.<\/li>\n<li>Durante cu\u00e1nto tiempo los conservamos.<\/li>\n<li>A qu\u00e9 destinatarios se comunican sus datos.<\/li>\n<li>Cu\u00e1les son sus derechos y c\u00f3mo ejercerlos.<\/li>\n<\/ul>\n[\/vc_column_text][vc_empty_space height=&#8221;15px&#8221;][vc_separator color=&#8221;mulled_wine&#8221; el_width=&#8221;80&#8243;][vc_empty_space height=&#8221;15px&#8221;][vc_column_text]<strong>RESPONSABLE:<\/strong>\u00a0ver datos en el encabezamiento.<\/p>\n<p><strong>FINALIDADES, LEGITIMACI\u00d3N Y CONSERVACI\u00d3N<\/strong>\u00a0de los tratamientos de los datos enviados a trav\u00e9s de:<\/p>\n<ul class=\"cursos\">\n<li>Formulario de Contacto \/ <u>Finalidad:<\/u>\u00a0Facilitarle un medio para que pueda ponerse en contacto con nosotros y contestar a sus solicitudes de informaci\u00f3n, as\u00ed como enviarle comunicaciones de nuestros productos, servicios y actividades, inclusive por medios electr\u00f3nicos (correo electr\u00f3nico, SMS, etc.), si marca la casilla de aceptaci\u00f3n.<br \/>\n<u>Legitimaci\u00f3n:<\/u>\u00a0El consentimiento del usuario al solicitarnos informaci\u00f3n a trav\u00e9s de nuestro formulario de contactos y al marcar la casilla de aceptaci\u00f3n de env\u00edo de informaci\u00f3n.<br \/>\n<u>Conservaci\u00f3n:<\/u>\u00a0Una vez resuelta su solicitud por medio de nuestro formulario o contestada por correo electr\u00f3nico, si no ha generado un nuevo tratamiento, y en caso de haber aceptado recibir env\u00edos comerciales, hasta que solicite la baja de los mismos.<\/li>\n<li>Env\u00edo de correos electr\u00f3nicos \/ <u>Finalidad:<\/u>\u00a0Contestar a sus solicitudes de informaci\u00f3n, atender sus peticiones y responder sus consultas o dudas. En caso de recibir su Curr\u00edculum Vitae, sus datos personales y curriculares podr\u00e1n formar parte de nuestras bases de datos para participar en nuestros procesos de selecci\u00f3n presentes y futuros.<br \/>\n<u>Legitimaci\u00f3n:<\/u>\u00a0El consentimiento del usuario al solicitarnos informaci\u00f3n a trav\u00e9s de la direcci\u00f3n de correo electr\u00f3nico o enviarnos sus datos y CV para participar en nuestros procesos de selecci\u00f3n.<br \/>\n<u>Conservaci\u00f3n:<\/u>\u00a0Una vez resulta contestada su petici\u00f3n por correo electr\u00f3nico, si no ha generado un nuevo tratamiento. En el caso de recibir su CV, sus datos podr\u00e1n ser conservados durante un a\u00f1o m\u00e1ximo para futuros procesos de selecci\u00f3n.<br \/>\nObligaci\u00f3n de facilitarnos sus datos personales y consecuencias de no hacerlo.<br \/>\nEl suministro de datos personales requiere una edad m\u00ednima de 14 a\u00f1os o, en su caso, la edad m\u00ednima que establezca la normativa de protecci\u00f3n de datos aplicable y\/o disponer de capacidad jur\u00eddica suficiente para contratar.<br \/>\nLos datos personales solicitados son necesarios para gestionar sus solicitudes, darle de alta como usuario y\/o prestarle los servicios que pueda contratar, por lo que, si no nos los facilita, no podremos atenderle correctamente ni prestarle el servicio que ha solicitado.<br \/>\nEn todo caso, nos reservamos el derecho de decidir sobre la incorporaci\u00f3n o no de sus datos personales y dem\u00e1s informaci\u00f3n a nuestras bases de datos.<\/li>\n<\/ul>\n[\/vc_column_text][vc_empty_space height=&#8221;10px&#8221;][vc_column_text]<strong>DESTINATARIOS DE SUS DATOS.<\/strong>\u00a0Sus datos son confidenciales y no se ceder\u00e1n a terceros, salvo que exista obligaci\u00f3n legal.<\/p>\n<p><strong>COOKIES<\/strong>: Esta p\u00e1gina Web puede utilizar cookies pero que en ning\u00fan caso tratan datos de car\u00e1cter personal, captan h\u00e1bitos de navegaci\u00f3n del usuario ni son utilizadas con fines publicitarios, y que por lo tanto quedan exceptuadas del cumplimiento de las obligaciones establecidas en el art\u00edculo 22 de la Ley de Servicios de la Sociedad de la Informaci\u00f3n. No obstante, el usuario consiente el uso de las cookies que nos permitan la comunicaci\u00f3n entre el equipo del usuario y la red, prestar un servicio expresamente solicitado por el usuario, la autenticaci\u00f3n o identificaci\u00f3n de usuario (\u00fanicamente de sesi\u00f3n), dar seguridad al usuario, sesiones de reproductor multimedia, sesiones para equilibrar la carga, la personalizaci\u00f3n de la interfaz de usuario y de complementos (plug-in) e intercambiar contenidos sociales. De todas formas, el usuario si lo desea puede desactivar y\/o eliminar estas cookies siguiendo las instrucciones de su navegador de Internet.<\/p>\n<p><strong>DERECHOS EN RELACI\u00d3N CON SUS DATOS PERSONALES.<\/strong>Cualquier persona puede retirar su consentimiento en cualquier momento, cuando el mismo se haya otorgado para el tratamiento de sus datos. En ning\u00fan caso, la retirada de este consentimiento condiciona la ejecuci\u00f3n del contrato de suscripci\u00f3n o las relaciones generadas con anterioridad.<\/p>\n<p class=\"curso\">Igualmente, puede ejercer los siguientes derechos:<\/p>\n<ol>\n<li style=\"list-style-type: none;\">\n<ol>\n<li style=\"list-style-type: none;\">\n<ul class=\"cursos\">\n<li>Solicitar el acceso a sus datos personales o su rectificaci\u00f3n cuando sean inexactos.<\/li>\n<li>Solicitar su supresi\u00f3n cuando, entre otros motivos, los datos ya no sean necesarios para los fines para los que fueron recogidos.<\/li>\n<li>Solicitar la limitaci\u00f3n de su tratamiento en determinadas circunstancias.<\/li>\n<li>Solicitar la oposici\u00f3n al tratamiento de sus datos por motivos relacionados con su situaci\u00f3n particular.<\/li>\n<li>Solicitar la portabilidad de los datos en los casos previstos en la normativa.<\/li>\n<li>Otros derechos reconocidos en las normativas aplicables.<\/li>\n<li>D\u00f3nde y c\u00f3mo solicitar sus Derechos: Mediante un escrito dirigido al responsable a su direcci\u00f3n postal o electr\u00f3nica (indicadas en el apartado A), indicando la referencia \u201cDatos Personales\u201d, especificando el derecho que se quiere ejercer y respecto a qu\u00e9 datos personales.<\/li>\n<\/ul>\n<\/li>\n<\/ol>\n<\/li>\n<\/ol>\n<p class=\"curso\">En caso de divergencias con la empresa en relaci\u00f3n con el tratamiento de sus datos, puede presentar una reclamaci\u00f3n ante la Agencia de Protecci\u00f3n de Datos (<a href=\"http:\/\/www.agpd.es\">www.agpd.es<\/a>).<\/p>\n<p><strong>SEGURIDAD DE SUS DATOS PERSONALES<\/strong><br \/>\nCon el objetivo de salvaguardar la seguridad de sus datos personales, le informamos que hemos adoptado todas las medidas de \u00edndole t\u00e9cnica y organizativa necesarias para garantizar la seguridad de los datos personales suministrados de su alteraci\u00f3n, p\u00e9rdida y tratamientos o accesos no autorizados.<\/p>\n<p><strong>ACTUALIZACI\u00d3N DE SUS DATOS<\/strong><br \/>\nEs importante que para que podamos mantener sus datos personales actualizados, nos informe siempre que haya habido alguna modificaci\u00f3n en ellos, en caso contrario, no respondemos de la veracidad de los mismos.<br \/>\nNo nos hacemos responsables de la pol\u00edtica de privacidad respecto a los datos personales que pueda facilitar a terceros por medio de los enlaces disponibles en nuestra p\u00e1gina web.<br \/>\nLa presente Pol\u00edtica de Privacidad ha sido modificada en 2017 y puede ser modificada para adaptarlas a los cambios que se produzca en nuestra web, as\u00ed como modificaciones legislativas o jurisprudenciales sobre datos personales que vayan apareciendo, por lo que exige su lectura, cada vez que nos facilite sus datos a trav\u00e9s de esta Web.<\/p>\n[\/vc_column_text][vc_text_separator title=&#8221;Responsabilidades&#8221; i_icon_fontawesome=&#8221;fa fa-angle-double-right&#8221; i_color=&#8221;mulled_wine&#8221; title_align=&#8221;separator_align_left&#8221; align=&#8221;align_left&#8221; color=&#8221;white&#8221; border_width=&#8221;5&#8243; el_width=&#8221;70&#8243; add_icon=&#8221;true&#8221; css=&#8221;.vc_custom_1576668953867{margin-top: 20px !important;margin-bottom: 20px !important;}&#8221;][vc_column_text]\n<p class=\"curso\">Al poner a disposici\u00f3n del usuario esta p\u00e1gina Web queremos ofrecerle un servicio de calidad, utilizando la m\u00e1xima diligencia en la prestaci\u00f3n del mismo, as\u00ed como en los medios tecnol\u00f3gicos utilizados. No obstante, no responderemos de la presencia de virus y otros elementos que de alg\u00fan modo puedan da\u00f1ar el sistema inform\u00e1tico del usuario.<br \/>\nNo garantizamos que la disponibilidad del servicio sea continua e ininterrumpida.<\/p>\n<p class=\"curso\">El USUARIO tiene prohibido cualquier tipo de acci\u00f3n sobre nuestro portal que origine una excesiva sobrecarga de funcionamiento a nuestros sistemas inform\u00e1ticos, as\u00ed como la introducci\u00f3n de virus, o instalaci\u00f3n de robots, o software que altere el normal funcionamiento de nuestra web, o en definitiva pueda causar da\u00f1os a nuestros sistemas inform\u00e1ticos.<\/p>\n<p class=\"curso\">El USUARIO asume toda la responsabilidad derivada del uso de nuestra p\u00e1gina web.<\/p>\n<p class=\"curso\">El USUARIO reconoce que ha entendido toda la informaci\u00f3n respecto a las condiciones de uso de nuestro portal, y reconoce que son suficientes para la exclusi\u00f3n del error en las mismas, y por lo tanto, las acepta integra y expresamente.<\/p>\n[\/vc_column_text][\/vc_column][\/vc_row]\n","protected":false},"excerpt":{"rendered":"<p>[vc_row][vc_column vc_custom_design_options_reponsive=&#8221;%5B%7B%22screen%22%3A%221366%22%7D%5D&#8221; vc_column_reponsive=&#8221;%5B%7B%22screen%22%3A%221366%22%2C%22unit%22%3A%22%25%22%7D%5D&#8221; css=&#8221;.vc_custom_1503474398506{margin-top: 15px !important;}&#8221; responsive_js_composer_custom_id=&#8221;6b796388-598d6f4664aff&#8221;][vc_raw_html vc_custom_design_options_reponsive=&#8221;%5B%7B%22screen%22%3A%221366%22%2C%22background_image_none%22%3A%22yes%22%7D%5D&#8221; responsive_js_composer_custom_id=&#8221;responsive_js_composer_custom_css_211366765&#8243;]JTNDaDQlMjBjbGFzcyUzRCUyMnRpdGxlLXByb2R1Y3QlMjIlM0VUZXh0byUyMGxlZ2FsJTIweSUyMHByaXZhY2lkYWQlM0MlMkZoNCUzRSUwQQ==[\/vc_raw_html][vc_column_text]Esta p\u00e1gina Web es propiedad de ISMET INSTITUT, S.L. con NIF n\u00ba B59945329 y domicilio en FLORIDABLANCA, 18-20 08015 Barcelona ( BARCELONA ) e Inscrita en el Registro Mercantil de Barcelona en<\/p>\n","protected":false},"author":1,"featured_media":0,"parent":0,"menu_order":0,"comment_status":"closed","ping_status":"closed","template":"","meta":{"_joinchat":[],"footnotes":""},"class_list":["post-756","page","type-page","status-publish","hentry"],"_links":{"self":[{"href":"https:\/\/tienda.ismet.es\/index.php\/wp-json\/wp\/v2\/pages\/756","targetHints":{"allow":["GET"]}}],"collection":[{"href":"https:\/\/tienda.ismet.es\/index.php\/wp-json\/wp\/v2\/pages"}],"about":[{"href":"https:\/\/tienda.ismet.es\/index.php\/wp-json\/wp\/v2\/types\/page"}],"author":[{"embeddable":true,"href":"https:\/\/tienda.ismet.es\/index.php\/wp-json\/wp\/v2\/users\/1"}],"replies":[{"embeddable":true,"href":"https:\/\/tienda.ismet.es\/index.php\/wp-json\/wp\/v2\/comments?post=756"}],"version-history":[{"count":34,"href":"https:\/\/tienda.ismet.es\/index.php\/wp-json\/wp\/v2\/pages\/756\/revisions"}],"predecessor-version":[{"id":3896,"href":"https:\/\/tienda.ismet.es\/index.php\/wp-json\/wp\/v2\/pages\/756\/revisions\/3896"}],"wp:attachment":[{"href":"https:\/\/tienda.ismet.es\/index.php\/wp-json\/wp\/v2\/media?parent=756"}],"curies":[{"name":"wp","href":"https:\/\/api.w.org\/{rel}","templated":true}]}}